{"id":2471,"date":"2024-04-19T14:01:15","date_gmt":"2024-04-19T14:01:15","guid":{"rendered":"https:\/\/pro-con.hu\/?post_type=product&#038;p=2471"},"modified":"2025-01-23T10:10:51","modified_gmt":"2025-01-23T08:10:51","slug":"pro-con-spa-20-kontener-szauna","status":"publish","type":"product","link":"https:\/\/pro-con.hu\/sr\/\u043f\u0440\u043e\u0438\u0437\u0432\u043e\u0434\/pro-con-spa-20-kontener-szauna\/","title":{"rendered":"PRO-CON SPA 20&#8242; kont\u00e9ner szauna"},"content":{"rendered":"<h2 data-sourcepos=\"1:1-1:64\">PRO-CON SPA 20&#8242; Kont\u00e9ner szauna<\/h2>\n<h3 data-sourcepos=\"1:1-1:77\">\u00c9lvezze a szaun\u00e1z\u00e1s \u00f6r\u00f6m\u00e9t b\u00e1rmikor a PRO-CON kont\u00e9ner szaun\u00e1j\u00e1val!<\/h3>\n<p data-sourcepos=\"3:1-3:51\"><strong>Bemutatjuk a t\u00f6k\u00e9letes megold\u00e1st azoknak, akik:<\/strong><\/p>\n<ul data-sourcepos=\"5:1-9:0\">\n<li data-sourcepos=\"5:1-5:78\">Szeretn\u00e9nek szaun\u00e1zni a kertj\u00fckben, de nem akarnak fix \u00e9p\u00edtm\u00e9nyt telep\u00edteni, vagy a z\u00f6ldter\u00fcleti ar\u00e1ny miatt nem is tudn\u00e1nak<\/li>\n<li data-sourcepos=\"7:1-7:63\">Olyan szaun\u00e1t keresnek, ami gyorsan \u00e9s egyszer\u0171en telep\u00edthet\u0151<\/li>\n<li data-sourcepos=\"8:1-9:0\">Egyedi \u00e9s st\u00edlusos szaun\u00e1t k\u00e9pzelnek el kertj\u00fckben<\/li>\n<\/ul>\n<h3 data-sourcepos=\"10:1-10:30\"><strong>A PRO-CON kont\u00e9ner szaun\u00e1i:<\/strong><\/h3>\n<ul data-sourcepos=\"12:1-17:0\">\n<li data-sourcepos=\"12:1-12:137\"><strong>Tart\u00f3sak \u00e9s id\u0151j\u00e1r\u00e1s\u00e1ll\u00f3ak:<\/strong>\u00a0A szaun\u00e1k kiv\u00e1l\u00f3 min\u0151s\u00e9g\u0171 anyagokb\u00f3l k\u00e9sz\u00fclnek, \u00e9s ellen\u00e1llnak a sz\u00e9ls\u0151s\u00e9ges id\u0151j\u00e1r\u00e1si viszonyoknak is.<\/li>\n<li data-sourcepos=\"13:1-13:97\"><strong>Gyorsan telep\u00edthet\u0151k:<\/strong>\u00a0A szaun\u00e1k telep\u00edt\u00e9se mind\u00f6ssze n\u00e9h\u00e1ny napot vesz ig\u00e9nybe.<\/li>\n<li data-sourcepos=\"15:1-15:106\"><strong>Energiatakar\u00e9kosak:<\/strong>\u00a0A szaun\u00e1k kiv\u00e1l\u00f3 szigetel\u00e9ssel rendelkeznek, \u00edgy kevesebb energi\u00e1t fogyasztanak.<\/li>\n<li data-sourcepos=\"16:1-17:0\"><strong>Egyedileg tervezhet\u0151k:<\/strong>\u00a0A szaun\u00e1kat az \u00d6n egy\u00e9ni ig\u00e9nyei szerint alak\u00edtjuk ki.<\/li>\n<\/ul>\n<h3 data-sourcepos=\"18:1-18:50\"><strong>V\u00e1lasszon a PRO-CON kont\u00e9ner szaun\u00e1i k\u00f6z\u00fcl \u00e9s:<\/strong><\/h3>\n<ul data-sourcepos=\"20:1-23:0\">\n<li data-sourcepos=\"20:1-20:147\"><strong>\u00c9lvezze a szaun\u00e1z\u00e1s sz\u00e1mos eg\u00e9szs\u00e9g\u00fcgyi el\u0151ny\u00e9t:<\/strong>\u00a0A szaun\u00e1z\u00e1s jav\u00edtja a kering\u00e9st, er\u0151s\u00edti az immunrendszert, \u00e9s seg\u00edt a stressz lek\u00fczd\u00e9s\u00e9ben.<\/li>\n<li data-sourcepos=\"21:1-21:129\"><strong>Laz\u00edtson \u00e9s pihenjen egy f\u00e1raszt\u00f3 nap ut\u00e1n:<\/strong>\u00a0A szaun\u00e1z\u00e1s remek m\u00f3dja annak, hogy elengedje a fesz\u00fclts\u00e9get \u00e9s kikapcsol\u00f3djon.<\/li>\n<li data-sourcepos=\"22:1-23:0\"><strong>T\u00f6lts\u00f6n min\u0151s\u00e9gi id\u0151t a csal\u00e1dj\u00e1val \u00e9s bar\u00e1taival:<\/strong>\u00a0A szaun\u00e1z\u00e1s nagyszer\u0171 m\u00f3dja annak, hogy \u00f6sszehozza a szeretteit.<\/li>\n<\/ul>\n<p>Inspir\u00e1ci\u00f3s vide\u00f3:<\/p>\n<p><iframe title=\"MLG LUX Mobile Spa Container\" width=\"800\" height=\"450\" src=\"https:\/\/www.youtube.com\/embed\/Yg9P_KN7F_0?feature=oembed&#038;enablejsapi=1&#038;origin=https:\/\/pro-con.hu\" frameborder=\"0\" allow=\"accelerometer; autoplay; clipboard-write; encrypted-media; gyroscope; picture-in-picture; web-share\" referrerpolicy=\"strict-origin-when-cross-origin\" allowfullscreen><\/iframe><\/p>\n<p data-sourcepos=\"24:1-24:39\"><strong>K\u00e9rjen ingyenes \u00e1raj\u00e1nlatot m\u00e9g ma \u00e9s r<\/strong><strong>endelje meg a PRO-CON kont\u00e9ner <\/strong><strong>szaun\u00e1j\u00e1t!<\/strong><\/p>","protected":false},"excerpt":{"rendered":"<p>Kont\u00e9ner szauna egys\u00e9g a PRO-CON kont\u00e9ner m\u0171helyb\u0151l. Kis m\u00e9rete ellen\u00e9re helyet kapott benne minden, amire egy pr\u00e9mium wellness \u00e9lm\u00e9nyhez sz\u00fcks\u00e9g lehet.<\/p>","protected":false},"featured_media":2472,"template":"","meta":{"_acf_changed":false},"product_brand":[],"product_cat":[28],"product_tag":[],"class_list":{"0":"post-2471","1":"product","2":"type-product","3":"status-publish","4":"has-post-thumbnail","6":"product_cat-kontener-epitmenyek","8":"first","9":"instock","10":"shipping-taxable","11":"product-type-simple"},"acf":[],"_links":{"self":[{"href":"https:\/\/pro-con.hu\/sr\/wp-json\/wp\/v2\/product\/2471","targetHints":{"allow":["GET"]}}],"collection":[{"href":"https:\/\/pro-con.hu\/sr\/wp-json\/wp\/v2\/product"}],"about":[{"href":"https:\/\/pro-con.hu\/sr\/wp-json\/wp\/v2\/types\/product"}],"version-history":[{"count":10,"href":"https:\/\/pro-con.hu\/sr\/wp-json\/wp\/v2\/product\/2471\/revisions"}],"predecessor-version":[{"id":2480,"href":"https:\/\/pro-con.hu\/sr\/wp-json\/wp\/v2\/product\/2471\/revisions\/2480"}],"wp:featuredmedia":[{"embeddable":true,"href":"https:\/\/pro-con.hu\/sr\/wp-json\/wp\/v2\/media\/2472"}],"wp:attachment":[{"href":"https:\/\/pro-con.hu\/sr\/wp-json\/wp\/v2\/media?parent=2471"}],"wp:term":[{"taxonomy":"product_brand","embeddable":true,"href":"https:\/\/pro-con.hu\/sr\/wp-json\/wp\/v2\/product_brand?post=2471"},{"taxonomy":"product_cat","embeddable":true,"href":"https:\/\/pro-con.hu\/sr\/wp-json\/wp\/v2\/product_cat?post=2471"},{"taxonomy":"product_tag","embeddable":true,"href":"https:\/\/pro-con.hu\/sr\/wp-json\/wp\/v2\/product_tag?post=2471"}],"curies":[{"name":"wp","href":"https:\/\/api.w.org\/{rel}","templated":true}]}}