{"id":886,"date":"2024-03-22T08:04:19","date_gmt":"2024-03-22T08:04:19","guid":{"rendered":"https:\/\/pro-con.hu\/?post_type=product&#038;p=886"},"modified":"2024-09-02T15:08:23","modified_gmt":"2024-09-02T13:08:23","slug":"pro-con-camp-20-kempinghaz","status":"publish","type":"product","link":"https:\/\/pro-con.hu\/sl\/izdelek\/pro-con-camp-20-kempinghaz\/","title":{"rendered":"PRO-CON CAMP 20\u2032 hi\u0161ica za kampiranje"},"content":{"rendered":"<h2>PRO-CON CAMP 20\u2032 kamping hi\u0161a \/ majhna hi\u0161a<\/h2>\n<p><b>Odkrijte PRO-CON CAMP 20' Tiny House modulno hi\u0161o:<\/b><span style=\"font-weight: 400;\"> popolna nalo\u017eba v rasto\u010di segment trga kampov! Ta kompaktna, elegantna in udobna po\u010ditni\u0161ka hi\u0161a je idealna izbira za goste, ki se \u017eelijo sprostiti in pre\u017eiveti prosti \u010das v bli\u017eini narave.<\/span><\/p>\n<p><b>Zakaj izbrati PRO-CON CAMP 20' Tiny House?<\/b><\/p>\n<ul>\n<li style=\"font-weight: 400;\" aria-level=\"1\"><b>Odli\u010dna nalo\u017eba:<\/b><span style=\"font-weight: 400;\"> Trg po\u010ditni\u0161kih hi\u0161ic se hitro razvija in po\u010ditni\u0161ka hi\u0161ica PROCON CAMP 20' Tiny House Getaway je idealna izbira za vlagatelje, ki \u017eelijo izkoristiti nara\u0161\u010dajo\u010de povpra\u0161evanje.<\/span><\/li>\n<li style=\"font-weight: 400;\" aria-level=\"1\"><b>Enostavno upravljanje:<\/b><span style=\"font-weight: 400;\"> Po\u010ditni\u0161ka hi\u0161a zahteva minimalno vzdr\u017eevanje, zato vam ni treba skrbeti za stalen nadzor.<\/span><\/li>\n<li style=\"font-weight: 400;\" aria-level=\"1\"><b>Var\u010devanje s prostorom:<\/b><span style=\"font-weight: 400;\"> Po\u010ditni\u0161ka hi\u0161a je zaradi svoje kompaktne velikosti majhna, zato je idealna za manj\u0161e kampe.<\/span><\/li>\n<li style=\"font-weight: 400;\" aria-level=\"1\"><b>Udobno in elegantno:<\/b><span style=\"font-weight: 400;\"> Po\u010ditni\u0161ka hi\u0161a ima sodobno notranjost in zunanjost ter zagotavlja vse potrebno udobje za goste.<\/span><\/li>\n<li style=\"font-weight: 400;\" aria-level=\"1\"><b>Okolju prijazno:<\/b><span style=\"font-weight: 400;\"> Po\u010ditni\u0161ka hi\u0161a je izdelana iz energetsko u\u010dinkovitih in trajnostnih materialov, zato ima minimalen vpliv na okolje.<\/span><\/li>\n<\/ul>\n<p><b>Lastnosti miniaturne hi\u0161e PRO-CON CAMP 20':<\/b><\/p>\n<ul>\n<li style=\"font-weight: 400;\" aria-level=\"1\"><span style=\"font-weight: 400;\">Dol\u017eina 20 \u010devljev (6 metrov)<\/span><\/li>\n<li style=\"font-weight: 400;\" aria-level=\"1\"><span style=\"font-weight: 400;\">1 spalnica<\/span><\/li>\n<li style=\"font-weight: 400;\" aria-level=\"1\"><span style=\"font-weight: 400;\">1 kopalnica<\/span><\/li>\n<li style=\"font-weight: 400;\" aria-level=\"1\"><span style=\"font-weight: 400;\">Popolnoma opremljena kuhinja<\/span><\/li>\n<li style=\"font-weight: 400;\" aria-level=\"1\"><span style=\"font-weight: 400;\">Nappali<\/span><\/li>\n<li style=\"font-weight: 400;\" aria-level=\"1\"><span style=\"font-weight: 400;\">Terasa<\/span><\/li>\n<li style=\"font-weight: 400;\" aria-level=\"1\"><span style=\"font-weight: 400;\">Klimatska naprava<\/span><\/li>\n<li style=\"font-weight: 400;\" aria-level=\"1\"><span style=\"font-weight: 400;\">Elektri\u010dno ogrevanje<\/span><\/li>\n<li style=\"font-weight: 400;\" aria-level=\"1\"><span style=\"font-weight: 400;\">Sistem son\u010dnih panelov<\/span><\/li>\n<\/ul>\n<p><b>PRO-CON CAMP 20' Tiny House Getaway je odli\u010dna izbira:<\/b><\/p>\n<ul>\n<li style=\"font-weight: 400;\" aria-level=\"1\"><span style=\"font-weight: 400;\">Za kampe<\/span><\/li>\n<li style=\"font-weight: 400;\" aria-level=\"1\"><span style=\"font-weight: 400;\">Za vlagatelje<\/span><\/li>\n<li style=\"font-weight: 400;\" aria-level=\"1\"><span style=\"font-weight: 400;\">Za zasebnike, ki \u017eelijo voditi hi\u0161o za goste<\/span><\/li>\n<li style=\"font-weight: 400;\" aria-level=\"1\"><span style=\"font-weight: 400;\">Za tiste, ki se \u017eelijo sprostiti v bli\u017eini narave<\/span><\/li>\n<\/ul>\n<h4>Dimenzije<\/h4>\n<ul>\n<li>Zunanja \u0161irina: 3,00 m<\/li>\n<li>Zunanja dol\u017eina: 6,00 m<\/li>\n<li>Zunanja vi\u0161ina: 2,80 - 2,90 m<\/li>\n<\/ul>\n<h4>Strukturni parametri<\/h4>\n<ul>\n<li>Struktura okvirja:\n<ul>\n<li>varjeni stebri iz ogljikovega jekla 50 x 50 x 3 mm;<\/li>\n<li>nosilci 80 x 60 x 3 mm<\/li>\n<li>Poliuretansko slikarstvo, barva ral7016<\/li>\n<\/ul>\n<\/li>\n<li>Streha:\n<ul>\n<li>Naklon: - 3 %<\/li>\n<li>Material: 100 mm PP sendvi\u010d plo\u0161\u010da<\/li>\n<li>Izolacijska vrednost: (Uc) 0,39 W (m2 * K)<\/li>\n<li>Barva: RAL 9006\/9010<\/li>\n<\/ul>\n<\/li>\n<li>Nadstropje:\n<ul>\n<li>Sendvi\u010d plo\u0161\u010da 100 mm PP na varjenem osnovnem okvirju<\/li>\n<li>MFP plo\u0161\u010da 18 mm, obloga iz linoleja<\/li>\n<\/ul>\n<\/li>\n<li>Okna:\n<ul>\n<li>Aluminijasto fiksno 2 700 x 1 800 mm (RAL 7016\/7016) - 1 kos<\/li>\n<li>PVC BNY 200 x 600 mm (RAL 7016\/7016) - 1 kos<\/li>\n<li>PVC BNY 600 x 600 mm (RAL 7016\/7016) - 1 kos<\/li>\n<\/ul>\n<\/li>\n<li>Vrata:\n<ul>\n<li>Zunanja varnostna vrata 900 x 2 100 mm (RAL 7016) - 1 kos<\/li>\n<\/ul>\n<\/li>\n<\/ul>\n<p>Referen\u010dni videoposnetek:<\/p>\n<p><iframe title=\"Skrivali\u0161\u010de v gozdu - AlmasGlamp Zebeg\u00e9ny\" width=\"800\" height=\"450\" src=\"https:\/\/www.youtube.com\/embed\/r3BfrKc4ISY?start=104&#038;feature=oembed&#038;enablejsapi=1&#038;origin=https:\/\/pro-con.hu\" frameborder=\"0\" allow=\"accelerometer; autoplay; clipboard-write; encrypted-media; gyroscope; picture-in-picture; web-share\" referrerpolicy=\"strict-origin-when-cross-origin\" allowfullscreen><\/iframe><\/p>\n<p><b>Pridobite brezpla\u010dno ponudbo za va\u0161o majhno hi\u0161o PROCON CAMP 20' \u0161e danes!<\/b><\/p>\n<p><b>PRO-CON: Zanesljiv partner za prihodnje nalo\u017ebe.<\/b><\/p>\n<p>Oglejte si drugo velikost: <a href=\"https:\/\/pro-con.hu\/sl\/izdelek\/pro-con-camp-40-kemping-haz\/\">40\u2032 kamping lopa<\/a><\/p>","protected":false},"excerpt":{"rendered":"<p>Hi\u0161a v kampu, draguljarna prave velikosti. Kljub svoji majhnosti ponuja vrhunsko kakovostno namestitev za vse, kar potrebujete, na mirnem kraju, dale\u010d od hrupa sveta. Idealna za 2-3 osebe.<\/p>","protected":false},"featured_media":2001,"template":"","meta":{"_acf_changed":false},"product_brand":[],"product_cat":[28],"product_tag":[],"class_list":{"0":"post-886","1":"product","2":"type-product","3":"status-publish","4":"has-post-thumbnail","6":"product_cat-kontener-epitmenyek","8":"first","9":"instock","10":"shipping-taxable","11":"product-type-simple"},"acf":[],"_links":{"self":[{"href":"https:\/\/pro-con.hu\/sl\/wp-json\/wp\/v2\/product\/886","targetHints":{"allow":["GET"]}}],"collection":[{"href":"https:\/\/pro-con.hu\/sl\/wp-json\/wp\/v2\/product"}],"about":[{"href":"https:\/\/pro-con.hu\/sl\/wp-json\/wp\/v2\/types\/product"}],"version-history":[{"count":26,"href":"https:\/\/pro-con.hu\/sl\/wp-json\/wp\/v2\/product\/886\/revisions"}],"predecessor-version":[{"id":3289,"href":"https:\/\/pro-con.hu\/sl\/wp-json\/wp\/v2\/product\/886\/revisions\/3289"}],"wp:featuredmedia":[{"embeddable":true,"href":"https:\/\/pro-con.hu\/sl\/wp-json\/wp\/v2\/media\/2001"}],"wp:attachment":[{"href":"https:\/\/pro-con.hu\/sl\/wp-json\/wp\/v2\/media?parent=886"}],"wp:term":[{"taxonomy":"product_brand","embeddable":true,"href":"https:\/\/pro-con.hu\/sl\/wp-json\/wp\/v2\/product_brand?post=886"},{"taxonomy":"product_cat","embeddable":true,"href":"https:\/\/pro-con.hu\/sl\/wp-json\/wp\/v2\/product_cat?post=886"},{"taxonomy":"product_tag","embeddable":true,"href":"https:\/\/pro-con.hu\/sl\/wp-json\/wp\/v2\/product_tag?post=886"}],"curies":[{"name":"wp","href":"https:\/\/api.w.org\/{rel}","templated":true}]}}