{"id":2471,"date":"2024-04-19T14:01:15","date_gmt":"2024-04-19T14:01:15","guid":{"rendered":"https:\/\/pro-con.hu\/?post_type=product&#038;p=2471"},"modified":"2025-01-23T10:10:51","modified_gmt":"2025-01-23T08:10:51","slug":"pro-con-spa-20-kontener-szauna","status":"publish","type":"product","link":"https:\/\/pro-con.hu\/sl\/izdelek\/pro-con-spa-20-kontener-szauna\/","title":{"rendered":"PRO-CON SPA 20\u2032 kontejnerska savna"},"content":{"rendered":"<h2 data-sourcepos=\"1:1-1:64\">PRO-CON SPA 20\u2032 Kontejnerska savna<\/h2>\n<h3 data-sourcepos=\"1:1-1:77\">U\u017eivajte v savni kadarkoli s savno v posodi PRO-CON!<\/h3>\n<p data-sourcepos=\"3:1-3:51\"><strong>Predstavljamo odli\u010dno re\u0161itev za tiste, ki:<\/strong><\/p>\n<ul data-sourcepos=\"5:1-9:0\">\n<li data-sourcepos=\"5:1-5:78\">Na svojem vrtu bi radi imeli savno, vendar ne \u017eelijo namestiti fiksne konstrukcije ali pa je zaradi razmerja zelenih povr\u0161in ne bi mogli postaviti.<\/li>\n<li data-sourcepos=\"7:1-7:63\">I\u0161\u010dete savno, ki jo je mogo\u010de hitro in enostavno namestiti<\/li>\n<li data-sourcepos=\"8:1-9:0\">Na svojem vrtu si predstavljata edinstveno in elegantno savno.<\/li>\n<\/ul>\n<h3 data-sourcepos=\"10:1-10:30\"><strong>Savne iz zabojnika PRO-CON:<\/strong><\/h3>\n<ul data-sourcepos=\"12:1-17:0\">\n<li data-sourcepos=\"12:1-12:137\"><strong>So trpe\u017ene in odporne na vremenske vplive:<\/strong>\u00a0Savne so izdelane iz visokokakovostnih materialov in so odporne na ekstremne vremenske razmere.<\/li>\n<li data-sourcepos=\"13:1-13:97\"><strong>Hitro jih je mogo\u010de namestiti:<\/strong>\u00a0Postavitev savn traja le nekaj dni.<\/li>\n<li data-sourcepos=\"15:1-15:106\"><strong>So energetsko u\u010dinkoviti:<\/strong>\u00a0Savne imajo odli\u010dno izolacijo, zato porabijo manj energije.<\/li>\n<li data-sourcepos=\"16:1-17:0\"><strong>Lahko jih oblikujete po meri:<\/strong>\u00a0Savne so oblikovane glede na va\u0161e individualne potrebe.<\/li>\n<\/ul>\n<h3 data-sourcepos=\"18:1-18:50\"><strong>Izbirate lahko med savnami PRO-CON in:<\/strong><\/h3>\n<ul data-sourcepos=\"20:1-23:0\">\n<li data-sourcepos=\"20:1-20:147\"><strong>U\u017eivajte v \u0161tevilnih zdravju koristnih u\u010dinkih savnanja:<\/strong>\u00a0Kopanje v savni izbolj\u0161uje cirkulacijo, krepi imunski sistem in pomaga v boju proti stresu.<\/li>\n<li data-sourcepos=\"21:1-21:129\"><strong>Sprostite se in se sprostite po napornem dnevu:<\/strong>\u00a0Savna je odli\u010den na\u010din za sprostitev napetosti in sprostitev.<\/li>\n<li data-sourcepos=\"22:1-23:0\"><strong>Pre\u017eivite kakovosten \u010das z dru\u017eino in prijatelji:<\/strong>\u00a0Savnanje je odli\u010den na\u010din za dru\u017eenje z bli\u017enjimi.<\/li>\n<\/ul>\n<p>Navdihujo\u010di videoposnetek:<\/p>\n<p><iframe title=\"Mobilni zabojnik za zdravili\u0161\u010da MLG LUX\" width=\"800\" height=\"450\" src=\"https:\/\/www.youtube.com\/embed\/Yg9P_KN7F_0?feature=oembed&#038;enablejsapi=1&#038;origin=https:\/\/pro-con.hu\" frameborder=\"0\" allow=\"accelerometer; autoplay; clipboard-write; encrypted-media; gyroscope; picture-in-picture; web-share\" referrerpolicy=\"strict-origin-when-cross-origin\" allowfullscreen><\/iframe><\/p>\n<p data-sourcepos=\"24:1-24:39\"><strong>Pridobite brezpla\u010dno ponudbo \u0161e danes in kmalu pridobite ponudbo<\/strong><strong>kon\u010dajte zabojnik PRO-CON <\/strong><strong>va\u0161a savna!<\/strong><\/p>","protected":false},"excerpt":{"rendered":"<p>Kontejnerska savna iz delavnice za kontejnerje PRO-CON. Kljub majhnosti ima vse, kar potrebujete za vrhunsko wellness izku\u0161njo.<\/p>","protected":false},"featured_media":2472,"template":"","meta":{"_acf_changed":false},"product_brand":[],"product_cat":[28],"product_tag":[],"class_list":{"0":"post-2471","1":"product","2":"type-product","3":"status-publish","4":"has-post-thumbnail","6":"product_cat-kontener-epitmenyek","8":"first","9":"instock","10":"shipping-taxable","11":"product-type-simple"},"acf":[],"_links":{"self":[{"href":"https:\/\/pro-con.hu\/sl\/wp-json\/wp\/v2\/product\/2471","targetHints":{"allow":["GET"]}}],"collection":[{"href":"https:\/\/pro-con.hu\/sl\/wp-json\/wp\/v2\/product"}],"about":[{"href":"https:\/\/pro-con.hu\/sl\/wp-json\/wp\/v2\/types\/product"}],"version-history":[{"count":10,"href":"https:\/\/pro-con.hu\/sl\/wp-json\/wp\/v2\/product\/2471\/revisions"}],"predecessor-version":[{"id":2480,"href":"https:\/\/pro-con.hu\/sl\/wp-json\/wp\/v2\/product\/2471\/revisions\/2480"}],"wp:featuredmedia":[{"embeddable":true,"href":"https:\/\/pro-con.hu\/sl\/wp-json\/wp\/v2\/media\/2472"}],"wp:attachment":[{"href":"https:\/\/pro-con.hu\/sl\/wp-json\/wp\/v2\/media?parent=2471"}],"wp:term":[{"taxonomy":"product_brand","embeddable":true,"href":"https:\/\/pro-con.hu\/sl\/wp-json\/wp\/v2\/product_brand?post=2471"},{"taxonomy":"product_cat","embeddable":true,"href":"https:\/\/pro-con.hu\/sl\/wp-json\/wp\/v2\/product_cat?post=2471"},{"taxonomy":"product_tag","embeddable":true,"href":"https:\/\/pro-con.hu\/sl\/wp-json\/wp\/v2\/product_tag?post=2471"}],"curies":[{"name":"wp","href":"https:\/\/api.w.org\/{rel}","templated":true}]}}