{"id":2464,"date":"2024-04-19T13:48:31","date_gmt":"2024-04-19T13:48:31","guid":{"rendered":"https:\/\/pro-con.hu\/?post_type=product&#038;p=2464"},"modified":"2024-04-24T15:40:12","modified_gmt":"2024-04-24T13:40:12","slug":"pro-con-homeoffice-20-kontener-dolgozoszoba","status":"publish","type":"product","link":"https:\/\/pro-con.hu\/sl\/izdelek\/pro-con-homeoffice-20-kontener-dolgozoszoba\/","title":{"rendered":"PRO-CON HOMEOFFICE 20\u2032 \u0161tudija zabojnika"},"content":{"rendered":"<h2 data-sourcepos=\"1:1-1:64\">PROCON Container Home Office 20\u2032:<\/h2>\n<h3 data-sourcepos=\"1:1-1:64\">Popolna doma\u010da delovna postaja, delajte svobodno!<\/h3>\n<p data-sourcepos=\"3:1-3:118\"><strong>Predstavljajte si, da sedite v mirni, profesionalni pisarni na svojem vrtu in skozi okno sije sonce.<\/strong><\/p>\n<p data-sourcepos=\"5:1-5:223\">Pisarna PRO-CON Container Home Office je edinstveno zasnovano, sodobno in udobno delovno mesto za va\u0161 vrt. Za postavitev ni potrebno gradbeno dovoljenje, ne kazi zelene povr\u0161ine na gradbeni parceli in na gradnjo vam ni treba \u010dakati ve\u010d mesecev.<\/p>\n<h3 data-sourcepos=\"7:1-7:50\"><strong>Zakaj izbrati kontejnersko hi\u0161no pisarno PRO-CON?<\/strong><\/h3>\n<ul data-sourcepos=\"9:1-14:0\">\n<li data-sourcepos=\"9:1-9:111\"><strong>Hitra in enostavna namestitev:<\/strong> Zabojniki so dobavljeni v monta\u017eni obliki in jih je mogo\u010de postaviti v nekaj dneh.<\/li>\n<li data-sourcepos=\"10:1-10:117\"><strong>Stro\u0161kovna u\u010dinkovitost:<\/strong> Pisarne v zabojnikih imajo ni\u017eje stro\u0161ke na enoto kot obi\u010dajne stavbe in zahtevajo manj vzdr\u017eevanja.<\/li>\n<li data-sourcepos=\"11:1-11:151\"><strong>Trpe\u017een in prilagodljiv:<\/strong>\u00a0Kontejnerske pisarne so trpe\u017ene in odporne na vremenske vplive. Po potrebi jih je mogo\u010de preprosto raz\u0161iriti ali premestiti.<\/li>\n<li data-sourcepos=\"12:1-12:79\"><strong>Energetsko u\u010dinkovito:<\/strong> Pisarne v zabojnikih so energetsko u\u010dinkovite in izdelane iz okolju prijaznih materialov.<\/li>\n<li data-sourcepos=\"13:1-14:0\"><strong>Sodobno in elegantno:<\/strong>\u00a0Vrtovi v posodah imajo sodoben in eleganten videz, ki se odli\u010dno prilega vsakemu vrtnemu okolju.<\/li>\n<\/ul>\n<h3 data-sourcepos=\"15:1-15:95\"><strong>Hi\u0161na pisarna PRO-CON Container Home Office ima \u0161tevilne funkcije, ki vam olaj\u0161ajo delo:<\/strong><\/h3>\n<ul data-sourcepos=\"17:1-21:0\">\n<li data-sourcepos=\"17:1-17:105\"><strong>Toplotna izolacija:<\/strong>\u00a0Pisarne v zabojnikih so izolirane, kar zagotavlja prijetno temperaturo skozi vse leto.<\/li>\n<li data-sourcepos=\"18:1-18:171\"><strong>Elektri\u010dno omre\u017eje:<\/strong>\u00a0Pisarne v zabojnikih imajo vgrajeno elektri\u010dno napajanje, tako da lahko priklju\u010dite ra\u010dunalnik, tiskalnik in drugo elektroniko.<\/li>\n<li data-sourcepos=\"19:1-19:66\"><strong>Internet:<\/strong>\u00a0Dostop do interneta je na voljo tudi v pisarnah zabojnikov.<\/li>\n<li data-sourcepos=\"20:1-21:0\"><strong>Pohi\u0161tvo:<\/strong> Pisarne v zabojnikih lahko opremite s pohi\u0161tvom v skladu s svojimi potrebami.<\/li>\n<\/ul>\n<p data-sourcepos=\"24:1-24:143\">Obi\u0161\u010dite na\u0161o spletno stran ali nas pokli\u010dite za brezpla\u010dno ponudbo za va\u0161o kontejnersko pisarno PRO-CON.<\/p>\n<p data-sourcepos=\"26:1-26:200\">S pisarno PRO-CON Container Home Office u\u017eivajte v udobju in prilagodljivosti dela od doma, hkrati pa delajte v profesionalnem in navdihujo\u010dem okolju.<\/p>\n<p data-sourcepos=\"26:1-26:200\"><strong>Pridobite brezpla\u010dno ponudbo \u0161e danes in se izognite podobnim situacijam!<\/strong><\/p>\n<p><iframe title=\"Otroci prekinili intervju za BBC News - BBC News\" width=\"800\" height=\"450\" src=\"https:\/\/www.youtube.com\/embed\/Mh4f9AYRCZY?feature=oembed\" frameborder=\"0\" allow=\"accelerometer; autoplay; clipboard-write; encrypted-media; gyroscope; picture-in-picture; web-share\" referrerpolicy=\"strict-origin-when-cross-origin\" allowfullscreen><\/iframe><\/p>","protected":false},"excerpt":{"rendered":"<p>Pisarna PRO-CON Container Home Office je edinstveno zasnovano, sodobno in udobno delovno mesto za va\u0161 vrt. Za postavitev ni potrebno gradbeno dovoljenje, ne kazi zelene povr\u0161ine na gradbeni parceli in na gradnjo vam ni treba \u010dakati ve\u010d mesecev.<\/p>","protected":false},"featured_media":2465,"template":"","meta":{"_acf_changed":false},"product_brand":[],"product_cat":[28],"product_tag":[],"class_list":{"0":"post-2464","1":"product","2":"type-product","3":"status-publish","4":"has-post-thumbnail","6":"product_cat-kontener-epitmenyek","8":"first","9":"instock","10":"shipping-taxable","11":"product-type-simple"},"acf":[],"_links":{"self":[{"href":"https:\/\/pro-con.hu\/sl\/wp-json\/wp\/v2\/product\/2464","targetHints":{"allow":["GET"]}}],"collection":[{"href":"https:\/\/pro-con.hu\/sl\/wp-json\/wp\/v2\/product"}],"about":[{"href":"https:\/\/pro-con.hu\/sl\/wp-json\/wp\/v2\/types\/product"}],"version-history":[{"count":6,"href":"https:\/\/pro-con.hu\/sl\/wp-json\/wp\/v2\/product\/2464\/revisions"}],"predecessor-version":[{"id":2657,"href":"https:\/\/pro-con.hu\/sl\/wp-json\/wp\/v2\/product\/2464\/revisions\/2657"}],"wp:featuredmedia":[{"embeddable":true,"href":"https:\/\/pro-con.hu\/sl\/wp-json\/wp\/v2\/media\/2465"}],"wp:attachment":[{"href":"https:\/\/pro-con.hu\/sl\/wp-json\/wp\/v2\/media?parent=2464"}],"wp:term":[{"taxonomy":"product_brand","embeddable":true,"href":"https:\/\/pro-con.hu\/sl\/wp-json\/wp\/v2\/product_brand?post=2464"},{"taxonomy":"product_cat","embeddable":true,"href":"https:\/\/pro-con.hu\/sl\/wp-json\/wp\/v2\/product_cat?post=2464"},{"taxonomy":"product_tag","embeddable":true,"href":"https:\/\/pro-con.hu\/sl\/wp-json\/wp\/v2\/product_tag?post=2464"}],"curies":[{"name":"wp","href":"https:\/\/api.w.org\/{rel}","templated":true}]}}