{"id":2357,"date":"2024-04-19T09:04:57","date_gmt":"2024-04-19T09:04:57","guid":{"rendered":"https:\/\/pro-con.hu\/?post_type=product&#038;p=2357"},"modified":"2024-04-24T19:04:14","modified_gmt":"2024-04-24T17:04:14","slug":"pro-con-exreef-40-szigetelt-raktarkontener-ex-reefer","status":"publish","type":"product","link":"https:\/\/pro-con.hu\/sl\/izdelek\/pro-con-exreef-40-szigetelt-raktarkontener-ex-reefer\/","title":{"rendered":"PRO-CON EXREEF 40\u2032 izoliran zabojnik za shranjevanje - ex reefer"},"content":{"rendered":"<h2><b>PROCON 40 \u010devljev rabljenega izoliranega zabojnika za shranjevanje <\/b><b>(nekdanji tovornjak)<\/b><\/h2>\n<h3><b>Popolno izolirano skladi\u0161\u010de\u00a0<\/b><\/h3>\n<p><span style=\"font-weight: 400;\">PROCON ponuja 40-metrske rabljene, izolirane zabojnike (ex reefer), ki so idealna re\u0161itev za skladi\u0161\u010denje za najrazli\u010dnej\u0161e potrebe. Ne glede na to, ali potrebujete zabojnik za skladi\u0161\u010denje, delavnico, pisarno ali celo bivalni prostor, je 40-metrski izolirani zabojnik podjetja PROCON odli\u010dna izbira.<\/span><\/p>\n<h2><b>Zakaj izbrati 40-metrski izolirani zabojnik PROCON?<\/b><\/h2>\n<ul>\n<li style=\"font-weight: 400;\" aria-level=\"1\"><b>Trajno in zanesljivo:<\/b><span style=\"font-weight: 400;\"> Zabojnik je izdelan iz visokokakovostnih materialov in je odporen na ekstremne vremenske razmere.<\/span><\/li>\n<li style=\"font-weight: 400;\" aria-level=\"1\"><b>Izolirano:<\/b><span style=\"font-weight: 400;\"> Izolirane stene in streha zabojnika vzdr\u017eujejo notranjo temperaturo, zato je idealen za shranjevanje blaga, ob\u010dutljivega na temperaturo.<\/span><\/li>\n<li style=\"font-weight: 400;\" aria-level=\"1\"><b>Prostorno:<\/b><span style=\"font-weight: 400;\"> Zabojnik je dolg 40 \u010devljev in \u0161irok 8 \u010devljev, kar zagotavlja dovolj prostora za shranjevanje.<\/span><\/li>\n<li style=\"font-weight: 400;\" aria-level=\"1\"><b>Varen je:<\/b><span style=\"font-weight: 400;\"> Zabojnik je opremljen z vrati in okni, ki jih je mogo\u010de zakleniti, zato lahko vanj varno shranite svoje dragocenosti.<\/span><\/li>\n<li style=\"font-weight: 400;\" aria-level=\"1\"><b>Vsestranski:<\/b><span style=\"font-weight: 400;\"> Zabojnik se lahko uporablja za najrazli\u010dnej\u0161e namene, od skladi\u0161\u010denja do bivanja.<\/span><\/li>\n<li style=\"font-weight: 400;\" aria-level=\"1\"><b>Enostavna namestitev:<\/b><span style=\"font-weight: 400;\"> Zabojnik lahko preprosto namestite kjer koli, kjer je ravna podlaga.<\/span><\/li>\n<li style=\"font-weight: 400;\" aria-level=\"1\"><b>Stro\u0161kovna u\u010dinkovitost:<\/b><span style=\"font-weight: 400;\"> Zabojnik je stro\u0161kovno u\u010dinkovita re\u0161itev za skladi\u0161\u010denje, ki je dolgoro\u010dna nalo\u017eba.<\/span><\/li>\n<\/ul>\n<h3><b>Idealen je 40-metrski izolirani zabojnik PROCON:<\/b><\/h3>\n<ul>\n<li style=\"font-weight: 400;\" aria-level=\"1\"><b>Za podjetja:<\/b><span style=\"font-weight: 400;\"> Za shranjevanje, pisarno, delavnico ali celo razstavni prostor.<\/span><\/li>\n<li style=\"font-weight: 400;\" aria-level=\"1\"><b>Za zasebnike:<\/b><span style=\"font-weight: 400;\"> Za shranjevanje pohi\u0161tva, orodja ali sezonskih predmetov.<\/span><\/li>\n<li style=\"font-weight: 400;\" aria-level=\"1\"><b>Za stavbe:<\/b><span style=\"font-weight: 400;\"> Skladi\u0161\u010denje orodja in materialov.<\/span><\/li>\n<li style=\"font-weight: 400;\" aria-level=\"1\"><b>V primeru nesre\u010d:<\/b><span style=\"font-weight: 400;\"> Kot za\u010dasna nastanitev.<\/span><\/li>\n<\/ul>\n<p><b>Zabojnik PROCON ponuja tudi naslednje storitve:<\/b><\/p>\n<ul>\n<li style=\"font-weight: 400;\" aria-level=\"1\"><span style=\"font-weight: 400;\">Dostava<\/span><\/li>\n<li style=\"font-weight: 400;\" aria-level=\"1\"><span style=\"font-weight: 400;\">Namestitev<\/span><\/li>\n<li style=\"font-weight: 400;\" aria-level=\"1\"><span style=\"font-weight: 400;\">Vzdr\u017eevanje<\/span><\/li>\n<li style=\"font-weight: 400;\" aria-level=\"1\"><span style=\"font-weight: 400;\">Varnostni nasveti<\/span><\/li>\n<\/ul>\n<p><b>\u0160e danes se obrnite na nas za brezpla\u010dno ponudbo za 40-metrski izolirani zabojnik PROCON!<\/b><\/p>\n<p><b>PROCON Container: va\u0161 zanesljiv partner za zabojnike<\/b><\/p>","protected":false},"excerpt":{"rendered":"<p><b>PROCON 40 \u010devljev rabljenega izoliranega zabojnika (ex reefer)<\/b><\/p>","protected":false},"featured_media":2358,"template":"","meta":{"_acf_changed":false},"product_brand":[],"product_cat":[29],"product_tag":[],"class_list":{"0":"post-2357","1":"product","2":"type-product","3":"status-publish","4":"has-post-thumbnail","6":"product_cat-kontenerek-es-kiegeszitok","8":"first","9":"instock","10":"shipping-taxable","11":"product-type-simple"},"acf":[],"_links":{"self":[{"href":"https:\/\/pro-con.hu\/sl\/wp-json\/wp\/v2\/product\/2357","targetHints":{"allow":["GET"]}}],"collection":[{"href":"https:\/\/pro-con.hu\/sl\/wp-json\/wp\/v2\/product"}],"about":[{"href":"https:\/\/pro-con.hu\/sl\/wp-json\/wp\/v2\/types\/product"}],"version-history":[{"count":5,"href":"https:\/\/pro-con.hu\/sl\/wp-json\/wp\/v2\/product\/2357\/revisions"}],"predecessor-version":[{"id":2677,"href":"https:\/\/pro-con.hu\/sl\/wp-json\/wp\/v2\/product\/2357\/revisions\/2677"}],"wp:featuredmedia":[{"embeddable":true,"href":"https:\/\/pro-con.hu\/sl\/wp-json\/wp\/v2\/media\/2358"}],"wp:attachment":[{"href":"https:\/\/pro-con.hu\/sl\/wp-json\/wp\/v2\/media?parent=2357"}],"wp:term":[{"taxonomy":"product_brand","embeddable":true,"href":"https:\/\/pro-con.hu\/sl\/wp-json\/wp\/v2\/product_brand?post=2357"},{"taxonomy":"product_cat","embeddable":true,"href":"https:\/\/pro-con.hu\/sl\/wp-json\/wp\/v2\/product_cat?post=2357"},{"taxonomy":"product_tag","embeddable":true,"href":"https:\/\/pro-con.hu\/sl\/wp-json\/wp\/v2\/product_tag?post=2357"}],"curies":[{"name":"wp","href":"https:\/\/api.w.org\/{rel}","templated":true}]}}