{"id":2999,"date":"2024-04-26T06:23:37","date_gmt":"2024-04-26T04:23:37","guid":{"rendered":"https:\/\/pro-con.hu\/?page_id=2999"},"modified":"2024-04-26T06:29:06","modified_gmt":"2024-04-26T04:29:06","slug":"adatkezelesi-tajekoztato","status":"publish","type":"page","link":"https:\/\/pro-con.hu\/sl\/adatkezelesi-tajekoztato\/","title":{"rendered":"Obvestilo o zasebnosti"},"content":{"rendered":"<div data-elementor-type=\"wp-page\" data-elementor-id=\"2999\" class=\"elementor elementor-2999\" data-elementor-post-type=\"page\">\n\t\t\t\t\t\t<section class=\"elementor-section elementor-top-section elementor-element elementor-element-7047b8b elementor-section-boxed elementor-section-height-default elementor-section-height-default\" data-id=\"7047b8b\" data-element_type=\"section\" data-e-type=\"section\" data-settings=\"{&quot;background_background&quot;:&quot;classic&quot;}\">\n\t\t\t\t\t\t\t<div class=\"elementor-background-overlay\"><\/div>\n\t\t\t\t\t\t\t<div class=\"elementor-container elementor-column-gap-default\">\n\t\t\t\t\t<div class=\"elementor-column elementor-col-100 elementor-top-column elementor-element elementor-element-08045c8\" data-id=\"08045c8\" data-element_type=\"column\" data-e-type=\"column\">\n\t\t\t<div class=\"elementor-widget-wrap elementor-element-populated\">\n\t\t\t\t\t\t<div class=\"elementor-element elementor-element-292adaa elementor-widget elementor-widget-heading\" data-id=\"292adaa\" data-element_type=\"widget\" data-e-type=\"widget\" data-widget_type=\"heading.default\">\n\t\t\t\t<div class=\"elementor-widget-container\">\n\t\t\t\t\t<h1 class=\"elementor-heading-title elementor-size-default\">Obvestilo o zasebnosti<\/h1>\t\t\t\t<\/div>\n\t\t\t\t<\/div>\n\t\t\t\t\t<\/div>\n\t\t<\/div>\n\t\t\t\t\t<\/div>\n\t\t<\/section>\n\t\t\t\t<section class=\"elementor-section elementor-top-section elementor-element elementor-element-23a8b625 elementor-section-boxed elementor-section-height-default elementor-section-height-default\" data-id=\"23a8b625\" data-element_type=\"section\" data-e-type=\"section\">\n\t\t\t\t\t\t<div class=\"elementor-container elementor-column-gap-default\">\n\t\t\t\t\t<div class=\"elementor-column elementor-col-100 elementor-top-column elementor-element elementor-element-5fd3d91\" data-id=\"5fd3d91\" data-element_type=\"column\" data-e-type=\"column\">\n\t\t\t<div class=\"elementor-widget-wrap elementor-element-populated\">\n\t\t\t\t\t\t<div class=\"elementor-element elementor-element-0b9e839 elementor-widget elementor-widget-text-editor\" data-id=\"0b9e839\" data-element_type=\"widget\" data-e-type=\"widget\" data-widget_type=\"text-editor.default\">\n\t\t\t\t<div class=\"elementor-widget-container\">\n\t\t\t\t\t\t\t\t\t<p>Proseco Industrial Solutions Ltd. (v nadaljevanju \"ponudnik storitev\") pri upravljanju spletnega mesta pro-con.hu (v nadaljevanju \"spletno mesto\") obdeluje podatke obiskovalcev spletnega mesta in uporabnikov storitev, ki so na voljo na spletnem mestu (v nadaljevanju skupaj \"posameznik, na katerega se nana\u0161ajo osebni podatki\").<\/p><p>Ta pravilnik o zasebnosti velja za vse fizi\u010dne osebe, pravne osebe in organizacije brez pravne osebnosti, ki uporabljajo storitve, ki so na voljo na spletnem mestu.<\/p><p>Posameznik, na katerega se nana\u0161ajo osebni podatki, z uporabo spletnega mesta, po\u0161iljanjem zahtevka za ponudbo ali registracijo sprejema politiko zasebnosti in se strinja z obdelavo podatkov, kot je navedeno spodaj.<\/p><h4>Ponudnik storitev kot upravljavec podatkov<\/h4><ul><li><strong>Ime podjetja<\/strong>: Proseco Industrial Solutions Ltd.<\/li><li><strong>Glavni sede\u017e, po\u0161tni naslov<\/strong>: 2600 V\u00e1c, G\u00f6d\u00f6ll\u0151i \u00fat 15.<\/li><li><strong>Telefon<\/strong>: +36 30 8664886<\/li><li><strong>E-naslov<\/strong>: info@proseco.hu<\/li><li><strong>Dav\u010dna \u0161tevilka<\/strong>: 13641573-2-13<\/li><li><strong>Registrska \u0161tevilka podjetja<\/strong>: 13-09-106264<\/li><\/ul><p>Ponudnik storitev v zvezi z obdelavo podatkov posameznike, na katere se nana\u0161ajo osebni podatki, obve\u0161\u010da o osebnih podatkih, ki jih ponudnik storitev obdeluje na spletnem mestu, o na\u010delih in praksah, ki se uporabljajo pri obdelavi osebnih podatkov, ter o na\u010dinih in sredstvih za uveljavljanje pravic posameznikov, na katere se nana\u0161ajo osebni podatki.<\/p><h3>Opredelitve pojmov<\/h3><ul><li><strong>zaskrbljeni<\/strong>: vsaka fizi\u010dna oseba, ki je neposredno ali posredno identificirana ali jo je mogo\u010de identificirati na podlagi dolo\u010denih osebnih podatkov;<\/li><li><strong>osebni podatki<\/strong>: podatki, ki jih je mogo\u010de povezati s posameznikom, na katerega se nana\u0161ajo osebni podatki, zlasti ime, identifikacijski znak in eden ali ve\u010d dejavnikov, zna\u010dilnih za fizi\u010dno, fiziolo\u0161ko, du\u0161evno, gospodarsko, kulturno ali dru\u017ebeno identiteto posameznika, na katerega se nana\u0161ajo osebni podatki, ter sklepanje, ki ga je mogo\u010de izpeljati iz podatkov o posamezniku, na katerega se nana\u0161ajo osebni podatki;<\/li><li><strong>Prispevek<\/strong>: prostovoljna in izrecna izjava \u017eelje posameznika, na katerega se nana\u0161ajo osebni podatki, ki temelji na ustreznih informacijah, s katero posameznik nedvoumno privoli v obdelavo osebnih podatkov v zvezi z njim v celoti ali delno;<\/li><li><strong>protest<\/strong>: posameznik, na katerega se nana\u0161ajo osebni podatki, ki nasprotuje obdelavi svojih osebnih podatkov in zahteva prenehanje obdelave ali izbris obdelanih podatkov;<\/li><li><strong>upravljavec podatkov<\/strong>: fizi\u010dna ali pravna oseba ali organ brez pravne osebnosti, ki sama ali skupaj z drugimi dolo\u010da namene obdelave podatkov, sprejema in izvaja odlo\u010ditve glede obdelave (vklju\u010dno z uporabljenimi sredstvi) ali jih v njenem imenu izvaja obdelovalec;<\/li><li><b>upravljanje podatkov<\/b>: vsaka operacija ali niz operacij, ki se izvaja na podatkih, ne glede na uporabljeni postopek, kot so zbiranje, zapisovanje, urejanje, shranjevanje, spreminjanje, uporaba, iskanje, razkritje, prenos, usklajevanje ali kombiniranje, blokiranje, brisanje ali uni\u010denje, prepre\u010devanje nadaljnje uporabe, fotografiranje, zvo\u010dni posnetki ali slike ter snemanje fizi\u010dnih zna\u010dilnosti, ki se lahko uporabijo za identifikacijo osebe (npr. prstni odtisi, odtisi dlani, DNK, skeniranje \u0161arenice);<\/li><li><b>obdelava podatkov<\/b>: izvajanje tehni\u010dnih nalog, povezanih z obdelavo podatkov, ne glede na metodo in sredstva, ki se uporabljajo za izvajanje postopkov, ter kraj uporabe, \u010de se tehni\u010dna naloga izvaja na podatkih;<\/li><li><b>obdelovalec podatkov<\/b>: fizi\u010dna ali pravna oseba ali organ brez pravne osebnosti, ki obdeluje podatke na podlagi pogodbe z upravljavcem, vklju\u010dno s pogodbo, sklenjeno na podlagi zakonske dolo\u010dbe;<\/li><li><b>prenos podatkov<\/b>: dajanje podatkov na voljo dolo\u010deni tretji osebi;<\/li><li><b>razkritje javnosti<\/b>: da so podatki dostopni vsakomur;<\/li><li><b>brisanje podatkov<\/b>: podatki postanejo neprepoznavni, tako da jih ni ve\u010d mogo\u010de obnoviti;<\/li><li><b>shranjevanje podatkov<\/b>: za identifikacijo podatkov z namenom trajne ali \u010dasovno omejene omejitve njihove nadaljnje obdelave;<\/li><li><b>uni\u010denje podatkov<\/b>: popolno fizi\u010dno uni\u010denje nosilca s podatki;<\/li><li><b>tretja oseba<\/b>: fizi\u010dna ali pravna oseba ali organ brez pravne osebnosti, ki ni posameznik, na katerega se nana\u0161ajo osebni podatki, upravljavec ali obdelovalec.<\/li><\/ul><h3>Namen obdelave podatkov<\/h3><p>Ponudnik storitev bo podatke, ki jih je posredoval posameznik, na katerega se nana\u0161ajo osebni podatki, uporabil izklju\u010dno za vzpostavitev stika s posameznikom, na katerega se nana\u0161ajo osebni podatki, v zvezi z nakupom, in \u010de se posameznik, na katerega se nana\u0161ajo osebni podatki, naro\u010di na novice z elementi neposrednega tr\u017eenja, bodo shranjeni in obdelani za namen po\u0161iljanja novic.<\/p><p>Namen avtomatskega bele\u017eenja podatkov je priprava statisti\u010dnih podatkov in izbolj\u0161anje tehni\u010dnih vidikov informacijskega sistema.<\/p><p>Ponudnik storitev posredovanih osebnih podatkov ne bo uporabljal ali ne sme uporabljati za druge namene, kot so navedeni zgoraj. Razkritje osebnih podatkov tretjim osebam ali javnim organom, razen \u010de zakon dolo\u010da druga\u010de, je mogo\u010de ob predhodnem izrecnem soglasju posameznika, na katerega se nana\u0161ajo osebni podatki.<\/p><p>V vseh primerih, ko namerava ponudnik storitev predlo\u017eene podatke uporabiti za druge namene, kot so bili prvotno zbrani, ponudnik storitev o tem obvesti posameznika, na katerega se nana\u0161ajo osebni podatki, in pridobi njegovo predhodno izrecno soglasje ali mu omogo\u010di, da tak\u0161no uporabo prepove.<\/p><h3>Pravna podlaga za obdelavo<\/h3><p>Obdelava podatkov s strani ponudnika storitev temelji na prostovoljni privolitvi posameznika, na katerega se podatki nana\u0161ajo, v skladu s \u010dlenom 5(1)(a) zakona CXII iz leta 2011 o pravici do informacijske samoodlo\u010dbe in svobode obve\u0161\u010danja (v nadaljevanju: Info.tv.) in na podlagi zakona CVIII iz leta 2001 o nekaterih vpra\u0161anjih storitev elektronskega poslovanja in storitev informacijske dru\u017ebe.<\/p><p>Ponudnik storitev ne preverja posredovanih osebnih podatkov in njihove verodostojnosti. Za pravilnost posredovanih podatkov je odgovorna izklju\u010dno oseba, na katero se podatki nana\u0161ajo, torej posameznik, na katerega se podatki nana\u0161ajo, in sicer izvajalec. Z navedbo e-po\u0161tnega naslova je vsak posameznik, na katerega se nana\u0161ajo osebni podatki, odgovoren tudi za zagotovitev, da je edina oseba, ki uporablja storitev z navedenega e-po\u0161tnega naslova. V zvezi s to odgovornostjo je dostop do podatkov z e-po\u0161tnega naslova<\/p><p>je izklju\u010dno odgovoren posameznik, na katerega se nana\u0161ajo osebni podatki, ki je posredoval e-po\u0161tni naslov.<\/p><h3>Obseg obdelanih osebnih podatkov<\/h3><p>Obvezni podatki, ki jih morate navesti ob registraciji: ime, priimek, e-po\u0161tni naslov, geslo, telefonska \u0161tevilka.<\/p><p>Podatki za obra\u010dun: ime in priimek, telefonska \u0161tevilka, po\u0161tna \u0161tevilka, mesto, ulica, hi\u0161na \u0161tevilka<\/p><p>Podatki o dostavi: ime in priimek, telefonska \u0161tevilka, po\u0161tna \u0161tevilka, mesto, ulica, hi\u0161na \u0161tevilka<\/p><p>\u010ce posameznik, na katerega se nana\u0161ajo osebni podatki, uporablja osebne podatke nezakonito, goljufivo in stori kaznivo dejanje, lahko ponudnik storitev izbri\u0161e vse osebne podatke takoj, ko izve za izbris registracije.<\/p><h4>Glasilo<\/h4><p>V primeru prijave na e-novice mora posameznik, na katerega se nana\u0161ajo osebni podatki, ponudniku storitev posredovati svoj e-po\u0161tni naslov.<\/p><h4>Pi\u0161ite na<\/h4><p>\u010ce \u017eeli posameznik, na katerega se nana\u0161ajo osebni podatki, stopiti v stik s ponudnikom storitev elektronsko, lahko uporabi elektronski obrazec, ki je na voljo v razdelku Stik z nami. V kontaktnem obrazcu mora posameznik, na katerega se nana\u0161ajo osebni podatki, ponudniku storitev navesti svoje ime, elektronski naslov in telefonsko \u0161tevilko.<\/p><h4>Tehni\u010dni podatki<\/h4><p>Podatki o prijavi ra\u010dunalnika posameznika, na katerega se nana\u0161ajo osebni podatki, ki nastanejo med uporabo storitve in jih sistem ponudnika storitev zabele\u017ei kot samodejni rezultat tehni\u010dnih postopkov. To so zlasti datum in \u010das obiska, naslov IP ra\u010dunalnika posameznika, na katerega se nana\u0161ajo osebni podatki, vrsta brskalnika, naslov obiskane spletne strani in predhodno obiskana spletna stran.<\/p><p>Podatke, ki se samodejno bele\u017eijo, sistem samodejno zabele\u017ei ob prijavi ali odjavi brez posebne izjave ali dejanja posameznika, na katerega se nana\u0161ajo osebni podatki. Ti podatki ne smejo biti povezani z drugimi osebnimi podatki uporabnika, razen v primerih, ki jih zahteva zakon. Dostop do podatkov ima samo ponudnik storitev.<\/p><p>Sistem ponudnika storitev lahko zbira podatke o dejavnostih posameznikov, na katere se nana\u0161ajo osebni podatki, ki jih ni mogo\u010de povezati z drugimi podatki, ki jih zagotovi posameznik, na katerega se nana\u0161ajo osebni podatki, niti s podatki, pridobljenimi z uporabo drugih spletnih mest ali storitev.<\/p><p>html koda spletnega mesta lahko vsebuje povezave z zunanjimi stre\u017eniki, ki so neodvisni od ponudnika storitev. Ponudniki teh povezav lahko zaradi neposredne povezave s svojim stre\u017enikom zbirajo uporabni\u0161ke podatke.<\/p><h3>Pi\u0161kotki<\/h3><p>Ponudnik storitev in imenovani zunanji ponudniki storitev na ra\u010dunalnik posameznika, na katerega se nana\u0161ajo osebni podatki, namestijo in preberejo majhen paket podatkov, tako imenovani pi\u0161kotek, da bi zagotovili prilagojeno storitev. \u010ce brskalnik vrne predhodno shranjen pi\u0161kotek, ima ponudnik storitev, ki upravlja pi\u0161kotek, mo\u017enost povezati podatke, shranjene med trenutnimi obiski Posameznika, na katerega se nana\u0161ajo osebni podatki, s podatki, shranjenimi med prej\u0161njimi obiski, vendar le v zvezi z lastno vsebino.<\/p><p><span style=\"background-color: transparent; color: var( --e-global-color-primary ); font-family: var( --e-global-typography-text-font-family ), Sans-serif; font-style: var( --e-global-typography-b2ce6af-font-style ); letter-spacing: var( --e-global-typography-b2ce6af-letter-spacing ); text-transform: var( --e-global-typography-b2ce6af-text-transform ); word-spacing: var( --e-global-typography-b2ce6af-word-spacing );\"><b>Ponudnik storitev uporablja naslednji pi\u0161kotek:<\/b><\/span><\/p><ul><li>Sejni pi\u0161kotek: sejni pi\u0161kotki se samodejno izbri\u0161ejo po obisku posameznika, na katerega se nana\u0161ajo osebni podatki. Ti pi\u0161kotki se uporabljajo za u\u010dinkovitej\u0161e in varnej\u0161e delovanje spletnega mesta ponudnika storitev, zato so nujni za pravilno delovanje nekaterih funkcij spletnega mesta ali nekaterih aplikacij.<\/li><li>Trajni pi\u0161kotki: ponudnik storitev uporablja tudi trajne pi\u0161kotke, da izbolj\u0161a uporabni\u0161ko izku\u0161njo (npr. za zagotavljanje optimizirane navigacije). Ti pi\u0161kotki so dlje \u010dasa shranjeni v datoteki pi\u0161kotkov brskalnika. Trajanje tega pi\u0161kotka je odvisno od nastavitev spletnega brskalnika posameznika, na katerega se nana\u0161ajo osebni podatki.<\/li><li>Varnostni pi\u0161kotek.<\/li><\/ul><p>Zunanji stre\u017eniki omogo\u010dajo neodvisno merjenje in revizijo prometa na spletnem mestu in drugih podatkov spletne analitike (Google Analytics). Upravljavci podatkov lahko posamezniku, na katerega se nana\u0161ajo osebni podatki, zagotovijo podrobne informacije o upravljanju podatkov o meritvah.<\/p><p>Kontakt: www.google.com\/analytics\/<\/p><p>Funkcija \"Pomo\u010d\" v menijski vrstici ve\u010dine brskalnikov zagotavlja informacije o tem, kako lahko posameznik, na katerega se nana\u0161ajo osebni podatki, v svojem brskalniku.<\/p><ul><li>kako onemogo\u010diti pi\u0161kotke,<\/li><li>kako sprejeti nove pi\u0161kotke,<\/li><li>kako brskalniku naro\u010diti, naj nastavi nov pi\u0161kotek, ali<\/li><li>kako izklopiti druge pi\u0161kotke.<\/li><\/ul><p>\u010ce ne \u017eelite, da Google Analytics meri zgornje podatke na opisan na\u010din in za opisane namene, namestite dodatek za brskalnik, ki to onemogo\u010da.<\/p><p>Spletno mesto uporablja sledilnike za ponovno tr\u017eenje Google Adwords in kode za sledenje Facebook. Tako lahko obiskovalce spletnega mesta ciljno usmerjamo z oglasi za ponovno tr\u017eenje na spletnih mestih v Googlovem prikaznem omre\u017eju. Koda za ponovno tr\u017eenje uporablja pi\u0161kotke za ozna\u010devanje obiskovalcev. Uporabniki spletnega mesta lahko te pi\u0161kotke onemogo\u010dijo tako, da obi\u0161\u010dejo upravitelja Googlovih ogla\u0161evalskih nastavitev in sledijo tamkaj\u0161njim navodilom. Tako ne bodo ve\u010d prejemali prilagojenih ponudb ponudnika storitev.<\/p><h3>Trajanje obdelave<\/h3><h4>Podatki, ki jih posredujete, ko stopite v stik z nami.<\/h4><p>Obdelava posredovanih osebnih podatkov se bo nadaljevala, dokler posameznik, na katerega se nana\u0161ajo osebni podatki, ne bo zahteval izbrisa svojih podatkov iz sistema, tako da bo poslal elektronsko sporo\u010dilo na naslov info@proseco.hu ali po po\u0161ti. V tem primeru je rok za izbris najve\u010d 5 delovnih dni od datuma prejema zahteve. Z izbrisom registracije vsebina, ki jo je Posameznik, na katerega se nana\u0161ajo osebni podatki, objavil na spletnem mestu, ne bo odstranjena, izbrisano bo le uporabni\u0161ko ime Posameznika, na katerega se nana\u0161ajo osebni podatki, skupaj z vsebino.<\/p><h4>Podatki, posredovani ob naro\u010dilu na e-novice<\/h4><p>Posameznik, na katerega se nana\u0161ajo osebni podatki, se lahko kadar koli brezpla\u010dno, neomejeno in brez navedbe razloga odjavi. V primeru glasila ponudnik storitev obdeluje podatke, ki jih je posameznik, na katerega se nana\u0161ajo osebni podatki, posredoval ob naro\u010dilu na glasilo, dokler se posameznik, na katerega se nana\u0161ajo osebni podatki, s klikom na gumb \"Odjava\" v glasilu ne odjavi od prejemanja glasila ali dokler po elektronski ali navadni po\u0161ti ne zahteva izbrisa s seznama naro\u010dnikov glasila. V primeru odjave ponudnik storitev posamezniku, na katerega se nana\u0161ajo osebni podatki, po prejemu zahteve (po elektronski po\u0161ti, po\u0161ti ali s klikom na gumb \"Odjava\") ne bo ve\u010d po\u0161iljal glasila.<\/p><h4>Tehni\u010dni podatki<\/h4><p>Prijavljeni podatki se hranijo 6 mesecev od datuma prijave, razen datuma zadnjega obiska, ki se samodejno prepi\u0161e.<\/p><h3>Posamezniki, na katere se nana\u0161ajo osebni podatki, prenosi podatkov, obdelava podatkov<\/h3><p>Posredovani osebni podatki so dostopni predvsem ponudniku storitev ali njegovim notranjim zaposlenim, vendar se ne razkrijejo ali posredujejo tretjim osebam.<\/p><p>Ponudnik storitev lahko za delovanje spletnega mesta in zagotavljanje storitev uporablja obdelovalca podatkov (npr.: sistemskega operaterja, ki po\u0161ilja e-novice). Podro\u010dje uporabe obdelovalcev podatkov:<\/p><h4>Podrobnosti o ponudniku gostovanja:<\/h4><p>Ime: T\u00e1rhely.Eu Service Provider Ltd.<\/p><p>Sede\u017e: 1144 Budapest, Orm\u00e1ns\u00e1g utca 4 X. em. 241.<\/p><p>Dav\u010dna identifikacijska \u0161tevilka: 14571332-2-42<\/p><p>Elektronski naslov: support@tarhely.eu<\/p><p>Spletna stran: tarhely.eu<\/p><h3>Va\u0161e pravice in pravna sredstva<\/h3><h4>Pravica do informacij<\/h4><p>Posameznik, na katerega se nana\u0161ajo osebni podatki, ima pravico kadar koli zahtevati informacije o osebnih podatkih, ki jih ponudnik storitev obdeluje v zvezi z njim.<\/p><p>Ponudnik storitev na zahtevo posameznika, na katerega se nana\u0161ajo osebni podatki, zagotovi informacije o podatkih, ki jih je ponudnik storitev obdelal v zvezi s posameznikom, na katerega se nana\u0161ajo osebni podatki, o namenu, pravni podlagi in trajanju obdelave ter o tem, kdo je prejel ali prejel podatke in za kak\u0161en namen. Ponudnik storitev zagotovi zahtevane informacije v pisni obliki v 30 dneh od zahteve.<\/p><p>Posameznik, na katerega se nana\u0161ajo osebni podatki, se lahko z vpra\u0161anji ali pripombami v zvezi z obdelavo podatkov obrne na uslu\u017ebenca ponudnika storitev prek kontaktnih podatkov, navedenih v to\u010dki 1.<\/p><h4>Posameznik, na katerega se nana\u0161ajo osebni podatki, lahko zahteva izbris, popravek ali blokiranje svojih podatkov.<\/h4><p>Posameznik, na katerega se nana\u0161ajo osebni podatki, ima pravico kadar koli zahtevati popravek ali izbris nepravilno zabele\u017eenih podatkov z uporabo enega od spodaj navedenih kontaktnih podatkov. Ponudnik storitev bo podatke izbrisal v petih delovnih dneh po prejemu zahteve, v tem primeru jih ne bo mogo\u010de obnoviti. Izbris ne velja za obdelavo podatkov, ki jo zahteva zakonodaja (npr. ra\u010dunovodski predpisi), ki jih bo ponudnik storitev hranil za potrebno obdobje.<\/p><p>Posameznik, na katerega se nana\u0161ajo osebni podatki, lahko zahteva tudi blokiranje svojih podatkov. Ponudnik storitev blokira osebne podatke, \u010de posameznik, na katerega se nana\u0161ajo osebni podatki, to zahteva ali \u010de je na podlagi informacij, ki so mu na voljo, verjetno, da bi izbris \u0161kodil zakonitim interesom posameznika, na katerega se nana\u0161ajo osebni podatki. Tako blokirani osebni podatki se lahko obdelujejo le toliko \u010dasa, dokler traja namen obdelave, ki je prepre\u010dil izbris osebnih podatkov.<\/p><p>O popravku, blokiranju in izbrisu je treba obvestiti posameznika, na katerega se nana\u0161ajo osebni podatki, in vse tiste, ki so jim bili podatki predhodno razkriti za obdelavo. Obvestilo se lahko opusti, \u010de to ne \u0161koduje zakonitim interesom posameznika, na katerega se nana\u0161ajo osebni podatki, v zvezi z nameni obdelave.<\/p><p>\u010ce upravljavec ne ugodi zahtevi posameznika, na katerega se nana\u0161ajo osebni podatki, za popravek, blokiranje ali izbris, v 30 dneh po prejemu zahteve pisno sporo\u010di dejanske in pravne razloge za zavrnitev zahteve za popravek, blokiranje ali izbris.<\/p><h4>Posamezniki, na katere se nana\u0161ajo osebni podatki, lahko ugovarjajo obdelavi svojih osebnih podatkov<\/h4><p>Posameznik, na katerega se nana\u0161ajo osebni podatki, lahko ugovarja obdelavi svojih osebnih podatkov. Ponudnik storitev ugovor preu\u010di v najkraj\u0161em mo\u017enem \u010dasu od datuma zahteve, vendar najpozneje v 15 dneh, in odlo\u010di, ali je ugovor upravi\u010den, ter vlagatelja pisno obvesti o svoji odlo\u010ditvi.<\/p><p>Posameznik, na katerega se nana\u0161ajo osebni podatki, lahko uveljavlja pravice iz to\u010dke 8 prek kontaktnih podatkov iz to\u010dke 1.<\/p><p>Posameznik, na katerega se nana\u0161ajo osebni podatki, ima na podlagi Info.tv. in Civilnega zakonika (Zakon V iz leta 2013) pravico do.<\/p><p>Lahko se obrnete na nacionalni organ za varstvo podatkov in svobodo obve\u0161\u010danja (1125 Budapest, Szil\u00e1gyi Erzs\u00e9bet fasor 22\/c.; www.naih.hu) ali<\/p><p>Svoje pravice lahko uveljavljate na sodi\u0161\u010du.<\/p><p>\u010ce je posameznik, na katerega se nana\u0161ajo osebni podatki, pri registraciji, naro\u010dnini na novice itd. posredoval podatke tretjih oseb za uporabo storitve ali \u010de je med uporabo spletnega mesta na kakr\u0161en koli na\u010din povzro\u010dil \u0161kodo, ima ponudnik storitev pravico od posameznika, na katerega se nana\u0161ajo osebni podatki, zahtevati povra\u010dilo \u0161kode. V takem primeru ponudnik storitev pristojnim organom zagotovi vso razumno pomo\u010d, da se ugotovi identiteta kr\u0161itelja.<\/p><h3>Uporaba e-po\u0161tnih naslovov<\/h3><p>Ponudnik storitev posebno pozornost namenja zakonitosti uporabe e-po\u0161tnih naslovov, ki jih upravlja.<\/p><p>Obdelava e-po\u0161tnih naslovov je namenjena predvsem identifikaciji posameznika, na katerega se nana\u0161ajo osebni podatki, in vzdr\u017eevanju stikov pri uporabi storitev, zato se e-po\u0161tna sporo\u010dila po\u0161iljajo predvsem v ta namen.<\/p><h3>Varnost podatkov<\/h3><p>Ponudnik storitev se zavezuje, da bo zagotovil varnost podatkov, sprejel tehni\u010dne ukrepe, s katerimi bo zagotovil, da so zapisani, shranjeni ali obdelani podatki za\u0161\u010diteni, in da bo sprejel vse potrebne ukrepe za prepre\u010ditev njihovega uni\u010denja, nepoobla\u0161\u010dene uporabe ali nepoobla\u0161\u010denega spreminjanja. Prav tako se zavezuje, da bo od vsake tretje osebe, ki ji lahko posreduje ali razkrije podatke, zahteval, da izpolni svoje obveznosti v zvezi s tem.<\/p><h3>Druge dolo\u010dbe<\/h3><p>Ponudnik storitev si pridr\u017euje pravico do enostranske spremembe tega pravilnika o zasebnosti, o \u010demer posameznike, na katere se nana\u0161ajo osebni podatki, vnaprej obvesti prek spletnega mesta. Ko sprememba za\u010dne veljati, posameznik, na katerega se nana\u0161ajo osebni podatki, z uporabo spletnega mesta sprejme spremenjeno politiko zasebnosti.<\/p><p>To obvestilo o zasebnosti velja od 13. februarja 2024.<\/p>\t\t\t\t\t\t\t\t<\/div>\n\t\t\t\t<\/div>\n\t\t\t\t\t<\/div>\n\t\t<\/div>\n\t\t\t\t\t<\/div>\n\t\t<\/section>\n\t\t\t\t<\/div>","protected":false},"excerpt":{"rendered":"<p>Adatkezel\u00e9si t\u00e1j\u00e9koztat\u00f3 A Proseco Ipari Megold\u00e1sok Kft. (a tov\u00e1bbiakban: Szolg\u00e1ltat\u00f3) pro-con.hu weboldal (a tov\u00e1bbiakban: Honlap) m\u0171k\u00f6dtet\u00e9se sor\u00e1n a Honlapra l\u00e1togat\u00f3k \u00e9s a Honlapon el\u00e9rhet\u0151 szolg\u00e1ltat\u00e1sokat ig\u00e9nybe vev\u0151k (a tov\u00e1bbiakban egy\u00fcttesen \u00c9rintett) adatait kezeli. Jelen Adatkezel\u00e9si T\u00e1j\u00e9koztat\u00f3 kiterjed minden &#8211; a Honlapon el\u00e9rhet\u0151 szolg\u00e1ltat\u00e1st haszn\u00e1l\u00f3 &#8211; term\u00e9szetes szem\u00e9lyre, jogi szem\u00e9lyre, \u00e9s jogi szem\u00e9lyis\u00e9ggel nem rendelkez\u0151 szervezetre. [&hellip;]<\/p>\n","protected":false},"author":1,"featured_media":0,"parent":0,"menu_order":0,"comment_status":"closed","ping_status":"closed","template":"","meta":{"_acf_changed":false,"footnotes":""},"class_list":["post-2999","page","type-page","status-publish","hentry"],"acf":[],"_links":{"self":[{"href":"https:\/\/pro-con.hu\/sl\/wp-json\/wp\/v2\/pages\/2999","targetHints":{"allow":["GET"]}}],"collection":[{"href":"https:\/\/pro-con.hu\/sl\/wp-json\/wp\/v2\/pages"}],"about":[{"href":"https:\/\/pro-con.hu\/sl\/wp-json\/wp\/v2\/types\/page"}],"author":[{"embeddable":true,"href":"https:\/\/pro-con.hu\/sl\/wp-json\/wp\/v2\/users\/1"}],"replies":[{"embeddable":true,"href":"https:\/\/pro-con.hu\/sl\/wp-json\/wp\/v2\/comments?post=2999"}],"version-history":[{"count":3,"href":"https:\/\/pro-con.hu\/sl\/wp-json\/wp\/v2\/pages\/2999\/revisions"}],"predecessor-version":[{"id":3002,"href":"https:\/\/pro-con.hu\/sl\/wp-json\/wp\/v2\/pages\/2999\/revisions\/3002"}],"wp:attachment":[{"href":"https:\/\/pro-con.hu\/sl\/wp-json\/wp\/v2\/media?parent=2999"}],"curies":[{"name":"wp","href":"https:\/\/api.w.org\/{rel}","templated":true}]}}