{"id":2357,"date":"2024-04-19T09:04:57","date_gmt":"2024-04-19T09:04:57","guid":{"rendered":"https:\/\/pro-con.hu\/?post_type=product&#038;p=2357"},"modified":"2024-04-24T19:04:14","modified_gmt":"2024-04-24T17:04:14","slug":"pro-con-exreef-40-szigetelt-raktarkontener-ex-reefer","status":"publish","type":"product","link":"https:\/\/pro-con.hu\/sk\/produkt\/pro-con-exreef-40-szigetelt-raktarkontener-ex-reefer\/","title":{"rendered":"Izolovan\u00fd skladovac\u00ed kontajner PRO-CON EXREEF 40' - ex reefer"},"content":{"rendered":"<h2><b>PROCON 40 st\u00f4p pou\u017eit\u00fd izolovan\u00fd skladovac\u00ed kontajner <\/b><b>(b\u00fdval\u00fd chladiarensk\u00fd voz)<\/b><\/h2>\n<h3><b>Dokonal\u00e9 izolovan\u00e9 skladovanie\u00a0<\/b><\/h3>\n<p><span style=\"font-weight: 400;\">Spolo\u010dnos\u0165 PROCON pon\u00faka 40-metrov\u00e9 pou\u017eit\u00e9, izolovan\u00e9 (b\u00fdval\u00e9 chladiarensk\u00e9) kontajnery, ktor\u00e9 predstavuj\u00fa ide\u00e1lne rie\u0161enie skladovania pre \u0161irok\u00fa \u0161k\u00e1lu potrieb. \u010ci u\u017e potrebujete kontajner na skladovanie, ako diel\u0148u, kancel\u00e1riu alebo dokonca ako obytn\u00fd priestor, 40-metrov\u00fd izolovan\u00fd kontajner od spolo\u010dnosti PROCON je ide\u00e1lnou vo\u013ebou.<\/span><\/p>\n<h2><b>Pre\u010do si vybra\u0165 40-metrov\u00fd izolovan\u00fd kontajner PROCON?<\/b><\/h2>\n<ul>\n<li style=\"font-weight: 400;\" aria-level=\"1\"><b>Odoln\u00e9 a spo\u013eahliv\u00e9:<\/b><span style=\"font-weight: 400;\"> N\u00e1doba je vyroben\u00e1 z vysokokvalitn\u00fdch materi\u00e1lov a je odoln\u00e1 vo\u010di extr\u00e9mnym poveternostn\u00fdm podmienkam.<\/span><\/li>\n<li style=\"font-weight: 400;\" aria-level=\"1\"><b>Izolovan\u00e9:<\/b><span style=\"font-weight: 400;\"> Izolovan\u00e9 steny a strecha kontajnera udr\u017eiavaj\u00fa vn\u00fatorn\u00fa teplotu, tak\u017ee je ide\u00e1lny na skladovanie tovaru citliv\u00e9ho na teplotu.<\/span><\/li>\n<li style=\"font-weight: 400;\" aria-level=\"1\"><b>Priestrann\u00e9:<\/b><span style=\"font-weight: 400;\"> Kontajner je dlh\u00fd 40 st\u00f4p a \u0161irok\u00fd 8 st\u00f4p, \u010do poskytuje dostatok \u00falo\u017en\u00e9ho priestoru.<\/span><\/li>\n<li style=\"font-weight: 400;\" aria-level=\"1\"><b>Je to bezpe\u010dn\u00e9:<\/b><span style=\"font-weight: 400;\"> Kontajner je vybaven\u00fd uzamykate\u013en\u00fdmi dverami a oknami, tak\u017ee v \u0148om m\u00f4\u017eete bezpe\u010dne ulo\u017ei\u0165 svoje cennosti.<\/span><\/li>\n<li style=\"font-weight: 400;\" aria-level=\"1\"><b>V\u0161estrannos\u0165:<\/b><span style=\"font-weight: 400;\"> Kontajner sa d\u00e1 pou\u017ei\u0165 na r\u00f4zne \u00fa\u010dely, od skladovania a\u017e po b\u00fdvanie.<\/span><\/li>\n<li style=\"font-weight: 400;\" aria-level=\"1\"><b>Jednoduch\u00e1 in\u0161tal\u00e1cia:<\/b><span style=\"font-weight: 400;\"> Kontajner sa d\u00e1 \u013eahko nain\u0161talova\u0165 kdeko\u013evek, kde je rovn\u00fd ter\u00e9n.<\/span><\/li>\n<li style=\"font-weight: 400;\" aria-level=\"1\"><b>Ekonomick\u00e1 efekt\u00edvnos\u0165:<\/b><span style=\"font-weight: 400;\"> Kontajner je n\u00e1kladovo efekt\u00edvne rie\u0161enie skladovania, ktor\u00e9 je dlhodobou invest\u00edciou.<\/span><\/li>\n<\/ul>\n<h3><b>Ide\u00e1lny je 40-metrov\u00fd izolovan\u00fd kontajner PROCON:<\/b><\/h3>\n<ul>\n<li style=\"font-weight: 400;\" aria-level=\"1\"><b>Pre podniky:<\/b><span style=\"font-weight: 400;\"> Na skladovanie, do kancel\u00e1rie, dielne alebo aj ako v\u00fdstavn\u00fd priestor.<\/span><\/li>\n<li style=\"font-weight: 400;\" aria-level=\"1\"><b>Pre s\u00fakromn\u00e9 osoby:<\/b><span style=\"font-weight: 400;\"> Na uskladnenie n\u00e1bytku, n\u00e1radia alebo sez\u00f3nnych predmetov.<\/span><\/li>\n<li style=\"font-weight: 400;\" aria-level=\"1\"><b>Pre budovy:<\/b><span style=\"font-weight: 400;\"> Skladovanie n\u00e1strojov a materi\u00e1lov.<\/span><\/li>\n<li style=\"font-weight: 400;\" aria-level=\"1\"><b>V katastrofick\u00fdch situ\u00e1ci\u00e1ch:<\/b><span style=\"font-weight: 400;\"> Ako do\u010dasn\u00e9 ubytovanie.<\/span><\/li>\n<\/ul>\n<p><b>Kontajner PROCON pon\u00faka aj tieto slu\u017eby:<\/b><\/p>\n<ul>\n<li style=\"font-weight: 400;\" aria-level=\"1\"><span style=\"font-weight: 400;\">Preprava<\/span><\/li>\n<li style=\"font-weight: 400;\" aria-level=\"1\"><span style=\"font-weight: 400;\">In\u0161tal\u00e1cia<\/span><\/li>\n<li style=\"font-weight: 400;\" aria-level=\"1\"><span style=\"font-weight: 400;\">\u00dadr\u017eba<\/span><\/li>\n<li style=\"font-weight: 400;\" aria-level=\"1\"><span style=\"font-weight: 400;\">Bezpe\u010dnostn\u00e9 poradenstvo<\/span><\/li>\n<\/ul>\n<p><b>Kontaktujte n\u00e1s e\u0161te dnes pre bezplatn\u00fa cenov\u00fa ponuku na 40-metrov\u00fd izolovan\u00fd kontajner PROCON!<\/b><\/p>\n<p><b>PROCON Container: v\u00e1\u0161 spo\u013eahliv\u00fd kontajnerov\u00fd partner<\/b><\/p>","protected":false},"excerpt":{"rendered":"<p><b>PROCON 40 st\u00f4p pou\u017eit\u00fd izolovan\u00fd (b\u00fdval\u00fd chladiarensk\u00fd) kontajner<\/b><\/p>","protected":false},"featured_media":2358,"template":"","meta":{"_acf_changed":false},"product_brand":[],"product_cat":[29],"product_tag":[],"class_list":{"0":"post-2357","1":"product","2":"type-product","3":"status-publish","4":"has-post-thumbnail","6":"product_cat-kontenerek-es-kiegeszitok","8":"first","9":"instock","10":"shipping-taxable","11":"product-type-simple"},"acf":[],"_links":{"self":[{"href":"https:\/\/pro-con.hu\/sk\/wp-json\/wp\/v2\/product\/2357","targetHints":{"allow":["GET"]}}],"collection":[{"href":"https:\/\/pro-con.hu\/sk\/wp-json\/wp\/v2\/product"}],"about":[{"href":"https:\/\/pro-con.hu\/sk\/wp-json\/wp\/v2\/types\/product"}],"version-history":[{"count":5,"href":"https:\/\/pro-con.hu\/sk\/wp-json\/wp\/v2\/product\/2357\/revisions"}],"predecessor-version":[{"id":2677,"href":"https:\/\/pro-con.hu\/sk\/wp-json\/wp\/v2\/product\/2357\/revisions\/2677"}],"wp:featuredmedia":[{"embeddable":true,"href":"https:\/\/pro-con.hu\/sk\/wp-json\/wp\/v2\/media\/2358"}],"wp:attachment":[{"href":"https:\/\/pro-con.hu\/sk\/wp-json\/wp\/v2\/media?parent=2357"}],"wp:term":[{"taxonomy":"product_brand","embeddable":true,"href":"https:\/\/pro-con.hu\/sk\/wp-json\/wp\/v2\/product_brand?post=2357"},{"taxonomy":"product_cat","embeddable":true,"href":"https:\/\/pro-con.hu\/sk\/wp-json\/wp\/v2\/product_cat?post=2357"},{"taxonomy":"product_tag","embeddable":true,"href":"https:\/\/pro-con.hu\/sk\/wp-json\/wp\/v2\/product_tag?post=2357"}],"curies":[{"name":"wp","href":"https:\/\/api.w.org\/{rel}","templated":true}]}}