{"id":2464,"date":"2024-04-19T13:48:31","date_gmt":"2024-04-19T13:48:31","guid":{"rendered":"https:\/\/pro-con.hu\/?post_type=product&#038;p=2464"},"modified":"2024-04-24T15:40:12","modified_gmt":"2024-04-24T13:40:12","slug":"pro-con-homeoffice-20-kontener-dolgozoszoba","status":"publish","type":"product","link":"https:\/\/pro-con.hu\/it\/prodotto\/pro-con-homeoffice-20-kontener-dolgozoszoba\/","title":{"rendered":"Studio del contenitore PRO-CON HOMEOFFICE 20\u2032"},"content":{"rendered":"<h2 data-sourcepos=\"1:1-1:64\">PROCON Container Home Office 20\u2032:<\/h2>\n<h3 data-sourcepos=\"1:1-1:64\">La perfetta postazione di lavoro a casa, per lavorare in libert\u00e0!<\/h3>\n<p data-sourcepos=\"3:1-3:118\"><strong>Immaginate di essere seduti in un ufficio tranquillo e professionale nel vostro giardino, con il sole che filtra dalla finestra.<\/strong><\/p>\n<p data-sourcepos=\"5:1-5:223\">PRO-CON Container Home Office \u00e8 una postazione di lavoro dal design unico, moderna e confortevole per il vostro giardino. Non \u00e8 necessaria alcuna autorizzazione per l'installazione, non rovina lo spazio verde del terreno edificabile e non \u00e8 necessario attendere mesi per la costruzione.<\/p>\n<h3 data-sourcepos=\"7:1-7:50\"><strong>Perch\u00e9 scegliere PRO-CON Container Home Office?<\/strong><\/h3>\n<ul data-sourcepos=\"9:1-14:0\">\n<li data-sourcepos=\"9:1-9:111\"><strong>Facile e veloce da installare:<\/strong> I container arrivano prefabbricati e possono essere montati in pochi giorni.<\/li>\n<li data-sourcepos=\"10:1-10:117\"><strong>Efficiente dal punto di vista dei costi:<\/strong> Gli uffici in container hanno costi unitari inferiori rispetto agli edifici convenzionali e richiedono meno manutenzione.<\/li>\n<li data-sourcepos=\"11:1-11:151\"><strong>Resistente e flessibile:<\/strong>\u00a0Gli uffici in container sono durevoli e resistenti alle intemperie. Se necessario, possono essere facilmente ampliati o trasferiti.<\/li>\n<li data-sourcepos=\"12:1-12:79\"><strong>Efficienza energetica:<\/strong> Gli uffici in container sono efficienti dal punto di vista energetico e realizzati con materiali ecologici.<\/li>\n<li data-sourcepos=\"13:1-14:0\"><strong>Moderno ed elegante:<\/strong>\u00a0I giardini in contenitore hanno un aspetto moderno ed elegante che si adatta perfettamente a qualsiasi ambiente di giardino.<\/li>\n<\/ul>\n<h3 data-sourcepos=\"15:1-15:95\"><strong>L'Home Office PRO-CON Container \u00e8 dotato di molte funzioni che facilitano il lavoro:<\/strong><\/h3>\n<ul data-sourcepos=\"17:1-21:0\">\n<li data-sourcepos=\"17:1-17:105\"><strong>Isolamento termico:<\/strong>\u00a0Gli uffici in container sono isolati per garantire temperature confortevoli tutto l'anno.<\/li>\n<li data-sourcepos=\"18:1-18:171\"><strong>Rete elettrica:<\/strong>\u00a0Gli uffici in container sono dotati di corrente elettrica incorporata, in modo da poter collegare il computer, la stampante e altri dispositivi elettronici.<\/li>\n<li data-sourcepos=\"19:1-19:66\"><strong>Internet:<\/strong>\u00a0L'accesso a Internet \u00e8 disponibile anche per gli uffici del container.<\/li>\n<li data-sourcepos=\"20:1-21:0\"><strong>Mobili:<\/strong> Gli uffici in container possono essere arredati secondo le vostre esigenze.<\/li>\n<\/ul>\n<p data-sourcepos=\"24:1-24:143\">Visitate il nostro sito web o chiamateci per un preventivo gratuito per PRO-CON Container Home Office.<\/p>\n<p data-sourcepos=\"26:1-26:200\">Con PRO-CON Container Home Office, potete godere della comodit\u00e0 e della flessibilit\u00e0 di lavorare da casa in un ambiente professionale e stimolante.<\/p>\n<p data-sourcepos=\"26:1-26:200\"><strong>Richiedete oggi stesso un preventivo gratuito per evitare situazioni simili!<\/strong><\/p>\n<p><iframe title=\"I bambini interrompono l&#039;intervista di BBC News - BBC News\" width=\"800\" height=\"450\" src=\"https:\/\/www.youtube.com\/embed\/Mh4f9AYRCZY?feature=oembed\" frameborder=\"0\" allow=\"accelerometer; autoplay; clipboard-write; encrypted-media; gyroscope; picture-in-picture; web-share\" referrerpolicy=\"strict-origin-when-cross-origin\" allowfullscreen><\/iframe><\/p>","protected":false},"excerpt":{"rendered":"<p>PRO-CON Container Home Office \u00e8 una postazione di lavoro dal design unico, moderna e confortevole per il vostro giardino. Non \u00e8 necessaria alcuna autorizzazione per l'installazione, non rovina lo spazio verde del terreno edificabile e non \u00e8 necessario attendere mesi per la costruzione.<\/p>","protected":false},"featured_media":2465,"template":"","meta":{"_acf_changed":false},"product_brand":[],"product_cat":[28],"product_tag":[],"class_list":{"0":"post-2464","1":"product","2":"type-product","3":"status-publish","4":"has-post-thumbnail","6":"product_cat-kontener-epitmenyek","8":"first","9":"instock","10":"shipping-taxable","11":"product-type-simple"},"acf":[],"_links":{"self":[{"href":"https:\/\/pro-con.hu\/it\/wp-json\/wp\/v2\/product\/2464","targetHints":{"allow":["GET"]}}],"collection":[{"href":"https:\/\/pro-con.hu\/it\/wp-json\/wp\/v2\/product"}],"about":[{"href":"https:\/\/pro-con.hu\/it\/wp-json\/wp\/v2\/types\/product"}],"version-history":[{"count":6,"href":"https:\/\/pro-con.hu\/it\/wp-json\/wp\/v2\/product\/2464\/revisions"}],"predecessor-version":[{"id":2657,"href":"https:\/\/pro-con.hu\/it\/wp-json\/wp\/v2\/product\/2464\/revisions\/2657"}],"wp:featuredmedia":[{"embeddable":true,"href":"https:\/\/pro-con.hu\/it\/wp-json\/wp\/v2\/media\/2465"}],"wp:attachment":[{"href":"https:\/\/pro-con.hu\/it\/wp-json\/wp\/v2\/media?parent=2464"}],"wp:term":[{"taxonomy":"product_brand","embeddable":true,"href":"https:\/\/pro-con.hu\/it\/wp-json\/wp\/v2\/product_brand?post=2464"},{"taxonomy":"product_cat","embeddable":true,"href":"https:\/\/pro-con.hu\/it\/wp-json\/wp\/v2\/product_cat?post=2464"},{"taxonomy":"product_tag","embeddable":true,"href":"https:\/\/pro-con.hu\/it\/wp-json\/wp\/v2\/product_tag?post=2464"}],"curies":[{"name":"wp","href":"https:\/\/api.w.org\/{rel}","templated":true}]}}