{"id":2357,"date":"2024-04-19T09:04:57","date_gmt":"2024-04-19T09:04:57","guid":{"rendered":"https:\/\/pro-con.hu\/?post_type=product&#038;p=2357"},"modified":"2024-04-24T19:04:14","modified_gmt":"2024-04-24T17:04:14","slug":"pro-con-exreef-40-szigetelt-raktarkontener-ex-reefer","status":"publish","type":"product","link":"https:\/\/pro-con.hu\/it\/prodotto\/pro-con-exreef-40-szigetelt-raktarkontener-ex-reefer\/","title":{"rendered":"Contenitore di stoccaggio isolato PRO-CON EXREEF 40\u2032 - ex reefer"},"content":{"rendered":"<h2><b>Contenitore di stoccaggio isolato usato PROCON da 40 piedi <\/b><b>(ex reefer)<\/b><\/h2>\n<h3><b>Il perfetto contenitore isolato\u00a0<\/b><\/h3>\n<p><span style=\"font-weight: 400;\">PROCON offre container isolati (ex reefer) da 40 piedi usati che rappresentano la soluzione di stoccaggio ideale per un'ampia gamma di esigenze. Se avete bisogno di un container per lo stoccaggio, come officina, ufficio o persino come spazio abitativo, il container isolato da 40 piedi di PROCON \u00e8 la scelta perfetta.<\/span><\/p>\n<h2><b>Perch\u00e9 scegliere un container isolato da 40 piedi PROCON?<\/b><\/h2>\n<ul>\n<li style=\"font-weight: 400;\" aria-level=\"1\"><b>Durevole e affidabile:<\/b><span style=\"font-weight: 400;\"> Il contenitore \u00e8 realizzato con materiali di alta qualit\u00e0 ed \u00e8 resistente a condizioni climatiche estreme.<\/span><\/li>\n<li style=\"font-weight: 400;\" aria-level=\"1\"><b>Isolato:<\/b><span style=\"font-weight: 400;\"> Le pareti e il tetto isolati del container mantengono la temperatura interna, rendendolo ideale per lo stoccaggio di merci sensibili alla temperatura.<\/span><\/li>\n<li style=\"font-weight: 400;\" aria-level=\"1\"><b>Spazioso:<\/b><span style=\"font-weight: 400;\"> Il container ha una lunghezza di 40 piedi e una larghezza di 8 piedi, per offrire un ampio spazio di stoccaggio.<\/span><\/li>\n<li style=\"font-weight: 400;\" aria-level=\"1\"><b>\u00c8 sicuro:<\/b><span style=\"font-weight: 400;\"> Il container \u00e8 dotato di porte e finestre con serratura, in modo da poter riporre i vostri oggetti di valore al sicuro all'interno.<\/span><\/li>\n<li style=\"font-weight: 400;\" aria-level=\"1\"><b>Versatile:<\/b><span style=\"font-weight: 400;\"> Il contenitore pu\u00f2 essere utilizzato per un'ampia variet\u00e0 di scopi, dallo stoccaggio all'alloggio.<\/span><\/li>\n<li style=\"font-weight: 400;\" aria-level=\"1\"><b>Facile da installare:<\/b><span style=\"font-weight: 400;\"> Il contenitore pu\u00f2 essere facilmente installato ovunque vi sia un terreno pianeggiante.<\/span><\/li>\n<li style=\"font-weight: 400;\" aria-level=\"1\"><b>Efficiente dal punto di vista dei costi:<\/b><span style=\"font-weight: 400;\"> Un container \u00e8 una soluzione di stoccaggio economica che rappresenta un investimento a lungo termine.<\/span><\/li>\n<\/ul>\n<h3><b>Il container isolato da 40 piedi PROCON \u00e8 l'ideale:<\/b><\/h3>\n<ul>\n<li style=\"font-weight: 400;\" aria-level=\"1\"><b>Per le aziende:<\/b><span style=\"font-weight: 400;\"> Per magazzino, ufficio, officina o anche come showroom.<\/span><\/li>\n<li style=\"font-weight: 400;\" aria-level=\"1\"><b>Per i privati:<\/b><span style=\"font-weight: 400;\"> Per riporre mobili, attrezzi o oggetti stagionali.<\/span><\/li>\n<li style=\"font-weight: 400;\" aria-level=\"1\"><b>Per gli edifici:<\/b><span style=\"font-weight: 400;\"> Stoccaggio di strumenti e materiali.<\/span><\/li>\n<li style=\"font-weight: 400;\" aria-level=\"1\"><b>In situazioni di disastro:<\/b><span style=\"font-weight: 400;\"> Come alloggio temporaneo.<\/span><\/li>\n<\/ul>\n<p><b>Il contenitore PROCON offre anche i seguenti servizi:<\/b><\/p>\n<ul>\n<li style=\"font-weight: 400;\" aria-level=\"1\"><span style=\"font-weight: 400;\">Spedizione<\/span><\/li>\n<li style=\"font-weight: 400;\" aria-level=\"1\"><span style=\"font-weight: 400;\">Installazione<\/span><\/li>\n<li style=\"font-weight: 400;\" aria-level=\"1\"><span style=\"font-weight: 400;\">Manutenzione<\/span><\/li>\n<li style=\"font-weight: 400;\" aria-level=\"1\"><span style=\"font-weight: 400;\">Consigli per la sicurezza<\/span><\/li>\n<\/ul>\n<p><b>Contattateci oggi stesso per un preventivo gratuito su un container coibentato PROCON da 40 piedi!<\/b><\/p>\n<p><b>PROCON Container: il vostro partner affidabile per i container<\/b><\/p>","protected":false},"excerpt":{"rendered":"<p><b>Contenitore isolato (ex reefer) usato da 40 piedi PROCON<\/b><\/p>","protected":false},"featured_media":2358,"template":"","meta":{"_acf_changed":false},"product_brand":[],"product_cat":[29],"product_tag":[],"class_list":{"0":"post-2357","1":"product","2":"type-product","3":"status-publish","4":"has-post-thumbnail","6":"product_cat-kontenerek-es-kiegeszitok","8":"first","9":"instock","10":"shipping-taxable","11":"product-type-simple"},"acf":[],"_links":{"self":[{"href":"https:\/\/pro-con.hu\/it\/wp-json\/wp\/v2\/product\/2357","targetHints":{"allow":["GET"]}}],"collection":[{"href":"https:\/\/pro-con.hu\/it\/wp-json\/wp\/v2\/product"}],"about":[{"href":"https:\/\/pro-con.hu\/it\/wp-json\/wp\/v2\/types\/product"}],"version-history":[{"count":5,"href":"https:\/\/pro-con.hu\/it\/wp-json\/wp\/v2\/product\/2357\/revisions"}],"predecessor-version":[{"id":2677,"href":"https:\/\/pro-con.hu\/it\/wp-json\/wp\/v2\/product\/2357\/revisions\/2677"}],"wp:featuredmedia":[{"embeddable":true,"href":"https:\/\/pro-con.hu\/it\/wp-json\/wp\/v2\/media\/2358"}],"wp:attachment":[{"href":"https:\/\/pro-con.hu\/it\/wp-json\/wp\/v2\/media?parent=2357"}],"wp:term":[{"taxonomy":"product_brand","embeddable":true,"href":"https:\/\/pro-con.hu\/it\/wp-json\/wp\/v2\/product_brand?post=2357"},{"taxonomy":"product_cat","embeddable":true,"href":"https:\/\/pro-con.hu\/it\/wp-json\/wp\/v2\/product_cat?post=2357"},{"taxonomy":"product_tag","embeddable":true,"href":"https:\/\/pro-con.hu\/it\/wp-json\/wp\/v2\/product_tag?post=2357"}],"curies":[{"name":"wp","href":"https:\/\/api.w.org\/{rel}","templated":true}]}}