{"id":2072,"date":"2024-04-12T08:28:38","date_gmt":"2024-04-12T08:28:38","guid":{"rendered":"https:\/\/pro-con.hu\/?post_type=product&#038;p=2072"},"modified":"2024-09-02T14:59:48","modified_gmt":"2024-09-02T12:59:48","slug":"pro-con-camp-40-kemping-haz","status":"publish","type":"product","link":"https:\/\/pro-con.hu\/it\/prodotto\/pro-con-camp-40-kemping-haz\/","title":{"rendered":"Casa da campeggio PRO-CON CAMP 40\u2032"},"content":{"rendered":"<h2><b>PRO-CON CAMP 40' casa da campeggio\/casa modulare<\/b><\/h2>\n<p><b>L'investimento turistico del futuro!<\/b><\/p>\n<p><strong>Scoprite la casa container PRO-CON CAMP 40', la casa da campeggio del futuro!<\/strong><\/p>\n<p><strong>Il PROCON CAMP 40' \u00e8 una moderna casa container modulare progettata appositamente per il noleggio. \u00c8 un ottimo investimento nel settore del turismo in campeggio, con un rapido ritorno sull'investimento e un reddito stabile.<\/strong><\/p>\n<h3><b>Perch\u00e9 scegliere la casa da campeggio PRO-CON CAMP 40'?<\/b><\/h3>\n<ul>\n<li aria-level=\"1\">Rapido ritorno sull'investimento: le case container hanno costi di investimento inferiori rispetto agli edifici tradizionali e possono essere costruite pi\u00f9 rapidamente. Ci\u00f2 significa ritorni pi\u00f9 rapidi e redditi pi\u00f9 stabili.<\/li>\n<\/ul>\n<ul>\n<li aria-level=\"1\">Facile manutenzione: le case container richiedono una manutenzione minima, per cui \u00e8 necessario dedicare meno tempo ed energia alla manutenzione.<\/li>\n<\/ul>\n<ul>\n<li aria-level=\"1\">Durata: le case container sono estremamente durevoli e resistenti agli agenti atmosferici.<\/li>\n<\/ul>\n<ul>\n<li aria-level=\"1\">Mobilit\u00e0: le case container sono facili da trasportare e possono essere spostate se necessario.<\/li>\n<\/ul>\n<ul>\n<li aria-level=\"1\">Rispetto dell'ambiente: le case in container sono realizzate con materiali riciclati e sono efficienti dal punto di vista energetico.<\/li>\n<\/ul>\n<h3><b>Vantaggi della casa da campeggio PRO-CON CAMP 40':<\/b><\/h3>\n<ul>\n<li aria-level=\"1\">Interni spaziosi: la casa container lunga 40 piedi offre una sistemazione confortevole per 4-6 persone.<\/li>\n<\/ul>\n<ul>\n<li aria-level=\"1\">Design moderno: la casa-container \u00e8 moderna ed elegante, per attirare gli ospiti.<\/li>\n<\/ul>\n<ul>\n<li aria-level=\"1\">Completamente attrezzata: la casa container dispone di cucina, bagno e soggiorno completamente attrezzati.<\/li>\n<\/ul>\n<ul>\n<li aria-level=\"1\">Terrazza: la casa container dispone di una terrazza da cui gli ospiti possono godere della vista.<\/li>\n<\/ul>\n<h3><b>La casa da campeggio PRO-CON CAMP 40' \u00e8 l'ideale:<\/b><\/h3>\n<ul>\n<li>Per i campeggi<\/li>\n<li>Per i villaggi turistici<\/li>\n<li>Per i parchi vacanze<\/li>\n<li>Per chi vuole investire nel turismo in campeggio<\/li>\n<\/ul>\n<h3><b>Il PRO-CON CAMP \u00e8 una casa vacanze\/container di 40':<\/b><\/h3>\n<ul>\n<li style=\"font-weight: 400;\" aria-level=\"1\"><span style=\"font-weight: 400;\">40 m2 di superficie<\/span><\/li>\n<li style=\"font-weight: 400;\" aria-level=\"1\"><span style=\"font-weight: 400;\">2 camere da letto<\/span><\/li>\n<li style=\"font-weight: 400;\" aria-level=\"1\"><span style=\"font-weight: 400;\">Nappalival<\/span><\/li>\n<li style=\"font-weight: 400;\" aria-level=\"1\"><span style=\"font-weight: 400;\">Con cucina<\/span><\/li>\n<li style=\"font-weight: 400;\" aria-level=\"1\"><span style=\"font-weight: 400;\">Con bagno<\/span><\/li>\n<li style=\"font-weight: 400;\" aria-level=\"1\"><span style=\"font-weight: 400;\">Con terrazza<\/span><\/li>\n<\/ul>\n<h3><b>Equipaggiamento dell'alloggio del container:<\/b><\/h3>\n<ul>\n<li style=\"font-weight: 400;\" aria-level=\"1\"><span style=\"font-weight: 400;\">Mobili<\/span><\/li>\n<li style=\"font-weight: 400;\" aria-level=\"1\"><span style=\"font-weight: 400;\">Cucina meccanizzata<\/span><\/li>\n<li style=\"font-weight: 400;\" aria-level=\"1\"><span style=\"font-weight: 400;\">Frigorifero<\/span><\/li>\n<li style=\"font-weight: 400;\" aria-level=\"1\"><span style=\"font-weight: 400;\">Forno a microonde<\/span><\/li>\n<li style=\"font-weight: 400;\" aria-level=\"1\"><span style=\"font-weight: 400;\">Piastra elettrica<\/span><\/li>\n<li style=\"font-weight: 400;\" aria-level=\"1\"><span style=\"font-weight: 400;\">Aria condizionata<\/span><\/li>\n<li style=\"font-weight: 400;\" aria-level=\"1\"><span style=\"font-weight: 400;\">ecc.<\/span><\/li>\n<\/ul>\n<h4><strong>Dimensioni<\/strong><\/h4>\n<ul>\n<li>Larghezza esterna: 3,00 m<\/li>\n<li>Lunghezza esterna: 12,00 m<\/li>\n<li>Altezza esterna: 2,80 - 2,90 m<\/li>\n<\/ul>\n<h4><strong>Parametri strutturali<\/strong><\/h4>\n<ul>\n<li><strong>Struttura del telaio<\/strong>:\n<ul>\n<li>colonne saldate in acciaio al carbonio 50 x 50 x 3 mm;<\/li>\n<li>travi 80 x 60 x 3 mm<\/li>\n<li>Pittura poliuretanica, colore ral7016<\/li>\n<\/ul>\n<\/li>\n<li><strong>Tetto<\/strong>:\n<ul>\n<li>Pendenza: - 3 %<\/li>\n<li>Materiale: pannello sandwich in PP da 100 mm<\/li>\n<li>Valore di isolamento: (Uc) 0,39 W (m2 * K)<\/li>\n<li>Colore: RAL 9006\/9010<\/li>\n<\/ul>\n<\/li>\n<li><strong>Piano<\/strong>:\n<ul>\n<li>Pannello sandwich 100 mm PP su telaio di base saldato<\/li>\n<li>Pannello MFP 18 mm, rivestimento in linoleum<\/li>\n<\/ul>\n<\/li>\n<li><strong>Muri<\/strong>:\n<ul>\n<li>Pannello sandwich 100 mm \/ 50 mm PP<br \/>\nValore di isolamento (Uc) di 0,39 W \/ (m2 * K) - Colore RAL 7016\/9010<\/li>\n<\/ul>\n<\/li>\n<li><strong>Finestre<\/strong>:\n<ul>\n<li>Finestra in PVC BNY 1 800 x 600 mm (RAL 7016\/9010) - 2 pz.<\/li>\n<li>Finestra in PVC NY 600 x 600 mm (RAL 7016\/9010) - 1 pz.<\/li>\n<li>Finestra in PVC fissa + scorrevole 2 000 x 2 100 mm (RAL 7016\/9010) - 2 pz.<\/li>\n<li>Finestra in PVC Buk\u00f3 600 x 2 100 mm (RAL 7016\/9010) - 2 pz.<\/li>\n<\/ul>\n<\/li>\n<li><strong>Porta<\/strong>:\n<ul>\n<li>Porta di sicurezza esterna 900 x 2 100 mm (RAL 7016) - 1 pz.<\/li>\n<\/ul>\n<\/li>\n<li><strong>Spazio interno<\/strong>:\n<ul>\n<li>Pareti interne: pannello sandwich 50 mm PP + pannello decorativo VOX MOTIVO BASIC o rivestimento in legno<\/li>\n<li>Porta interna: 700 x 2 050 mm (RAL 9010) - 1 pezzo<\/li>\n<\/ul>\n<\/li>\n<li><strong>Ingegneria dell'acqua<\/strong>:\n<ul>\n<li>WC SAPHO Paco Rimless combinato - 1 pezzo<\/li>\n<li>Cabina doccia - 1 doppia RAVAK v equivalente - 1<\/li>\n<li>Caldaia - 1 pz - Ariston Velis EVO 100 v equivalente - 1 pz<\/li>\n<li>Mobile da bagno IKEA HEMNES \/ T\u00d6RNVIKEN - 1 pezzo<\/li>\n<li>Cucina - preparazione dell'acqua e delle acque reflue<\/li>\n<\/ul>\n<\/li>\n<\/ul>\n<p><b>Ulteriori informazioni:<\/b><\/p>\n<ul>\n<li style=\"font-weight: 400;\" aria-level=\"1\"><span style=\"font-weight: 400;\">Sito web: <a href=\"https:\/\/www.almaskemp.hu\/\" target=\"_blank\" rel=\"noopener\">almasglamp.hu<\/a><\/span><\/li>\n<\/ul>\n<p><iframe title=\"Nascondiglio nella foresta - AlmasGlamp Zebeg\u00e9ny\" width=\"800\" height=\"450\" src=\"https:\/\/www.youtube.com\/embed\/r3BfrKc4ISY?feature=oembed&#038;enablejsapi=1&#038;origin=https:\/\/pro-con.hu\" frameborder=\"0\" allow=\"accelerometer; autoplay; clipboard-write; encrypted-media; gyroscope; picture-in-picture; web-share\" referrerpolicy=\"strict-origin-when-cross-origin\" allowfullscreen><\/iframe><\/p>\n<p><b>Contattateci oggi stesso per un preventivo gratuito sulla casa vacanze \/ casa container PROCON CAMP 40'!<\/b><\/p>\n<p>Visualizza in un'altra dimensione: <a href=\"https:\/\/pro-con.hu\/it\/prodotto\/pro-con-camp-20-kempinghaz\/\">20\u2032 casa da campeggio<\/a><\/p>","protected":false},"excerpt":{"rendered":"<p>Che siate una famiglia o un piccolo gruppo di amici, una casa rapida perfettamente progettata come questa offre molto spazio. \u00c8 ideale per 4-5 persone.<\/p>","protected":false},"featured_media":2074,"template":"","meta":{"_acf_changed":false},"product_brand":[],"product_cat":[28],"product_tag":[],"class_list":{"0":"post-2072","1":"product","2":"type-product","3":"status-publish","4":"has-post-thumbnail","6":"product_cat-kontener-epitmenyek","8":"first","9":"instock","10":"shipping-taxable","11":"product-type-simple"},"acf":[],"_links":{"self":[{"href":"https:\/\/pro-con.hu\/it\/wp-json\/wp\/v2\/product\/2072","targetHints":{"allow":["GET"]}}],"collection":[{"href":"https:\/\/pro-con.hu\/it\/wp-json\/wp\/v2\/product"}],"about":[{"href":"https:\/\/pro-con.hu\/it\/wp-json\/wp\/v2\/types\/product"}],"version-history":[{"count":18,"href":"https:\/\/pro-con.hu\/it\/wp-json\/wp\/v2\/product\/2072\/revisions"}],"predecessor-version":[{"id":3288,"href":"https:\/\/pro-con.hu\/it\/wp-json\/wp\/v2\/product\/2072\/revisions\/3288"}],"wp:featuredmedia":[{"embeddable":true,"href":"https:\/\/pro-con.hu\/it\/wp-json\/wp\/v2\/media\/2074"}],"wp:attachment":[{"href":"https:\/\/pro-con.hu\/it\/wp-json\/wp\/v2\/media?parent=2072"}],"wp:term":[{"taxonomy":"product_brand","embeddable":true,"href":"https:\/\/pro-con.hu\/it\/wp-json\/wp\/v2\/product_brand?post=2072"},{"taxonomy":"product_cat","embeddable":true,"href":"https:\/\/pro-con.hu\/it\/wp-json\/wp\/v2\/product_cat?post=2072"},{"taxonomy":"product_tag","embeddable":true,"href":"https:\/\/pro-con.hu\/it\/wp-json\/wp\/v2\/product_tag?post=2072"}],"curies":[{"name":"wp","href":"https:\/\/api.w.org\/{rel}","templated":true}]}}