{"id":2999,"date":"2024-04-26T06:23:37","date_gmt":"2024-04-26T04:23:37","guid":{"rendered":"https:\/\/pro-con.hu\/?page_id=2999"},"modified":"2024-04-26T06:29:06","modified_gmt":"2024-04-26T04:29:06","slug":"adatkezelesi-tajekoztato","status":"publish","type":"page","link":"https:\/\/pro-con.hu\/it\/adatkezelesi-tajekoztato\/","title":{"rendered":"Informativa sulla privacy"},"content":{"rendered":"<div data-elementor-type=\"wp-page\" data-elementor-id=\"2999\" class=\"elementor elementor-2999\" data-elementor-post-type=\"page\">\n\t\t\t\t\t\t<section class=\"elementor-section elementor-top-section elementor-element elementor-element-7047b8b elementor-section-boxed elementor-section-height-default elementor-section-height-default\" data-id=\"7047b8b\" data-element_type=\"section\" data-e-type=\"section\" data-settings=\"{&quot;background_background&quot;:&quot;classic&quot;}\">\n\t\t\t\t\t\t\t<div class=\"elementor-background-overlay\"><\/div>\n\t\t\t\t\t\t\t<div class=\"elementor-container elementor-column-gap-default\">\n\t\t\t\t\t<div class=\"elementor-column elementor-col-100 elementor-top-column elementor-element elementor-element-08045c8\" data-id=\"08045c8\" data-element_type=\"column\" data-e-type=\"column\">\n\t\t\t<div class=\"elementor-widget-wrap elementor-element-populated\">\n\t\t\t\t\t\t<div class=\"elementor-element elementor-element-292adaa elementor-widget elementor-widget-heading\" data-id=\"292adaa\" data-element_type=\"widget\" data-e-type=\"widget\" data-widget_type=\"heading.default\">\n\t\t\t\t<div class=\"elementor-widget-container\">\n\t\t\t\t\t<h1 class=\"elementor-heading-title elementor-size-default\">Informativa sulla privacy<\/h1>\t\t\t\t<\/div>\n\t\t\t\t<\/div>\n\t\t\t\t\t<\/div>\n\t\t<\/div>\n\t\t\t\t\t<\/div>\n\t\t<\/section>\n\t\t\t\t<section class=\"elementor-section elementor-top-section elementor-element elementor-element-23a8b625 elementor-section-boxed elementor-section-height-default elementor-section-height-default\" data-id=\"23a8b625\" data-element_type=\"section\" data-e-type=\"section\">\n\t\t\t\t\t\t<div class=\"elementor-container elementor-column-gap-default\">\n\t\t\t\t\t<div class=\"elementor-column elementor-col-100 elementor-top-column elementor-element elementor-element-5fd3d91\" data-id=\"5fd3d91\" data-element_type=\"column\" data-e-type=\"column\">\n\t\t\t<div class=\"elementor-widget-wrap elementor-element-populated\">\n\t\t\t\t\t\t<div class=\"elementor-element elementor-element-0b9e839 elementor-widget elementor-widget-text-editor\" data-id=\"0b9e839\" data-element_type=\"widget\" data-e-type=\"widget\" data-widget_type=\"text-editor.default\">\n\t\t\t\t<div class=\"elementor-widget-container\">\n\t\t\t\t\t\t\t\t\t<p>Proseco Ipari Megold\u00e1sok Kft. (di seguito \"Fornitore di servizi\") tratta i dati dei visitatori del sito web e degli utenti dei servizi disponibili sul sito web (di seguito collettivamente denominati \"Soggetto interessato\") nel corso della gestione del sito web pro-con.hu (di seguito denominato \"Sito web\").<\/p><p>La presente Informativa sulla privacy si applica a tutte le persone fisiche, le persone giuridiche e le organizzazioni non costituite che utilizzano i servizi disponibili sul Sito web.<\/p><p>Utilizzando il Sito, inviando la richiesta di preventivo, registrandosi, l'Interessato accetta l'Informativa sulla Privacy e acconsente al trattamento dei dati come di seguito indicato.<\/p><h4>Il fornitore di servizi come responsabile del trattamento dei dati<\/h4><ul><li><strong>Nome della societ\u00e0<\/strong>: Proseco Industrial Solutions Ltd.<\/li><li><strong>Sede, indirizzo postale<\/strong>: 2600 V\u00e1c, G\u00f6d\u00f6ll\u0151i \u00fat 15.<\/li><li><strong>Telefono<\/strong>: +36 30 8664886<\/li><li><strong>E-mail<\/strong>: info@proseco.hu<\/li><li><strong>Codice fiscale<\/strong>: 13641573-2-13<\/li><li><strong>Numero di registrazione della societ\u00e0<\/strong>: 13-09-106264<\/li><\/ul><p>In relazione al trattamento dei dati, il Fornitore del servizio informa gli interessati sui dati personali trattati dal Fornitore del servizio sul sito web, sui principi e sulle pratiche seguite nel trattamento dei dati personali, nonch\u00e9 sulle modalit\u00e0 e sugli strumenti per esercitare i diritti degli interessati.<\/p><h3>Definizioni<\/h3><ul><li><strong>interessato<\/strong>: qualsiasi persona fisica che sia identificata o possa essere identificata, direttamente o indirettamente, sulla base di specifici dati personali;<\/li><li><strong>dati personali<\/strong>I dati che possono essere associati all'interessato, in particolare il nome, il marchio di identificazione e uno o pi\u00f9 fattori specifici dell'identit\u00e0 fisica, fisiologica, mentale, economica, culturale o sociale dell'interessato, nonch\u00e9 le deduzioni che possono essere tratte dai dati relativi all'interessato;<\/li><li><strong>Contributo<\/strong>: una manifestazione volontaria ed esplicita della volont\u00e0 dell'interessato, basata su informazioni adeguate, con la quale lo stesso esprime il proprio consenso inequivocabile al trattamento dei dati personali che lo riguardano, nella loro interezza o in relazione a specifiche operazioni;<\/li><li><strong>protesta<\/strong>: l'interessato che si oppone al trattamento dei propri dati personali e chiede la cessazione del trattamento o la cancellazione dei dati trattati;<\/li><li><strong>controllore dei dati<\/strong>: la persona fisica o giuridica o l'organismo non costituito che, da solo o insieme ad altri, determina le finalit\u00e0 del trattamento dei dati, prende e attua le decisioni relative al trattamento (compresi i mezzi utilizzati) o le fa attuare da un incaricato del trattamento per suo conto;<\/li><li><b>gestione dei dati<\/b>Qualsiasi operazione o insieme di operazioni eseguite sui dati, indipendentemente dalla procedura utilizzata, quali la raccolta, la registrazione, l'organizzazione, la conservazione, l'alterazione, l'uso, il recupero, la divulgazione, la trasmissione, l'allineamento o la combinazione, il blocco, la cancellazione o la distruzione, l'impedimento di un ulteriore utilizzo, l'acquisizione di fotografie, registrazioni sonore o immagini e la registrazione di caratteristiche fisiche che possono essere utilizzate per identificare una persona (ad esempio, impronte digitali, impronte palmari, DNA, scansioni dell'iride);<\/li><li><b>elaborazione dei dati<\/b>: l'esecuzione di compiti tecnici connessi alle operazioni di trattamento dei dati, indipendentemente dal metodo e dai mezzi utilizzati per eseguire le operazioni e dal luogo di applicazione, a condizione che il compito tecnico sia eseguito sui dati;<\/li><li><b>processore di dati<\/b>: la persona fisica o giuridica o l'ente non costituito che tratta i dati sulla base di un contratto con il responsabile del trattamento, compreso un contratto concluso in base a una disposizione di legge;<\/li><li><b>trasmissione dei dati<\/b>: rendere disponibili i dati a una terza parte specificata;<\/li><li><b>divulgazione al pubblico<\/b>rendendo i dati accessibili a chiunque;<\/li><li><b>cancellazione dei dati<\/b>: rendere i dati irriconoscibili in modo tale che non sia pi\u00f9 possibile recuperarli;<\/li><li><b>archiviazione dei dati<\/b>: identificare i dati al fine di limitarne l'ulteriore trattamento in modo permanente o per un periodo di tempo limitato;<\/li><li><b>distruzione dei dati<\/b>: la completa distruzione fisica del supporto contenente i dati;<\/li><li><b>terzo<\/b>: una persona fisica o giuridica o un organismo non societario diverso dall'interessato, dal responsabile del trattamento o dall'incaricato del trattamento.<\/li><\/ul><h3>Finalit\u00e0 del trattamento dei dati<\/h3><p>Il Fornitore di servizi utilizzer\u00e0 i dati forniti dall'Interessato al solo scopo di contattare l'Interessato in relazione all'acquisto, e se l'Interessato si iscrive a una newsletter con elementi di marketing diretto, i dati saranno conservati e trattati ai fini dell'invio della newsletter.<\/p><p>Lo scopo dei dati da registrare automaticamente \u00e8 quello di produrre statistiche e migliorare gli aspetti tecnici del sistema informatico.<\/p><p>Il Fornitore di servizi non utilizzer\u00e0 o non potr\u00e0 utilizzare i dati personali forniti per scopi diversi da quelli sopra indicati. Se non diversamente richiesto dalla legge, la divulgazione dei dati personali a terzi o alle autorit\u00e0 pubbliche \u00e8 possibile previo consenso esplicito dell'interessato.<\/p><p>In tutti i casi in cui il Fornitore di servizi intenda utilizzare i dati forniti per scopi diversi da quelli per cui sono stati originariamente raccolti, il Fornitore di servizi informer\u00e0 l'Interessato e otterr\u00e0 il suo previo consenso esplicito o gli fornir\u00e0 la possibilit\u00e0 di vietare tale uso.<\/p><h3>Base giuridica del trattamento dei dati<\/h3><p>Il trattamento dei dati da parte del Fornitore di servizi si basa sul consenso volontario dell'Interessato ai sensi dell'articolo 5 (1) (a) della legge CXII del 2011 sul diritto all'autodeterminazione informativa e alla libert\u00e0 di informazione (di seguito: Info.tv.) e sulla base della legge CVIII del 2001 su alcuni aspetti dei servizi di commercio elettronico e della societ\u00e0 dell'informazione.<\/p><p>Il Fornitore del Servizio non verifica i dati personali che gli vengono forniti, n\u00e9 la loro autenticit\u00e0. La persona che fornisce i dati, l'interessato, il contraente \u00e8 l'unico responsabile della correttezza dei dati forniti. Fornendo un indirizzo e-mail, l'Interessato \u00e8 anche responsabile di garantire che solo lui o lei utilizzi l'indirizzo e-mail fornito per ricevere i servizi. In considerazione di tale responsabilit\u00e0, l'accesso ai dati da un determinato indirizzo di posta elettronica<\/p><p>\u00e8 responsabilit\u00e0 esclusiva dell'Interessato che ha fornito l'indirizzo e-mail.<\/p><h3>Ambito dei dati personali trattati<\/h3><p>Dati obbligatori da fornire durante la registrazione: nome, cognome, indirizzo e-mail, password, numero di telefono.<\/p><p>Dati di fatturazione: nome, numero di telefono, codice postale, citt\u00e0, via, numero civico.<\/p><p>Dati di consegna: nome, numero di telefono, codice postale, citt\u00e0, via, numero civico<\/p><p>Se l'Interessato utilizza i dati personali in modo illegale, fraudolento e commette un reato, il Fornitore di servizi pu\u00f2 cancellare tutti i dati personali immediatamente dopo essere venuto a conoscenza della cancellazione della registrazione.<\/p><h4>Newsletter<\/h4><p>In caso di iscrizione alla newsletter, l'interessato \u00e8 tenuto a fornire al Fornitore del Servizio il proprio indirizzo e-mail.<\/p><h4>Contatto<\/h4><p>Se l'Interessato desidera contattare il Fornitore di servizi per via elettronica, pu\u00f2 utilizzare il modulo elettronico disponibile nella sezione Contatti. Nel modulo di contatto, l'Interessato deve fornire al Fornitore del Servizio il proprio nome, indirizzo e-mail e numero di telefono.<\/p><h4>Dati tecnici<\/h4><p>I dati di accesso al computer dell'Interessato, generati durante l'utilizzo del servizio e registrati dal sistema del Fornitore del Servizio come risultato automatico di processi tecnici. In particolare, si tratta della data e dell'ora della visita, dell'indirizzo IP del computer dell'Interessato, del tipo di browser, dell'indirizzo del sito web visitato e del sito web precedentemente visitato.<\/p><p>I dati registrati automaticamente vengono registrati automaticamente dal sistema al momento del login o del logout, senza alcuna dichiarazione o azione speciale da parte dell'interessato. Questi dati non possono essere collegati ad altri dati personali dell'utente, salvo nei casi previsti dalla legge. L'accesso ai dati \u00e8 limitato al Fornitore del servizio.<\/p><p>Il sistema del Fornitore di servizi pu\u00f2 raccogliere dati sull'attivit\u00e0 degli Interessati, che non possono essere collegati ad altri dati forniti dall'Interessato, n\u00e9 a dati generati dall'uso di altri siti web o servizi.<\/p><p>Il codice html del Sito web pu\u00f2 contenere link da e verso server esterni indipendenti dal Fornitore del servizio. I fornitori di questi link possono raccogliere i dati dell'utente grazie alla connessione diretta al loro server.<\/p><h3>Biscotti<\/h3><p>Il Fornitore di servizi e i fornitori di servizi esterni designati inseriscono e rileggono un piccolo pacchetto di dati, un cosiddetto cookie, sul computer dell'Interessato al fine di fornire un servizio personalizzato. Se il browser restituisce un cookie precedentemente salvato, il fornitore di servizi che gestisce il cookie ha la possibilit\u00e0 di collegare i dati salvati durante le visite attuali dell'Interessato ai dati salvati durante le visite precedenti, ma solo per quanto riguarda i propri contenuti.<\/p><p><span style=\"background-color: transparent; color: var( --e-global-color-primary ); font-family: var( --e-global-typography-text-font-family ), Sans-serif; font-style: var( --e-global-typography-b2ce6af-font-style ); letter-spacing: var( --e-global-typography-b2ce6af-letter-spacing ); text-transform: var( --e-global-typography-b2ce6af-text-transform ); word-spacing: var( --e-global-typography-b2ce6af-word-spacing );\"><b>Il fornitore del servizio utilizza il seguente cookie:<\/b><\/span><\/p><ul><li>Cookie di sessione: i cookie di sessione vengono eliminati automaticamente dopo la visita dell'Interessato. Questi cookie sono utilizzati per consentire al Sito Web del Fornitore del Servizio di funzionare in modo pi\u00f9 efficiente e sicuro e sono quindi essenziali per consentire il corretto funzionamento di alcune funzioni del Sito Web o di alcune applicazioni.<\/li><li>Cookie persistenti: anche i cookie persistenti sono utilizzati dal Fornitore del servizio per migliorare l'esperienza dell'utente (ad esempio per fornire una navigazione ottimizzata). Questi cookie sono memorizzati per un periodo di tempo pi\u00f9 lungo nel file dei cookie del browser. La durata di questo cookie dipende dalle impostazioni del browser web dell'Interessato.<\/li><li>Cookie di sicurezza.<\/li><\/ul><p>I server esterni facilitano la misurazione e la verifica indipendente del traffico del Sito e di altri dati di analisi web (Google Analytics). I responsabili del trattamento dei dati possono fornire all'Interessato informazioni dettagliate sulla gestione dei dati di misurazione.<\/p><p>Contatto: www.google.com\/analytics\/<\/p><p>La funzione \"Aiuto\" nella barra dei menu della maggior parte dei browser fornisce informazioni su come l'Interessato pu\u00f2, nel suo browser.<\/p><ul><li>come disabilitare i cookie,<\/li><li>come accettare nuovi cookie,<\/li><li>come indicare al browser di impostare un nuovo cookie, oppure<\/li><li>come disattivare altri cookie.<\/li><\/ul><p>Se non volete che Google Analytics misuri i dati di cui sopra nel modo e per gli scopi descritti, installate un componente aggiuntivo del browser per bloccarlo.<\/p><p>Il Sito utilizza i tracker di remarketing di Google Adwords e i codici di tracciamento di Facebook. Questo per consentire ai visitatori del sito di essere indirizzati da annunci di remarketing su siti web della rete Google Display. Il codice di remarketing utilizza i cookie per contrassegnare i visitatori. Gli utenti del sito possono disattivare questi cookie visitando il gestore delle impostazioni pubblicitarie di Google e seguendo le istruzioni ivi contenute. In questo modo non riceveranno pi\u00f9 offerte personalizzate dal Fornitore del servizio.<\/p><h3>Durata del trattamento<\/h3><h4>Dati forniti al momento del contatto<\/h4><p>Il trattamento dei dati personali forniti proseguir\u00e0 fino a quando l'Interessato non richieder\u00e0 la cancellazione dei propri dati dal sistema inviando una e-mail a info@proseco.hu o per posta. In questo caso, il termine per la cancellazione non sar\u00e0 superiore a 5 giorni lavorativi dalla data di ricezione della richiesta. Con la cancellazione della registrazione, i contenuti inseriti sul Sito Web dall'Interessato non saranno rimossi, ma solo il nome utente dell'Interessato sar\u00e0 cancellato insieme ai contenuti.<\/p><h4>Dati forniti al momento dell'iscrizione alla newsletter<\/h4><p>L'interessato pu\u00f2 annullare l'iscrizione in qualsiasi momento, gratuitamente, senza limitazioni e senza fornire alcuna motivazione. Nel caso di una newsletter, il Fornitore di servizi tratter\u00e0 i dati forniti dall'Interessato al momento dell'iscrizione alla newsletter fino a quando l'Interessato non si disiscriver\u00e0 dalla newsletter cliccando sul pulsante \"Unsubscribe\" nella newsletter o richieder\u00e0 di essere rimosso dall'elenco degli iscritti alla newsletter tramite e-mail o posta. In caso di annullamento dell'iscrizione, il Fornitore del servizio non invier\u00e0 la newsletter all'Interessato dopo aver ricevuto la richiesta (via e-mail, per posta o cliccando sul pulsante \"Annullamento dell'iscrizione\").<\/p><h4>Dati tecnici<\/h4><p>I dati registrati vengono conservati per 6 mesi dalla data di registrazione, ad eccezione della data dell'ultima visita, che viene sovrascritta automaticamente.<\/p><h3>Soggetti interessati, trasferimenti di dati, trattamento dei dati<\/h3><p>I dati personali forniti sono accessibili principalmente al Fornitore di servizi o ai suoi dipendenti interni, ma non vengono divulgati o forniti a terzi.<\/p><p>Il Fornitore del servizio pu\u00f2 avvalersi di un responsabile del trattamento dei dati (ad esempio: gestore del sistema, invio di newsletter) per il funzionamento del sito web e la fornitura di servizi. Ambito dei responsabili del trattamento:<\/p><h4>Dettagli sul provider di hosting:<\/h4><p>Nome: T\u00e1rhely.Eu Service Provider Ltd.<\/p><p>Sede centrale: 1144 Budapest, Orm\u00e1ns\u00e1g utca 4 X. em. 241.<\/p><p>Codice fiscale: 14571332-2-42<\/p><p>Indirizzo e-mail: support@tarhely.eu<\/p><p>Sito web: tarhely.eu<\/p><h3>I vostri diritti e i mezzi di ricorso<\/h3><h4>Diritto all'informazione<\/h4><p>L'interessato ha il diritto di richiedere in qualsiasi momento informazioni sui dati personali che lo riguardano trattati dal Fornitore del Servizio.<\/p><p>Su richiesta dell'Interessato, il Fornitore di servizi fornir\u00e0 informazioni sui dati trattati dal Fornitore di servizi relativi all'Interessato, sulle finalit\u00e0, sulla base giuridica e sulla durata del trattamento, nonch\u00e9 su chi ha ricevuto o riceve i dati e per quale scopo. Il Fornitore di servizi fornir\u00e0 le informazioni richieste per iscritto entro 30 giorni dalla richiesta.<\/p><p>L'Interessato pu\u00f2 contattare il dipendente del Fornitore di servizi per qualsiasi domanda o commento sul trattamento dei dati tramite i dati di contatto indicati al punto 1.<\/p><h4>L'interessato pu\u00f2 chiedere la cancellazione, la rettifica o il blocco dei dati che lo riguardano.<\/h4><p>L'interessato ha il diritto di richiedere in qualsiasi momento la rettifica o la cancellazione dei dati registrati in modo errato utilizzando uno dei recapiti indicati di seguito. Il Fornitore di servizi canceller\u00e0 i dati entro 5 giorni lavorativi dal ricevimento della richiesta, nel qual caso non saranno recuperabili. La cancellazione non si applica al trattamento dei dati richiesto dalla legge (ad es. regolamenti contabili), che saranno conservati dal Fornitore di servizi per il periodo necessario.<\/p><p>L'Interessato pu\u00f2 anche richiedere il blocco dei propri dati. Il Fornitore di servizi bloccher\u00e0 i dati personali se l'Interessato lo richiede o se, sulla base delle informazioni a sua disposizione, \u00e8 probabile che la cancellazione danneggi i legittimi interessi dell'Interessato. I dati personali cos\u00ec bloccati potranno essere trattati solo fino a quando persister\u00e0 la finalit\u00e0 di trattamento che ha impedito la cancellazione dei dati personali.<\/p><p>La rettifica, il blocco e la cancellazione devono essere notificati all'interessato e a tutti coloro ai quali i dati sono stati precedentemente comunicati per il trattamento. La notifica pu\u00f2 essere omessa se ci\u00f2 non pregiudica i legittimi interessi dell'interessato in relazione alle finalit\u00e0 del trattamento.<\/p><p>Se il responsabile del trattamento non d\u00e0 seguito alla richiesta di rettifica, blocco o cancellazione dell'interessato, entro 30 giorni dal ricevimento della richiesta dovr\u00e0 comunicare per iscritto i motivi di fatto e di diritto per cui rifiuta la richiesta di rettifica, blocco o cancellazione.<\/p><h4>Gli interessati possono opporsi al trattamento dei propri dati personali<\/h4><p>L'interessato pu\u00f2 opporsi al trattamento dei propri dati personali. Il Fornitore di servizi esaminer\u00e0 l'obiezione nel pi\u00f9 breve tempo possibile dalla data della richiesta, ma non oltre 15 giorni, e decider\u00e0 se l'obiezione \u00e8 giustificata e informer\u00e0 il richiedente per iscritto della sua decisione.<\/p><p>L'Interessato potr\u00e0 esercitare i diritti di cui al punto 8 attraverso i recapiti indicati al punto 1.<\/p><p>Sulla base dell'Info.tv. e del Codice Civile (Legge V del 2013), l'Interessato ha diritto a.<\/p><p>\u00c8 possibile contattare l'Autorit\u00e0 nazionale per la protezione dei dati e la libert\u00e0 d'informazione (1125 Budapest, Szil\u00e1gyi Erzs\u00e9bet fasor 22\/c.; www.naih.hu) oppure<\/p><p>Potete far valere i vostri diritti in tribunale.<\/p><p>Se l'Interessato ha fornito dati di terzi per l'utilizzo del servizio durante la registrazione, l'iscrizione alla newsletter, ecc. o ha causato danni in qualsiasi modo durante l'utilizzo del Sito web, il Fornitore del servizio ha il diritto di richiedere un risarcimento danni all'Interessato. In tal caso, il Fornitore del servizio fornir\u00e0 tutta l'assistenza ragionevole alle autorit\u00e0 competenti al fine di stabilire l'identit\u00e0 della persona colpevole.<\/p><h3>Utilizzo di indirizzi e-mail<\/h3><p>Il Fornitore di servizi presta particolare attenzione alla legalit\u00e0 dell'uso degli indirizzi e-mail che gestisce.<\/p><p>Il trattamento degli indirizzi e-mail ha come scopo principale l'identificazione dell'Interessato e il mantenimento del contatto durante l'utilizzo dei servizi, pertanto le e-mail vengono inviate principalmente a questo scopo.<\/p><h3>Sicurezza dei dati<\/h3><p>Il Fornitore del servizio si impegna a garantire la sicurezza dei dati, ad adottare misure tecniche per garantire la protezione dei dati registrati, memorizzati o elaborati e a prendere tutte le misure necessarie per impedirne la distruzione, l'uso non autorizzato o l'alterazione non autorizzata. Si impegna inoltre a richiedere a qualsiasi terzo a cui possa trasferire o divulgare i dati di rispettare i propri obblighi in materia.<\/p><h3>Altre disposizioni<\/h3><p>Il Fornitore del servizio si riserva il diritto di modificare unilateralmente la presente Informativa sulla privacy, dandone preventiva comunicazione agli Interessati tramite il Sito web. Dopo l'entrata in vigore della modifica, l'Interessato accetta l'Informativa sulla privacy modificata utilizzando il Sito web.<\/p><p>La presente Informativa sulla privacy \u00e8 valida dal 13 febbraio 2024.<\/p>\t\t\t\t\t\t\t\t<\/div>\n\t\t\t\t<\/div>\n\t\t\t\t\t<\/div>\n\t\t<\/div>\n\t\t\t\t\t<\/div>\n\t\t<\/section>\n\t\t\t\t<\/div>","protected":false},"excerpt":{"rendered":"<p>Adatkezel\u00e9si t\u00e1j\u00e9koztat\u00f3 A Proseco Ipari Megold\u00e1sok Kft. (a tov\u00e1bbiakban: Szolg\u00e1ltat\u00f3) pro-con.hu weboldal (a tov\u00e1bbiakban: Honlap) m\u0171k\u00f6dtet\u00e9se sor\u00e1n a Honlapra l\u00e1togat\u00f3k \u00e9s a Honlapon el\u00e9rhet\u0151 szolg\u00e1ltat\u00e1sokat ig\u00e9nybe vev\u0151k (a tov\u00e1bbiakban egy\u00fcttesen \u00c9rintett) adatait kezeli. Jelen Adatkezel\u00e9si T\u00e1j\u00e9koztat\u00f3 kiterjed minden &#8211; a Honlapon el\u00e9rhet\u0151 szolg\u00e1ltat\u00e1st haszn\u00e1l\u00f3 &#8211; term\u00e9szetes szem\u00e9lyre, jogi szem\u00e9lyre, \u00e9s jogi szem\u00e9lyis\u00e9ggel nem rendelkez\u0151 szervezetre. [&hellip;]<\/p>\n","protected":false},"author":1,"featured_media":0,"parent":0,"menu_order":0,"comment_status":"closed","ping_status":"closed","template":"","meta":{"_acf_changed":false,"footnotes":""},"class_list":["post-2999","page","type-page","status-publish","hentry"],"acf":[],"_links":{"self":[{"href":"https:\/\/pro-con.hu\/it\/wp-json\/wp\/v2\/pages\/2999","targetHints":{"allow":["GET"]}}],"collection":[{"href":"https:\/\/pro-con.hu\/it\/wp-json\/wp\/v2\/pages"}],"about":[{"href":"https:\/\/pro-con.hu\/it\/wp-json\/wp\/v2\/types\/page"}],"author":[{"embeddable":true,"href":"https:\/\/pro-con.hu\/it\/wp-json\/wp\/v2\/users\/1"}],"replies":[{"embeddable":true,"href":"https:\/\/pro-con.hu\/it\/wp-json\/wp\/v2\/comments?post=2999"}],"version-history":[{"count":3,"href":"https:\/\/pro-con.hu\/it\/wp-json\/wp\/v2\/pages\/2999\/revisions"}],"predecessor-version":[{"id":3002,"href":"https:\/\/pro-con.hu\/it\/wp-json\/wp\/v2\/pages\/2999\/revisions\/3002"}],"wp:attachment":[{"href":"https:\/\/pro-con.hu\/it\/wp-json\/wp\/v2\/media?parent=2999"}],"curies":[{"name":"wp","href":"https:\/\/api.w.org\/{rel}","templated":true}]}}