{"id":2357,"date":"2024-04-19T09:04:57","date_gmt":"2024-04-19T09:04:57","guid":{"rendered":"https:\/\/pro-con.hu\/?post_type=product&#038;p=2357"},"modified":"2024-04-24T19:04:14","modified_gmt":"2024-04-24T17:04:14","slug":"pro-con-exreef-40-szigetelt-raktarkontener-ex-reefer","status":"publish","type":"product","link":"https:\/\/pro-con.hu\/hr\/proizvod\/pro-con-exreef-40-szigetelt-raktarkontener-ex-reefer\/","title":{"rendered":"PRO-CON EXREEF 40&#8242; szigetelt rakt\u00e1rkont\u00e9ner &#8211; ex reefer"},"content":{"rendered":"<h2><b>PROCON 40 l\u00e1bas haszn\u00e1lt, szigetelt rakt\u00e1rkont\u00e9ner <\/b><b>(ex reefer)<\/b><\/h2>\n<h3><b>A t\u00f6k\u00e9letes szigetelt t\u00e1rol\u00f3\u00a0<\/b><\/h3>\n<p><span style=\"font-weight: 400;\">A PROCON k\u00edn\u00e1lat\u00e1ban szerepelnek a 40 l\u00e1bas haszn\u00e1lt, szigetelt (ex reefer) kont\u00e9nerek, melyek ide\u00e1lis t\u00e1rol\u00e1si megold\u00e1st ny\u00fajtanak a legk\u00fcl\u00f6nf\u00e9l\u00e9bb ig\u00e9nyek kiel\u00e9g\u00edt\u00e9s\u00e9re. Ak\u00e1r rakt\u00e1roz\u00e1sra, m\u0171helyk\u00e9nt, irodak\u00e9nt, vagy ak\u00e1r lak\u00f3t\u00e9rk\u00e9nt van sz\u00fcks\u00e9ge kont\u00e9nerre, a PROCON 40 l\u00e1bas szigetelt kont\u00e9nere t\u00f6k\u00e9letes v\u00e1laszt\u00e1s.<\/span><\/p>\n<h2><b>Mi\u00e9rt v\u00e1lasszon PROCON 40 l\u00e1bas szigetelt kont\u00e9nert?<\/b><\/h2>\n<ul>\n<li style=\"font-weight: 400;\" aria-level=\"1\"><b>Tart\u00f3s \u00e9s megb\u00edzhat\u00f3:<\/b><span style=\"font-weight: 400;\"> A kont\u00e9ner kiv\u00e1l\u00f3 min\u0151s\u00e9g\u0171 anyagokb\u00f3l k\u00e9sz\u00fclt, \u00e9s ellen\u00e1ll a sz\u00e9ls\u0151s\u00e9ges id\u0151j\u00e1r\u00e1si k\u00f6r\u00fclm\u00e9nyeknek is.<\/span><\/li>\n<li style=\"font-weight: 400;\" aria-level=\"1\"><b>Szigetelt:<\/b><span style=\"font-weight: 400;\"> A kont\u00e9ner szigetelt falai \u00e9s tet\u0151zete meg\u0151rzi a bels\u0151 h\u0151m\u00e9rs\u00e9kletet, \u00edgy ide\u00e1lis h\u0151m\u00e9rs\u00e9klet-\u00e9rz\u00e9keny \u00e1ruk t\u00e1rol\u00e1s\u00e1ra is.<\/span><\/li>\n<li style=\"font-weight: 400;\" aria-level=\"1\"><b>T\u00e1gas:<\/b><span style=\"font-weight: 400;\"> A kont\u00e9ner 40 l\u00e1b hossz\u00fa \u00e9s 8 l\u00e1b sz\u00e9les, \u00edgy b\u0151s\u00e9ges t\u00e1rol\u00f3helyet biztos\u00edt.<\/span><\/li>\n<li style=\"font-weight: 400;\" aria-level=\"1\"><b>Biztons\u00e1gos:<\/b><span style=\"font-weight: 400;\"> A kont\u00e9ner z\u00e1rhat\u00f3 ajt\u00f3val \u00e9s ablakokkal van felszerelve, \u00edgy biztons\u00e1gosan t\u00e1rolhatja benne \u00e9rt\u00e9keit.<\/span><\/li>\n<li style=\"font-weight: 400;\" aria-level=\"1\"><b>Sokoldal\u00fa:<\/b><span style=\"font-weight: 400;\"> A kont\u00e9nert a legk\u00fcl\u00f6nf\u00e9l\u00e9bb c\u00e9lokra haszn\u00e1lhatja, rakt\u00e1roz\u00e1st\u00f3l lakhat\u00e1sig.<\/span><\/li>\n<li style=\"font-weight: 400;\" aria-level=\"1\"><b>K\u00f6nnyen telep\u00edthet\u0151:<\/b><span style=\"font-weight: 400;\"> A kont\u00e9nert k\u00f6nnyen telep\u00edtheti b\u00e1rhol, ahol s\u00edk terep van.<\/span><\/li>\n<li style=\"font-weight: 400;\" aria-level=\"1\"><b>K\u00f6lts\u00e9ghat\u00e9kony:<\/b><span style=\"font-weight: 400;\"> A kont\u00e9ner egy k\u00f6lts\u00e9ghat\u00e9kony t\u00e1rol\u00e1si megold\u00e1s, amely hossz\u00fa t\u00e1von is megt\u00e9r\u00fcl\u0151 befektet\u00e9s.<\/span><\/li>\n<\/ul>\n<h3><b>A PROCON 40 l\u00e1bas szigetelt kont\u00e9ner ide\u00e1lis:<\/b><\/h3>\n<ul>\n<li style=\"font-weight: 400;\" aria-level=\"1\"><b>V\u00e1llalkoz\u00e1sok sz\u00e1m\u00e1ra:<\/b><span style=\"font-weight: 400;\"> Rakt\u00e1roz\u00e1sra, irodak\u00e9nt, m\u0171helyk\u00e9nt, vagy ak\u00e1r bemutat\u00f3teremk\u00e9nt.<\/span><\/li>\n<li style=\"font-weight: 400;\" aria-level=\"1\"><b>Mag\u00e1nszem\u00e9lyek sz\u00e1m\u00e1ra:<\/b><span style=\"font-weight: 400;\"> B\u00fatorok, szersz\u00e1mok, vagy szezon\u00e1lis cikkek t\u00e1rol\u00e1s\u00e1ra.<\/span><\/li>\n<li style=\"font-weight: 400;\" aria-level=\"1\"><b>\u00c9p\u00edtkez\u00e9sekhez:<\/b><span style=\"font-weight: 400;\"> Eszk\u00f6z\u00f6k \u00e9s anyagok t\u00e1rol\u00e1s\u00e1ra.<\/span><\/li>\n<li style=\"font-weight: 400;\" aria-level=\"1\"><b>Katasztr\u00f3fahelyzetekben:<\/b><span style=\"font-weight: 400;\"> Ideiglenes sz\u00e1ll\u00e1shelyk\u00e9nt.<\/span><\/li>\n<\/ul>\n<p><b>A PROCON kont\u00e9ner a k\u00f6vetkez\u0151 szolg\u00e1ltat\u00e1sokat is ny\u00fajtja:<\/b><\/p>\n<ul>\n<li style=\"font-weight: 400;\" aria-level=\"1\"><span style=\"font-weight: 400;\">Sz\u00e1ll\u00edt\u00e1s<\/span><\/li>\n<li style=\"font-weight: 400;\" aria-level=\"1\"><span style=\"font-weight: 400;\">Telep\u00edt\u00e9s<\/span><\/li>\n<li style=\"font-weight: 400;\" aria-level=\"1\"><span style=\"font-weight: 400;\">Karbantart\u00e1s<\/span><\/li>\n<li style=\"font-weight: 400;\" aria-level=\"1\"><span style=\"font-weight: 400;\">Biztons\u00e1gi tan\u00e1csad\u00e1s<\/span><\/li>\n<\/ul>\n<p><b>L\u00e9pjen kapcsolatba vel\u00fcnk m\u00e9g ma, \u00e9s k\u00e9rjen ingyenes \u00e1raj\u00e1nlatot a PROCON 40 l\u00e1bas szigetelt kont\u00e9nerre!<\/b><\/p>\n<p><b>PROCON Kont\u00e9ner: A megb\u00edzhat\u00f3 kont\u00e9ner partner<\/b><\/p>","protected":false},"excerpt":{"rendered":"<p><b>PROCON 40 l\u00e1bas haszn\u00e1lt, szigetelt (ex reefer) kont\u00e9ner<\/b><\/p>","protected":false},"featured_media":2358,"template":"","meta":{"_acf_changed":false},"product_brand":[],"product_cat":[29],"product_tag":[],"class_list":{"0":"post-2357","1":"product","2":"type-product","3":"status-publish","4":"has-post-thumbnail","6":"product_cat-kontenerek-es-kiegeszitok","8":"first","9":"instock","10":"shipping-taxable","11":"product-type-simple"},"acf":[],"_links":{"self":[{"href":"https:\/\/pro-con.hu\/hr\/wp-json\/wp\/v2\/product\/2357","targetHints":{"allow":["GET"]}}],"collection":[{"href":"https:\/\/pro-con.hu\/hr\/wp-json\/wp\/v2\/product"}],"about":[{"href":"https:\/\/pro-con.hu\/hr\/wp-json\/wp\/v2\/types\/product"}],"version-history":[{"count":5,"href":"https:\/\/pro-con.hu\/hr\/wp-json\/wp\/v2\/product\/2357\/revisions"}],"predecessor-version":[{"id":2677,"href":"https:\/\/pro-con.hu\/hr\/wp-json\/wp\/v2\/product\/2357\/revisions\/2677"}],"wp:featuredmedia":[{"embeddable":true,"href":"https:\/\/pro-con.hu\/hr\/wp-json\/wp\/v2\/media\/2358"}],"wp:attachment":[{"href":"https:\/\/pro-con.hu\/hr\/wp-json\/wp\/v2\/media?parent=2357"}],"wp:term":[{"taxonomy":"product_brand","embeddable":true,"href":"https:\/\/pro-con.hu\/hr\/wp-json\/wp\/v2\/product_brand?post=2357"},{"taxonomy":"product_cat","embeddable":true,"href":"https:\/\/pro-con.hu\/hr\/wp-json\/wp\/v2\/product_cat?post=2357"},{"taxonomy":"product_tag","embeddable":true,"href":"https:\/\/pro-con.hu\/hr\/wp-json\/wp\/v2\/product_tag?post=2357"}],"curies":[{"name":"wp","href":"https:\/\/api.w.org\/{rel}","templated":true}]}}