{"id":3460,"date":"2026-02-18T18:41:55","date_gmt":"2026-02-18T16:41:55","guid":{"rendered":"https:\/\/pro-con.hu\/?post_type=product&#038;p=3460"},"modified":"2026-02-18T19:24:12","modified_gmt":"2026-02-18T17:24:12","slug":"containerpool-kaufen-sueddeutschland-oesterreich","status":"publish","type":"product","link":"https:\/\/pro-con.hu\/es\/producto\/containerpool-kaufen-sueddeutschland-oesterreich\/","title":{"rendered":"Containerpool kaufen \u2013 Premium Pool | PRO-CON"},"content":{"rendered":"<h2><b>PROCON POOL Piscina contenedor de 20<\/b><\/h2>\n<h3>Sum\u00e9rjase en la comodidad<\/h3>\n<p><b>Imag\u00ednate:<\/b><span style=\"font-weight: 400;\"> En su jard\u00edn, podr\u00e1 nadar en el agua fresca mientras el sol le acaricia la cara. La piscina contenedor PROCON POOL 20' BASIC har\u00e1 realidad sus sue\u00f1os de nadar con comodidad y estilo en casa.<\/span><\/p>\n<h3><b>Descubra las ventajas de la piscina contenedor PROCON POOL 20':<\/b><\/h3>\n<ul>\n<li style=\"font-weight: 400;\" aria-level=\"1\"><b>Instalaci\u00f3n r\u00e1pida:<\/b><span style=\"font-weight: 400;\"> S\u00f3lo se tarda unos d\u00edas en instalar la piscina, as\u00ed que pronto estar\u00e1 disfrutando de la experiencia frente al mar.<\/span><\/li>\n<li aria-level=\"1\"><strong>Ratio de espacio verde \u00a1\u00a1\u00a1no reducido!!!<\/strong><\/li>\n<li style=\"font-weight: 400;\" aria-level=\"1\"><b>F\u00e1cil mantenimiento:<\/b><span style=\"font-weight: 400;\"> Limpiar el agua de la piscina es f\u00e1cil y c\u00f3modo.<\/span><\/li>\n<li style=\"font-weight: 400;\" aria-level=\"1\"><b>Durabilidad:<\/b><span style=\"font-weight: 400;\"> La piscina est\u00e1 fabricada con materiales duraderos para que pueda disfrutar de ella durante muchos a\u00f1os.<\/span><\/li>\n<li style=\"font-weight: 400;\" aria-level=\"1\"><b>Portabilidad:<\/b><span style=\"font-weight: 400;\"> La piscina se puede trasladar f\u00e1cilmente, por lo que podr\u00e1 llevarla con usted dondequiera que vaya.<\/span><\/li>\n<li style=\"font-weight: 400;\" aria-level=\"1\"><b>Dise\u00f1o elegante:<\/b><span style=\"font-weight: 400;\"> La piscina confiere a su jard\u00edn un aspecto moderno y elegante.<\/span><\/li>\n<\/ul>\n<h3><b>La piscina contenedor PROCON POOL 20' es ideal:<\/b><\/h3>\n<ul>\n<li style=\"font-weight: 400;\" aria-level=\"1\"><b>Para las familias:<\/b><span style=\"font-weight: 400;\"> La piscina ofrece espacio suficiente para nadar y jugar en familia.<\/span><\/li>\n<li style=\"font-weight: 400;\" aria-level=\"1\"><b>Para deportistas:<\/b><span style=\"font-weight: 400;\"> La piscina es perfecta para nadar y entrenar.<\/span><\/li>\n<li style=\"font-weight: 400;\" aria-level=\"1\"><b>Para los que quieren relajarse:<\/b><span style=\"font-weight: 400;\"> La piscina es el lugar perfecto para relajarse y desestresarse.<\/span><\/li>\n<\/ul>\n<h3><b>Datos t\u00e9cnicos de la piscina de contenedores PROCON POOL 20':<\/b><\/h3>\n<ul>\n<li style=\"font-weight: 400;\" aria-level=\"1\"><b>Tama\u00f1o:<\/b><span style=\"font-weight: 400;\">\u00a0 6, m x 2,44 m x 1,5<\/span><\/li>\n<li style=\"font-weight: 400;\" aria-level=\"1\"><b>Volumen de agua:<\/b><span style=\"font-weight: 400;\"> aprox. 14 000 litros<\/span><\/li>\n<li style=\"font-weight: 400;\" aria-level=\"1\"><b>Sistema de filtrado:<\/b><span style=\"font-weight: 400;\"> filtro de arena<\/span><\/li>\n<li style=\"font-weight: 400;\" aria-level=\"1\"><b>Calefacci\u00f3n:<\/b><span style=\"font-weight: 400;\"> opcional<\/span><\/li>\n<li style=\"font-weight: 400;\" aria-level=\"1\"><b>Luces:<\/b><span style=\"font-weight: 400;\"> opcional<\/span><\/li>\n<\/ul>\n<p><b>\u00a1P\u00f3ngase en contacto con nosotros hoy mismo para obtener un presupuesto gratuito para su piscina contenedor PRO-CON POOL 20'!<\/b><\/p>\n<p><b>Elija la piscina contenedor PROCON POOL y sum\u00e9rjase en la comodidad.<\/b><\/p>","protected":false},"excerpt":{"rendered":"<h2 data-start=\"718\" data-end=\"792\">Containerpool kaufen \u2013 Premium Qualit\u00e4t f\u00fcr S\u00fcddeutschland &amp; \u00d6sterreich<\/h2>\n<p data-start=\"980\" data-end=\"1085\">Ein eigener Pool im Garten ist kein Luxus mehr \u2013<br data-start=\"1028\" data-end=\"1031\" \/>sondern eine bewusste Entscheidung f\u00fcr Lebensqualit\u00e4t.<\/p>\n<p data-start=\"1087\" data-end=\"1260\">Ob f\u00fcr entspannte Sommertage zu zweit,<br data-start=\"1125\" data-end=\"1128\" \/>f\u00fcr die Familie oder f\u00fcr Besuch von Kindern und Enkeln\u00a0<br data-start=\"1184\" data-end=\"1187\" \/>ein hochwertiger Containerpool schafft einen neuen Mittelpunkt im Garten.<\/p>\n<p data-start=\"1262\" data-end=\"1320\">Ohne monatelange Baustelle.<br data-start=\"1289\" data-end=\"1292\" \/>Ohne unkalkulierbare Kosten.<\/p>\n<hr data-start=\"1322\" data-end=\"1325\" \/>\n<h1 data-start=\"1327\" data-end=\"1372\">Warum ein Containerpool?<\/h1>\n<p data-start=\"1374\" data-end=\"1409\">Ein klassischer Betonpool bedeutet:<\/p>\n<p data-start=\"1411\" data-end=\"1502\">\u2013 lange Bauzeit<br data-start=\"1426\" data-end=\"1429\" \/>\u2013 hohe Erdarbeiten<br data-start=\"1447\" data-end=\"1450\" \/>\u2013 komplexe Koordination<br data-start=\"1473\" data-end=\"1476\" \/>\u2013 steigende Zusatzkosten<\/p>\n<p data-start=\"1504\" data-end=\"1541\">Ein <strong data-start=\"1508\" data-end=\"1533\">Premium Containerpool<\/strong> bietet:<\/p>\n<p data-start=\"1543\" data-end=\"1736\">\u2714 Lieferung als fertiges Modul<br data-start=\"1573\" data-end=\"1576\" \/>\u2714 Installation meist innerhalb eines Tages<br data-start=\"1618\" data-end=\"1621\" \/>\u2714 Integrierte Technik<br data-start=\"1642\" data-end=\"1645\" \/>\u2714 Hochwertiger HDPE Poolk\u00f6rper (50 Jahre Materialgarantie)<br data-start=\"1703\" data-end=\"1706\" \/>\u2714 Modernes, zeitloses Design<\/p>\n<hr data-start=\"1738\" data-end=\"1741\" \/>\n<h1 data-start=\"1743\" data-end=\"1789\">F\u00fcr wen ist dieser Containerpool ideal?<\/h1>\n<p data-start=\"1791\" data-end=\"1827\">Unser Containerpool richtet sich an:<\/p>\n<p data-start=\"1829\" data-end=\"1989\">\u2714 Hausbesitzer 50+<br data-start=\"1847\" data-end=\"1850\" \/>\u2714 Frisch Pensionierte \/ Ruhest\u00e4ndler<br data-start=\"1886\" data-end=\"1889\" \/>\u2714 Familien mit eigenem Garten<br data-start=\"1918\" data-end=\"1921\" \/>\u2714 Designorientierte Neubauten<br data-start=\"1950\" data-end=\"1953\" \/>\u2714 Ferienhaus- und Airbnb Betreiber<\/p>\n<p data-start=\"1991\" data-end=\"2012\">Besonders gefragt in:<\/p>\n<p data-start=\"2014\" data-end=\"2076\">Bayern \u2013 Baden-W\u00fcrttemberg \u2013 Tirol \u2013 Salzburg \u2013 Ober\u00f6sterreich<\/p>\n<hr data-start=\"2078\" data-end=\"2081\" \/>\n<h1 data-start=\"2083\" data-end=\"2140\">Technische \u00dcbersicht<\/h1>\n<p data-start=\"2142\" data-end=\"2159\">20\u2019 Containerpool<\/p>\n<p data-start=\"2161\" data-end=\"2402\">\u2022 Au\u00dfenma\u00df: 6,05 m x 2,43 m<br data-start=\"2188\" data-end=\"2191\" \/>\u2022 Wassertiefe: 1,35 m<br data-start=\"2212\" data-end=\"2215\" \/>\u2022 Volumen: ca. 13 m\u00b3<br data-start=\"2235\" data-end=\"2238\" \/>\u2022 Verst\u00e4rkter Stahlrahmen<br data-start=\"2263\" data-end=\"2266\" \/>\u2022 4-Schicht Epoxidbeschichtung<br data-start=\"2296\" data-end=\"2299\" \/>\u2022 HDPE Becken (UV- &amp; chemikalienbest\u00e4ndig)<br data-start=\"2341\" data-end=\"2344\" \/>\u2022 AstralPool Filtersystem<br data-start=\"2369\" data-end=\"2372\" \/>\u2022 Optionale W\u00e4rmepumpe &amp; LED<\/p>\n<p data-start=\"2404\" data-end=\"2450\">Lieferzeit: 4\u20138 Wochen nach Vertragsabschluss.<\/p>\n<hr data-start=\"2452\" data-end=\"2455\" \/>\n<h1 data-start=\"2457\" data-end=\"2504\">Einfache Umsetzung \u2013 Schritt f\u00fcr Schritt<\/h1>\n<p data-start=\"2506\" data-end=\"2689\">1\ufe0f\u20e3 Pers\u00f6nliche Beratung<br data-start=\"2530\" data-end=\"2533\" \/>2\ufe0f\u20e3 Individuelles Angebot<br data-start=\"2558\" data-end=\"2561\" \/>3\ufe0f\u20e3 Fundamentvorbereitung (Plan wird bereitgestellt)<br data-start=\"2613\" data-end=\"2616\" \/>4\ufe0f\u20e3 Lieferung per LKW<br data-start=\"2637\" data-end=\"2640\" \/>5\ufe0f\u20e3 Kranstellung &amp; Inbetriebnahme am selben Tag<\/p>\n<p data-start=\"2691\" data-end=\"2744\">Kein monatelanges Projekt.<br data-start=\"2717\" data-end=\"2720\" \/>Kein Koordinationschaos.<\/p>\n<hr data-start=\"2746\" data-end=\"2749\" \/>\n<h1 data-start=\"2751\" data-end=\"2783\">Investition &amp; Preisrahmen<\/h1>\n<p data-start=\"2785\" data-end=\"2879\">Ein hochwertiger Containerpool beginnt ab ca.<br data-start=\"2830\" data-end=\"2833\" \/><strong data-start=\"2833\" data-end=\"2845\">29.900 \u20ac<\/strong> je nach Ausstattung und Standort.<\/p>\n<p data-start=\"2881\" data-end=\"2894\">Sie erhalten:<\/p>\n<p data-start=\"2896\" data-end=\"2999\">\u2714 Transparente Kalkulation<br data-start=\"2922\" data-end=\"2925\" \/>\u2714 Fixpreisangebot<br data-start=\"2942\" data-end=\"2945\" \/>\u2714 50 \/ 50 Zahlungsstruktur<br data-start=\"2971\" data-end=\"2974\" \/>\u2714 Pers\u00f6nliche Betreuung<\/p>\n<hr data-start=\"3001\" data-end=\"3004\" \/>\n<h1 data-start=\"3006\" data-end=\"3044\">Qualit\u00e4t aus Europa<\/h1>\n<p data-start=\"3046\" data-end=\"3113\">Unsere Containerpools werden in eigener Produktionshalle gefertigt.<\/p>\n<p data-start=\"3115\" data-end=\"3260\">\u2714 Industrielle Fertigungsstandards<br data-start=\"3149\" data-end=\"3152\" \/>\u2714 Statisch verst\u00e4rkte Konstruktion<br data-start=\"3186\" data-end=\"3189\" \/>\u2714 Hochwertige Lackierung<br data-start=\"3213\" data-end=\"3216\" \/>\u2714 Servicef\u00e4higkeit &amp; Ersatzteile verf\u00fcgbar<\/p>\n<p data-start=\"3262\" data-end=\"3346\">Sie investieren in ein langlebiges Produkt \u2013 nicht in ein kurzfristiges Trendobjekt.<\/p>\n<p data-start=\"62\" data-end=\"284\">Kombinieren Sie Ihren <strong data-start=\"84\" data-end=\"101\">Containerpool<\/strong> mit einer stilvollen <strong data-start=\"123\" data-end=\"142\">Container-Sauna<\/strong> oder einem weiteren Premium-Modul \u2013 etwa einem Ruhe-Lounge-Container, Outdoor-Duschmodul oder einem privaten Fitness-Raum im gleichen Design.<\/p>\n<p data-start=\"286\" data-end=\"449\">So entsteht in Ihrem Garten ein ganzj\u00e4hrig nutzbarer Wellness-Bereich mit klarer Formsprache und durchdachtem Konzept \u2013 alles aus einer Hand geplant und umgesetzt.<\/p>\n<p data-start=\"451\" data-end=\"565\" data-is-last-node=\"\" data-is-only-node=\"\">\ud83d\udc49 <strong data-start=\"454\" data-end=\"565\" data-is-last-node=\"\">Lassen Sie sich unverbindlich beraten und gestalten Sie Ihr individuelles Pool- &amp; Wellness-Projekt mit uns.<\/strong><\/p>","protected":false},"featured_media":2410,"template":"","meta":{"_acf_changed":false},"product_brand":[],"product_cat":[28,33],"product_tag":[43],"class_list":{"0":"post-3460","1":"product","2":"type-product","3":"status-publish","4":"has-post-thumbnail","6":"product_cat-kontener-epitmenyek","7":"product_cat-kontener-medence","8":"product_tag-containerpool-kaufen-premium-qualitat-fur-suddeutschland-osterreich","10":"first","11":"instock","12":"shipping-taxable","13":"product-type-simple"},"acf":[],"_links":{"self":[{"href":"https:\/\/pro-con.hu\/es\/wp-json\/wp\/v2\/product\/3460","targetHints":{"allow":["GET"]}}],"collection":[{"href":"https:\/\/pro-con.hu\/es\/wp-json\/wp\/v2\/product"}],"about":[{"href":"https:\/\/pro-con.hu\/es\/wp-json\/wp\/v2\/types\/product"}],"version-history":[{"count":6,"href":"https:\/\/pro-con.hu\/es\/wp-json\/wp\/v2\/product\/3460\/revisions"}],"predecessor-version":[{"id":3471,"href":"https:\/\/pro-con.hu\/es\/wp-json\/wp\/v2\/product\/3460\/revisions\/3471"}],"wp:featuredmedia":[{"embeddable":true,"href":"https:\/\/pro-con.hu\/es\/wp-json\/wp\/v2\/media\/2410"}],"wp:attachment":[{"href":"https:\/\/pro-con.hu\/es\/wp-json\/wp\/v2\/media?parent=3460"}],"wp:term":[{"taxonomy":"product_brand","embeddable":true,"href":"https:\/\/pro-con.hu\/es\/wp-json\/wp\/v2\/product_brand?post=3460"},{"taxonomy":"product_cat","embeddable":true,"href":"https:\/\/pro-con.hu\/es\/wp-json\/wp\/v2\/product_cat?post=3460"},{"taxonomy":"product_tag","embeddable":true,"href":"https:\/\/pro-con.hu\/es\/wp-json\/wp\/v2\/product_tag?post=3460"}],"curies":[{"name":"wp","href":"https:\/\/api.w.org\/{rel}","templated":true}]}}