{"id":2464,"date":"2024-04-19T13:48:31","date_gmt":"2024-04-19T13:48:31","guid":{"rendered":"https:\/\/pro-con.hu\/?post_type=product&#038;p=2464"},"modified":"2024-04-24T15:40:12","modified_gmt":"2024-04-24T13:40:12","slug":"pro-con-homeoffice-20-kontener-dolgozoszoba","status":"publish","type":"product","link":"https:\/\/pro-con.hu\/es\/producto\/pro-con-homeoffice-20-kontener-dolgozoszoba\/","title":{"rendered":"Estudio de contenedores PRO-CON HOMEOFFICE 20\u2032."},"content":{"rendered":"<h2 data-sourcepos=\"1:1-1:64\">PROCON Contenedor Home Office 20\u2032:<\/h2>\n<h3 data-sourcepos=\"1:1-1:64\">La estaci\u00f3n de trabajo dom\u00e9stica perfecta, \u00a1trabaje con libertad!<\/h3>\n<p data-sourcepos=\"3:1-3:118\"><strong>Imag\u00ednese sentado en un tranquilo despacho profesional en su jard\u00edn, con la luz del sol entrando por la ventana.<\/strong><\/p>\n<p data-sourcepos=\"5:1-5:223\">El PRO-CON Container Home Office es una estaci\u00f3n de trabajo de dise\u00f1o exclusivo, moderna y c\u00f3moda para su jard\u00edn. No requiere permiso de obras para su instalaci\u00f3n, no estropea el espacio verde de la parcela edificable y no tiene que esperar meses para su construcci\u00f3n.<\/p>\n<h3 data-sourcepos=\"7:1-7:50\"><strong>\u00bfPor qu\u00e9 elegir PRO-CON Container Home Office?<\/strong><\/h3>\n<ul data-sourcepos=\"9:1-14:0\">\n<li data-sourcepos=\"9:1-9:111\"><strong>Instalaci\u00f3n r\u00e1pida y sencilla:<\/strong> Los contenedores llegan prefabricados y pueden montarse en pocos d\u00edas.<\/li>\n<li data-sourcepos=\"10:1-10:117\"><strong>Rentable:<\/strong> Las oficinas en contenedores tienen costes unitarios m\u00e1s bajos que los edificios convencionales y requieren menos mantenimiento.<\/li>\n<li data-sourcepos=\"11:1-11:151\"><strong>Duradero y flexible:<\/strong>\u00a0Las oficinas en contenedores son duraderas y resistentes a la intemperie. Pueden ampliarse o trasladarse f\u00e1cilmente si es necesario.<\/li>\n<li data-sourcepos=\"12:1-12:79\"><strong>Eficiencia energ\u00e9tica:<\/strong> Las oficinas en contenedores son eficientes desde el punto de vista energ\u00e9tico y est\u00e1n fabricadas con materiales respetuosos con el medio ambiente.<\/li>\n<li data-sourcepos=\"13:1-14:0\"><strong>Moderno y con estilo:<\/strong>\u00a0Los jardines en contenedores tienen un aspecto moderno y elegante que encaja perfectamente en cualquier entorno ajardinado.<\/li>\n<\/ul>\n<h3 data-sourcepos=\"15:1-15:95\"><strong>El PRO-CON Container Home Office tiene muchas funciones para facilitarle el trabajo:<\/strong><\/h3>\n<ul data-sourcepos=\"17:1-21:0\">\n<li data-sourcepos=\"17:1-17:105\"><strong>Aislamiento t\u00e9rmico:<\/strong>\u00a0Las oficinas de los contenedores est\u00e1n aisladas para garantizar temperaturas agradables todo el a\u00f1o.<\/li>\n<li data-sourcepos=\"18:1-18:171\"><strong>Red el\u00e9ctrica:<\/strong>\u00a0Las oficinas contenedoras disponen de toma de corriente integrada para que puedas enchufar el ordenador, la impresora y otros aparatos electr\u00f3nicos.<\/li>\n<li data-sourcepos=\"19:1-19:66\"><strong>Internet:<\/strong>\u00a0Las oficinas de los contenedores tambi\u00e9n disponen de acceso a Internet.<\/li>\n<li data-sourcepos=\"20:1-21:0\"><strong>Muebles:<\/strong> Las oficinas en contenedor pueden equiparse con mobiliario acorde con sus necesidades.<\/li>\n<\/ul>\n<p data-sourcepos=\"24:1-24:143\">Visite nuestro sitio web o ll\u00e1menos para solicitar un presupuesto gratuito de PRO-CON Container Home Office.<\/p>\n<p data-sourcepos=\"26:1-26:200\">Con PRO-CON Container Home Office, disfrute de la comodidad y flexibilidad de trabajar desde casa mientras trabaja en un entorno profesional e inspirador.<\/p>\n<p data-sourcepos=\"26:1-26:200\"><strong>Solicite hoy mismo un presupuesto gratuito y evite situaciones similares.<\/strong><\/p>\n<p><iframe title=\"Los ni\u00f1os interrumpen una entrevista en BBC News - BBC News\" width=\"800\" height=\"450\" src=\"https:\/\/www.youtube.com\/embed\/Mh4f9AYRCZY?feature=oembed\" frameborder=\"0\" allow=\"accelerometer; autoplay; clipboard-write; encrypted-media; gyroscope; picture-in-picture; web-share\" referrerpolicy=\"strict-origin-when-cross-origin\" allowfullscreen><\/iframe><\/p>","protected":false},"excerpt":{"rendered":"<p>El PRO-CON Container Home Office es una estaci\u00f3n de trabajo de dise\u00f1o exclusivo, moderna y c\u00f3moda para su jard\u00edn. No requiere permiso de obras para su instalaci\u00f3n, no estropea el espacio verde de la parcela edificable y no tiene que esperar meses para su construcci\u00f3n.<\/p>","protected":false},"featured_media":2465,"template":"","meta":{"_acf_changed":false},"product_brand":[],"product_cat":[28],"product_tag":[],"class_list":{"0":"post-2464","1":"product","2":"type-product","3":"status-publish","4":"has-post-thumbnail","6":"product_cat-kontener-epitmenyek","8":"first","9":"instock","10":"shipping-taxable","11":"product-type-simple"},"acf":[],"_links":{"self":[{"href":"https:\/\/pro-con.hu\/es\/wp-json\/wp\/v2\/product\/2464","targetHints":{"allow":["GET"]}}],"collection":[{"href":"https:\/\/pro-con.hu\/es\/wp-json\/wp\/v2\/product"}],"about":[{"href":"https:\/\/pro-con.hu\/es\/wp-json\/wp\/v2\/types\/product"}],"version-history":[{"count":6,"href":"https:\/\/pro-con.hu\/es\/wp-json\/wp\/v2\/product\/2464\/revisions"}],"predecessor-version":[{"id":2657,"href":"https:\/\/pro-con.hu\/es\/wp-json\/wp\/v2\/product\/2464\/revisions\/2657"}],"wp:featuredmedia":[{"embeddable":true,"href":"https:\/\/pro-con.hu\/es\/wp-json\/wp\/v2\/media\/2465"}],"wp:attachment":[{"href":"https:\/\/pro-con.hu\/es\/wp-json\/wp\/v2\/media?parent=2464"}],"wp:term":[{"taxonomy":"product_brand","embeddable":true,"href":"https:\/\/pro-con.hu\/es\/wp-json\/wp\/v2\/product_brand?post=2464"},{"taxonomy":"product_cat","embeddable":true,"href":"https:\/\/pro-con.hu\/es\/wp-json\/wp\/v2\/product_cat?post=2464"},{"taxonomy":"product_tag","embeddable":true,"href":"https:\/\/pro-con.hu\/es\/wp-json\/wp\/v2\/product_tag?post=2464"}],"curies":[{"name":"wp","href":"https:\/\/api.w.org\/{rel}","templated":true}]}}