{"id":886,"date":"2024-03-22T08:04:19","date_gmt":"2024-03-22T08:04:19","guid":{"rendered":"https:\/\/pro-con.hu\/?post_type=product&#038;p=886"},"modified":"2024-09-02T15:08:23","modified_gmt":"2024-09-02T13:08:23","slug":"pro-con-camp-20-kempinghaz","status":"publish","type":"product","link":"https:\/\/pro-con.hu\/de\/produkt\/pro-con-camp-20-kempinghaz\/","title":{"rendered":"PRO-CON CAMP 20\u2032 Camping Haus"},"content":{"rendered":"<h2>PRO-CON CAMP 20\u2032 Campinghaus \/ kleines Haus<\/h2>\n<p><b>Entdecken Sie das PRO-CON CAMP 20' Tiny House Modulhaus:<\/b><span style=\"font-weight: 400;\"> die perfekte Investition in das wachsende Segment des Campingmarktes! Dieses kompakte, stilvolle und komfortable Ferienhaus ist die ideale Wahl f\u00fcr G\u00e4ste, die sich entspannen und ihre Freizeit in der N\u00e4he der Natur verbringen m\u00f6chten.<\/span><\/p>\n<p><b>Warum PRO-CON CAMP 20' Tiny House w\u00e4hlen?<\/b><\/p>\n<ul>\n<li style=\"font-weight: 400;\" aria-level=\"1\"><b>Eine ausgezeichnete Investition:<\/b><span style=\"font-weight: 400;\"> Der Markt f\u00fcr Campingh\u00e4user entwickelt sich rasant und das PROCON CAMP 20' Tiny House Getaway ist die ideale Wahl f\u00fcr Investoren, die von der wachsenden Nachfrage profitieren wollen.<\/span><\/li>\n<li style=\"font-weight: 400;\" aria-level=\"1\"><b>Einfach zu bedienen:<\/b><span style=\"font-weight: 400;\"> Das Ferienhaus erfordert nur einen minimalen Wartungsaufwand, so dass Sie sich nicht um die st\u00e4ndige Beaufsichtigung k\u00fcmmern m\u00fcssen.<\/span><\/li>\n<li style=\"font-weight: 400;\" aria-level=\"1\"><b>Platzsparend:<\/b><span style=\"font-weight: 400;\"> Dank seiner kompakten Gr\u00f6\u00dfe passt das Ferienhaus auf eine kleine Stellfl\u00e4che und ist somit ideal f\u00fcr kleinere Campingpl\u00e4tze.<\/span><\/li>\n<li style=\"font-weight: 400;\" aria-level=\"1\"><b>Bequem und stilvoll:<\/b><span style=\"font-weight: 400;\"> Das Ferienhaus ist innen und au\u00dfen modern eingerichtet und bietet den G\u00e4sten alle notwendigen Annehmlichkeiten.<\/span><\/li>\n<li style=\"font-weight: 400;\" aria-level=\"1\"><b>Umweltfreundlich:<\/b><span style=\"font-weight: 400;\"> Das Ferienhaus ist aus energieeffizienten und nachhaltigen Materialien gebaut, so dass es die Umwelt nur minimal belastet.<\/span><\/li>\n<\/ul>\n<p><b>Eigenschaften des PRO-CON CAMP 20' Tiny House:<\/b><\/p>\n<ul>\n<li style=\"font-weight: 400;\" aria-level=\"1\"><span style=\"font-weight: 400;\">20 Fu\u00df (6 Meter) lang<\/span><\/li>\n<li style=\"font-weight: 400;\" aria-level=\"1\"><span style=\"font-weight: 400;\">1 Schlafzimmer<\/span><\/li>\n<li style=\"font-weight: 400;\" aria-level=\"1\"><span style=\"font-weight: 400;\">1 Badezimmer<\/span><\/li>\n<li style=\"font-weight: 400;\" aria-level=\"1\"><span style=\"font-weight: 400;\">Vollst\u00e4ndig ausgestattete K\u00fcche<\/span><\/li>\n<li style=\"font-weight: 400;\" aria-level=\"1\"><span style=\"font-weight: 400;\">Nappali<\/span><\/li>\n<li style=\"font-weight: 400;\" aria-level=\"1\"><span style=\"font-weight: 400;\">Terrasse<\/span><\/li>\n<li style=\"font-weight: 400;\" aria-level=\"1\"><span style=\"font-weight: 400;\">Klimatisierung<\/span><\/li>\n<li style=\"font-weight: 400;\" aria-level=\"1\"><span style=\"font-weight: 400;\">Elektrische Heizung<\/span><\/li>\n<li style=\"font-weight: 400;\" aria-level=\"1\"><span style=\"font-weight: 400;\">Solarzellenanlage<\/span><\/li>\n<\/ul>\n<p><b>Das PRO-CON CAMP 20' Tiny House Getaway ist die perfekte Wahl:<\/b><\/p>\n<ul>\n<li style=\"font-weight: 400;\" aria-level=\"1\"><span style=\"font-weight: 400;\">F\u00fcr Campingpl\u00e4tze<\/span><\/li>\n<li style=\"font-weight: 400;\" aria-level=\"1\"><span style=\"font-weight: 400;\">F\u00fcr Investoren<\/span><\/li>\n<li style=\"font-weight: 400;\" aria-level=\"1\"><span style=\"font-weight: 400;\">F\u00fcr Einzelpersonen, die ein G\u00e4stehaus betreiben m\u00f6chten<\/span><\/li>\n<li style=\"font-weight: 400;\" aria-level=\"1\"><span style=\"font-weight: 400;\">F\u00fcr diejenigen, die sich in der Natur entspannen wollen<\/span><\/li>\n<\/ul>\n<h4>Abmessungen<\/h4>\n<ul>\n<li>\u00c4u\u00dfere Breite: 3,00 m<\/li>\n<li>\u00c4u\u00dfere L\u00e4nge: 6,00 m<\/li>\n<li>Au\u00dfenh\u00f6he: 2,80 - 2,90 m<\/li>\n<\/ul>\n<h4>Strukturelle Parameter<\/h4>\n<ul>\n<li>Struktur des Rahmens:\n<ul>\n<li>geschwei\u00dfte S\u00e4ulen aus Kohlenstoffstahl 50 x 50 x 3 mm;<\/li>\n<li>Balken 80 x 60 x 3 mm<\/li>\n<li>Polyurethan-Lackierung, Farbe ral7016<\/li>\n<\/ul>\n<\/li>\n<li>Dach:\n<ul>\n<li>Neigung: - 3 %<\/li>\n<li>Material: 100 mm PP-Sandwichplatte<\/li>\n<li>Isolierwert: (Uc) 0,39 W (m2 * K)<\/li>\n<li>Farbe: RAL 9006\/9010<\/li>\n<\/ul>\n<\/li>\n<li>Boden:\n<ul>\n<li>Sandwichplatte 100 mm PP auf geschwei\u00dftem Grundrahmen<\/li>\n<li>MFP-Platte 18 mm, Linoleumbelag<\/li>\n<\/ul>\n<\/li>\n<li>Fenster:\n<ul>\n<li>Aluminium feststehend 2 700 x 1 800 mm (RAL 7016\/7016) - 1 St\u00fcck<\/li>\n<li>PVC BNY 200 x 600 mm (RAL 7016\/7016) - 1 St\u00fcck<\/li>\n<li>PVC BNY 600 x 600 mm (RAL 7016\/7016) - 1 St\u00fcck<\/li>\n<\/ul>\n<\/li>\n<li>T\u00fcr:\n<ul>\n<li>Au\u00dfen-Sicherheitst\u00fcr 900 x 2 100 mm (RAL 7016) - 1 St\u00fcck<\/li>\n<\/ul>\n<\/li>\n<\/ul>\n<p>Referenz-Video:<\/p>\n<p><iframe title=\"Versteck im Wald - AlmasGlamp Zebeg\u00e9ny\" width=\"800\" height=\"450\" src=\"https:\/\/www.youtube.com\/embed\/r3BfrKc4ISY?start=104&#038;feature=oembed&#038;enablejsapi=1&#038;origin=https:\/\/pro-con.hu\" frameborder=\"0\" allow=\"accelerometer; autoplay; clipboard-write; encrypted-media; gyroscope; picture-in-picture; web-share\" referrerpolicy=\"strict-origin-when-cross-origin\" allowfullscreen><\/iframe><\/p>\n<p><b>Fordern Sie noch heute ein kostenloses Angebot f\u00fcr Ihr PROCON CAMP 20' Tiny House an!<\/b><\/p>\n<p><b>PRO-CON: Ein zuverl\u00e4ssiger Partner f\u00fcr zuk\u00fcnftige Investitionen.<\/b><\/p>\n<p>In einer anderen Gr\u00f6\u00dfe anzeigen: <a href=\"https:\/\/pro-con.hu\/de\/produkt\/pro-con-camp-40-kemping-haz\/\">40\u2032 Camping-Schuppen<\/a><\/p>","protected":false},"excerpt":{"rendered":"<p>Ein Haus auf dem Campingplatz, ein Schmuckk\u00e4stchen von echter Gr\u00f6\u00dfe. Trotz seiner geringen Gr\u00f6\u00dfe, bietet es Premium-Qualit\u00e4t Unterkunft f\u00fcr alles, was Sie in einem ruhigen Ort weg vom L\u00e4rm der Welt brauchen. Ideal f\u00fcr 2-3 Personen.<\/p>","protected":false},"featured_media":2001,"template":"","meta":{"_acf_changed":false},"product_brand":[],"product_cat":[28],"product_tag":[],"class_list":{"0":"post-886","1":"product","2":"type-product","3":"status-publish","4":"has-post-thumbnail","6":"product_cat-kontener-epitmenyek","8":"first","9":"instock","10":"shipping-taxable","11":"product-type-simple"},"acf":[],"_links":{"self":[{"href":"https:\/\/pro-con.hu\/de\/wp-json\/wp\/v2\/product\/886","targetHints":{"allow":["GET"]}}],"collection":[{"href":"https:\/\/pro-con.hu\/de\/wp-json\/wp\/v2\/product"}],"about":[{"href":"https:\/\/pro-con.hu\/de\/wp-json\/wp\/v2\/types\/product"}],"version-history":[{"count":26,"href":"https:\/\/pro-con.hu\/de\/wp-json\/wp\/v2\/product\/886\/revisions"}],"predecessor-version":[{"id":3289,"href":"https:\/\/pro-con.hu\/de\/wp-json\/wp\/v2\/product\/886\/revisions\/3289"}],"wp:featuredmedia":[{"embeddable":true,"href":"https:\/\/pro-con.hu\/de\/wp-json\/wp\/v2\/media\/2001"}],"wp:attachment":[{"href":"https:\/\/pro-con.hu\/de\/wp-json\/wp\/v2\/media?parent=886"}],"wp:term":[{"taxonomy":"product_brand","embeddable":true,"href":"https:\/\/pro-con.hu\/de\/wp-json\/wp\/v2\/product_brand?post=886"},{"taxonomy":"product_cat","embeddable":true,"href":"https:\/\/pro-con.hu\/de\/wp-json\/wp\/v2\/product_cat?post=886"},{"taxonomy":"product_tag","embeddable":true,"href":"https:\/\/pro-con.hu\/de\/wp-json\/wp\/v2\/product_tag?post=886"}],"curies":[{"name":"wp","href":"https:\/\/api.w.org\/{rel}","templated":true}]}}