{"id":2510,"date":"2024-04-20T13:03:36","date_gmt":"2024-04-20T13:03:36","guid":{"rendered":"https:\/\/pro-con.hu\/?post_type=product&#038;p=2510"},"modified":"2025-01-31T15:13:50","modified_gmt":"2025-01-31T13:13:50","slug":"pro-con-pool-30-kontener-medence","status":"publish","type":"product","link":"https:\/\/pro-con.hu\/de\/produkt\/pro-con-pool-30-kontener-medence\/","title":{"rendered":"PRO-CON POOL 30\u2032 Container-Pool"},"content":{"rendered":"<h2 data-pm-slice=\"1 1 []\"><strong>PROCON POOL 30\u2019 kont\u00e9nermedence \u2013 A t\u00f6k\u00e9letes egyens\u00faly a m\u00e9ret, a design \u00e9s a funkcionalit\u00e1s k\u00f6z\u00f6tt<\/strong><\/h2>\n<p>K\u00e9pzelje el, hogy egy forr\u00f3 ny\u00e1ri napon k\u00e9nyelmesen elny\u00falik saj\u00e1t kont\u00e9nermedenc\u00e9j\u00e9ben, mik\u00f6zben a friss\u00edt\u0151 v\u00edz k\u00f6r\u00fcl\u00f6leli \u00e9s a napf\u00e9ny megcsillan a v\u00edz felsz\u00edn\u00e9n. A <strong>PROCON POOL 30\u2019 mobil medence<\/strong> megteremti az otthoni wellness \u00e9lm\u00e9ny\u00e9t an\u00e9lk\u00fcl, hogy hossz\u00fa \u00e9s k\u00f6lts\u00e9ges \u00e9p\u00edtkez\u00e9sbe kellene kezdenie.<\/p>\n<h3><strong>Mi\u00e9rt v\u00e1lassza a PROCON POOL 30\u2019 kont\u00e9nermedenc\u00e9t?<\/strong><\/h3>\n<p>Ez a kont\u00e9nerb\u0151l k\u00e9sz\u00fclt medence nem csup\u00e1n egy v\u00edzzel teli tart\u00e1ly \u2013 egy modern, <strong>fenntarthat\u00f3 medence<\/strong>, amely eleg\u00e1ns megjelen\u00e9st k\u00f6lcs\u00f6n\u00f6z kertj\u00e9nek \u00e9s egyedi \u00e9lm\u00e9nyt ny\u00fajt csal\u00e1dja \u00e9s bar\u00e1tai sz\u00e1m\u00e1ra. Az ipari alapanyagok \u00e9s a professzion\u00e1lis kivitelez\u00e9s egyes\u00edt\u00e9s\u00e9vel hossz\u00fa \u00e9lettartam\u00fa \u00e9s k\u00f6nnyen karbantarthat\u00f3 megold\u00e1st k\u00edn\u00e1lunk.<\/p>\n<h4><strong>F\u0151bb el\u0151nyei:<\/strong><\/h4>\n<ul data-spread=\"false\">\n<li><strong>Gyors \u00e9s egyszer\u0171 telep\u00edt\u00e9s<\/strong>: A hagyom\u00e1nyos betonmedenc\u00e9kkel szemben a PROCON POOL 30\u2019 mobil medence telep\u00edt\u00e9se mind\u00f6ssze n\u00e9h\u00e1ny napot vesz ig\u00e9nybe. Nem sz\u00fcks\u00e9ges bonyolult f\u00f6ldmunk\u00e1khoz \u00e9s hosszadalmas \u00e9p\u00edtkez\u00e9shez folyamodnia.<\/li>\n<li><strong>Z\u00f6ldter\u00fclet h\u00e1nyad meg\u0151rz\u00e9se<\/strong>: A telep\u00edt\u00e9s nem cs\u00f6kkenti az ingatlan z\u00f6ldfel\u00fcleti mutat\u00f3it, \u00edgy k\u00fcl\u00f6n\u00f6sen alkalmas olyan helyekre, ahol a hagyom\u00e1nyos medence\u00e9p\u00edt\u00e9s nem enged\u00e9lyezett.<\/li>\n<li><strong>K\u00f6nny\u0171 karbantarthat\u00f3s\u00e1g<\/strong>: A kont\u00e9nermedence v\u00edz\u00e9nek tiszt\u00edt\u00e1sa gyors \u00e9s egyszer\u0171 a be\u00e9p\u00edtett homoksz\u0171r\u0151s rendszernek k\u00f6sz\u00f6nhet\u0151en.<\/li>\n<li><strong>Hossz\u00fa \u00e9lettartam<\/strong>: A robusztus ac\u00e9lszerkezet \u00e9s a kiv\u00e1l\u00f3 min\u0151s\u00e9g\u0171 bels\u0151 bor\u00edt\u00e1s garant\u00e1lja, hogy a medence hossz\u00fa \u00e9veken \u00e1t ellen\u00e1ll az id\u0151j\u00e1r\u00e1si viszontags\u00e1goknak.<\/li>\n<li><strong>Mobilit\u00e1s \u00e9s rugalmass\u00e1g<\/strong>: A <strong>PROCON POOL 30\u2019 kont\u00e9nermedence<\/strong> k\u00f6nnyen \u00e1thelyezhet\u0151, \u00edgy ha \u00faj ingatlanba k\u00f6lt\u00f6zik, a medenc\u00e9t is mag\u00e1val viheti.<\/li>\n<li><strong>Modern \u00e9s st\u00edlusos megjelen\u00e9s<\/strong>: Letisztult formatervez\u00e9se b\u00e1rmilyen kertben vagy udvarban eszt\u00e9tikus l\u00e1tv\u00e1nyt ny\u00fajt, emelve az ingatlan \u00e9rt\u00e9k\u00e9t.<\/li>\n<\/ul>\n<h3><strong>Kiknek aj\u00e1nljuk?<\/strong><\/h3>\n<p>Ez a kont\u00e9nermedence sokf\u00e9le felhaszn\u00e1l\u00e1si lehet\u0151s\u00e9get k\u00edn\u00e1l:<\/p>\n<ul data-spread=\"false\">\n<li><strong>F\u00fcr Familien<\/strong>: Ide\u00e1lis a k\u00f6z\u00f6s ny\u00e1ri f\u00fcrd\u0151z\u00e9sekhez, gyermekek sz\u00e1m\u00e1ra pedig biztons\u00e1gos kialak\u00edt\u00e1s\u00e1nak k\u00f6sz\u00f6nhet\u0151en t\u00f6k\u00e9letes v\u00e1laszt\u00e1s.<\/li>\n<li><strong>Sportol\u00f3knak<\/strong>: Kiv\u00e1l\u00f3 \u00fasz\u00e1si \u00e9s v\u00edzi edz\u00e9sekhez, ak\u00e1r ellen\u00e1ramoltat\u00f3 rendszerrel kieg\u00e9sz\u00edtve.<\/li>\n<li><strong>Pihen\u00e9sre v\u00e1gy\u00f3knak<\/strong>: A medence vize t\u00f6k\u00e9letes helyet biztos\u00edt a relax\u00e1ci\u00f3hoz, a stressz levezet\u00e9s\u00e9hez \u00e9s a ny\u00e1ri est\u00e9k kellemes elt\u00f6lt\u00e9s\u00e9hez.<\/li>\n<li><strong>Airbnb \u00e9s sz\u00e1ll\u00e1shely tulajdonosoknak<\/strong>: Egy <strong>fenntarthat\u00f3 medence<\/strong> nemcsak n\u00f6veli az ingatlan \u00e9rt\u00e9k\u00e9t, hanem jelent\u0151sen n\u00f6velheti a vend\u00e9gek sz\u00e1m\u00e1t is.<\/li>\n<\/ul>\n<h3><strong>M\u0171szaki adatok<\/strong><\/h3>\n<ul data-spread=\"false\">\n<li><strong>Abmessungen<\/strong>: 9 m x 2,44 m x 1,5 m (egyedi m\u00e9ret k\u00e9rhet\u0151)<\/li>\n<li><strong>V\u00edzt\u00e9rfogat<\/strong>: kb. 24 000 liter<\/li>\n<li><strong>Sz\u0171r\u0151rendszer<\/strong>: be\u00e9p\u00edtett homoksz\u0171r\u0151<\/li>\n<li><strong>F\u0171t\u00e9s \u00e9s vil\u00e1g\u00edt\u00e1s<\/strong>: opcion\u00e1lisan rendelhet\u0151<\/li>\n<\/ul>\n<h3><strong>Extra kieg\u00e9sz\u00edt\u0151k a teljes \u00e9lm\u00e9ny\u00e9rt<\/strong><\/h3>\n<p>Szem\u00e9lyre szabhatja medenc\u00e9j\u00e9t k\u00fcl\u00f6nb\u00f6z\u0151 extra felszerelts\u00e9gekkel:<\/p>\n<ul data-spread=\"false\">\n<li>Be\u00e9p\u00edtett l\u00e9pcs\u0151 vagy k\u00fcls\u0151 l\u00e9pcs\u0151<\/li>\n<li>LED-es v\u00edz alatti vil\u00e1g\u00edt\u00e1s<\/li>\n<li>H\u0151szivatty\u00fas v\u00edzf\u0171t\u00e9s<\/li>\n<li>Ellen\u00e1ramoltat\u00f3 rendszer \u00fasz\u00e1shoz<\/li>\n<li>Automata vegyszeradagol\u00f3 a tiszta v\u00edz \u00e9rdek\u00e9ben<\/li>\n<li>\u00dcvegfal az exkluz\u00edv megjelen\u00e9s\u00e9rt<\/li>\n<\/ul>\n<h3><strong>Mi\u00e9rt \u00e9ri meg befektetni egy PROCON POOL 30\u2019 kont\u00e9nermedenc\u00e9be?<\/strong><\/h3>\n<p>A hagyom\u00e1nyos medenc\u00e9khez k\u00e9pest egy kont\u00e9nermedence sokkal gyorsabban \u00e9s egyszer\u0171bben telep\u00edthet\u0151. Emellett fenntarthat\u00f3bb v\u00e1laszt\u00e1s, hiszen \u00fajrahasznos\u00edtott anyagokb\u00f3l k\u00e9sz\u00fcl, minimaliz\u00e1lva az \u00f6kol\u00f3giai l\u00e1bnyomot.<\/p>\n<h3><strong>K\u00e9rjen aj\u00e1nlatot m\u00e9g ma!<\/strong><\/h3>\n<p>Ne v\u00e1rjon tov\u00e1bb, tegye otthon\u00e1t m\u00e9g vonz\u00f3bb\u00e1 \u00e9s funkcion\u00e1lisabb\u00e1 egy saj\u00e1t <strong>PROCON POOL 30\u2019 kont\u00e9nermedenc\u00e9vel<\/strong>! Vegye fel vel\u00fcnk a kapcsolatot, \u00e9s k\u00e9rjen ingyenes \u00e1raj\u00e1nlatot, hogy mihamarabb \u00e9lvezhesse saj\u00e1t mobil medenc\u00e9j\u00e9t.<\/p>","protected":false},"excerpt":{"rendered":"<p><b>Die perfekte Gr\u00f6\u00dfe des Containerpools, die goldene Mitte!<\/b><\/p>","protected":false},"featured_media":2520,"template":"","meta":{"_acf_changed":false},"product_brand":[],"product_cat":[28,33],"product_tag":[],"class_list":{"0":"post-2510","1":"product","2":"type-product","3":"status-publish","4":"has-post-thumbnail","6":"product_cat-kontener-epitmenyek","7":"product_cat-kontener-medence","9":"first","10":"instock","11":"shipping-taxable","12":"product-type-simple"},"acf":[],"_links":{"self":[{"href":"https:\/\/pro-con.hu\/de\/wp-json\/wp\/v2\/product\/2510","targetHints":{"allow":["GET"]}}],"collection":[{"href":"https:\/\/pro-con.hu\/de\/wp-json\/wp\/v2\/product"}],"about":[{"href":"https:\/\/pro-con.hu\/de\/wp-json\/wp\/v2\/types\/product"}],"version-history":[{"count":18,"href":"https:\/\/pro-con.hu\/de\/wp-json\/wp\/v2\/product\/2510\/revisions"}],"predecessor-version":[{"id":3406,"href":"https:\/\/pro-con.hu\/de\/wp-json\/wp\/v2\/product\/2510\/revisions\/3406"}],"wp:featuredmedia":[{"embeddable":true,"href":"https:\/\/pro-con.hu\/de\/wp-json\/wp\/v2\/media\/2520"}],"wp:attachment":[{"href":"https:\/\/pro-con.hu\/de\/wp-json\/wp\/v2\/media?parent=2510"}],"wp:term":[{"taxonomy":"product_brand","embeddable":true,"href":"https:\/\/pro-con.hu\/de\/wp-json\/wp\/v2\/product_brand?post=2510"},{"taxonomy":"product_cat","embeddable":true,"href":"https:\/\/pro-con.hu\/de\/wp-json\/wp\/v2\/product_cat?post=2510"},{"taxonomy":"product_tag","embeddable":true,"href":"https:\/\/pro-con.hu\/de\/wp-json\/wp\/v2\/product_tag?post=2510"}],"curies":[{"name":"wp","href":"https:\/\/api.w.org\/{rel}","templated":true}]}}