{"id":2471,"date":"2024-04-19T14:01:15","date_gmt":"2024-04-19T14:01:15","guid":{"rendered":"https:\/\/pro-con.hu\/?post_type=product&#038;p=2471"},"modified":"2025-01-23T10:10:51","modified_gmt":"2025-01-23T08:10:51","slug":"pro-con-spa-20-kontener-szauna","status":"publish","type":"product","link":"https:\/\/pro-con.hu\/de\/produkt\/pro-con-spa-20-kontener-szauna\/","title":{"rendered":"PRO-CON SPA 20\u2032 Container-Sauna"},"content":{"rendered":"<h2 data-sourcepos=\"1:1-1:64\">PRO-CON SPA 20\u2032 Container-Sauna<\/h2>\n<h3 data-sourcepos=\"1:1-1:77\">Genie\u00dfen Sie Ihre Sauna jederzeit mit der PRO-CON Containersauna!<\/h3>\n<p data-sourcepos=\"3:1-3:51\"><strong>Wir pr\u00e4sentieren die perfekte L\u00f6sung f\u00fcr alle, die:<\/strong><\/p>\n<ul data-sourcepos=\"5:1-9:0\">\n<li data-sourcepos=\"5:1-5:78\">Sie w\u00fcrden gerne eine Sauna in ihrem Garten haben, aber sie wollen keine feste Struktur installieren, weil sie das wegen des Gr\u00fcnfl\u00e4chenverh\u00e4ltnisses nicht k\u00f6nnen.<\/li>\n<li data-sourcepos=\"7:1-7:63\">Sie suchen eine Sauna, die schnell und einfach zu installieren ist<\/li>\n<li data-sourcepos=\"8:1-9:0\">Sie stellen sich eine einzigartige und stilvolle Sauna in ihrem Garten vor.<\/li>\n<\/ul>\n<h3 data-sourcepos=\"10:1-10:30\"><strong>Die Saunen des PRO-CON-Containers:<\/strong><\/h3>\n<ul data-sourcepos=\"12:1-17:0\">\n<li data-sourcepos=\"12:1-12:137\"><strong>Sie sind langlebig und wetterfest:<\/strong>\u00a0Die Saunen sind aus hochwertigen Materialien gefertigt und halten auch extremen Wetterbedingungen stand.<\/li>\n<li data-sourcepos=\"13:1-13:97\"><strong>Sie sind schnell zu installieren:<\/strong>\u00a0Die Installation der Saunas dauert nur wenige Tage.<\/li>\n<li data-sourcepos=\"15:1-15:106\"><strong>Sie sind energieeffizient:<\/strong>\u00a0Saunen sind hervorragend isoliert und verbrauchen daher weniger Energie.<\/li>\n<li data-sourcepos=\"16:1-17:0\"><strong>Sie k\u00f6nnen individuell gestaltet werden:<\/strong>\u00a0Die Saunen werden nach Ihren individuellen Bed\u00fcrfnissen gestaltet.<\/li>\n<\/ul>\n<h3 data-sourcepos=\"18:1-18:50\"><strong>W\u00e4hlen Sie aus PRO-CON Container-Saunen und:<\/strong><\/h3>\n<ul data-sourcepos=\"20:1-23:0\">\n<li data-sourcepos=\"20:1-20:147\"><strong>Genie\u00dfen Sie die vielen gesundheitlichen Vorteile des Saunabadens:<\/strong>\u00a0Saunabaden verbessert die Durchblutung, st\u00e4rkt das Immunsystem und hilft bei der Stressbek\u00e4mpfung.<\/li>\n<li data-sourcepos=\"21:1-21:129\"><strong>Entspannen Sie sich und erholen Sie sich nach einem anstrengenden Tag:<\/strong>\u00a0Eine Sauna ist eine gro\u00dfartige M\u00f6glichkeit, Spannungen abzubauen und zu entspannen.<\/li>\n<li data-sourcepos=\"22:1-23:0\"><strong>Verbringen Sie viel Zeit mit Ihrer Familie und Ihren Freunden:<\/strong>\u00a0Ein Saunabesuch ist eine gute M\u00f6glichkeit, Ihre Lieben zusammenzubringen.<\/li>\n<\/ul>\n<p>Inspirierendes Video:<\/p>\n<p><iframe title=\"MLG LUX Mobiler Spa-Beh\u00e4lter\" width=\"800\" height=\"450\" src=\"https:\/\/www.youtube.com\/embed\/Yg9P_KN7F_0?feature=oembed&#038;enablejsapi=1&#038;origin=https:\/\/pro-con.hu\" frameborder=\"0\" allow=\"accelerometer; autoplay; clipboard-write; encrypted-media; gyroscope; picture-in-picture; web-share\" referrerpolicy=\"strict-origin-when-cross-origin\" allowfullscreen><\/iframe><\/p>\n<p data-sourcepos=\"24:1-24:39\"><strong>Fordern Sie noch heute ein kostenloses Angebot an und erhalten Sie bald ein Angebot<\/strong><strong>den PRO-CON-Container beenden <\/strong><strong>Ihre Sauna!<\/strong><\/p>","protected":false},"excerpt":{"rendered":"<p>Container-Saunaanlage aus der PRO-CON Containerwerkstatt. Trotz ihrer geringen Gr\u00f6\u00dfe hat sie alles, was Sie f\u00fcr ein erstklassiges Wellness-Erlebnis brauchen.<\/p>","protected":false},"featured_media":2472,"template":"","meta":{"_acf_changed":false},"product_brand":[],"product_cat":[28],"product_tag":[],"class_list":{"0":"post-2471","1":"product","2":"type-product","3":"status-publish","4":"has-post-thumbnail","6":"product_cat-kontener-epitmenyek","8":"first","9":"instock","10":"shipping-taxable","11":"product-type-simple"},"acf":[],"_links":{"self":[{"href":"https:\/\/pro-con.hu\/de\/wp-json\/wp\/v2\/product\/2471","targetHints":{"allow":["GET"]}}],"collection":[{"href":"https:\/\/pro-con.hu\/de\/wp-json\/wp\/v2\/product"}],"about":[{"href":"https:\/\/pro-con.hu\/de\/wp-json\/wp\/v2\/types\/product"}],"version-history":[{"count":10,"href":"https:\/\/pro-con.hu\/de\/wp-json\/wp\/v2\/product\/2471\/revisions"}],"predecessor-version":[{"id":2480,"href":"https:\/\/pro-con.hu\/de\/wp-json\/wp\/v2\/product\/2471\/revisions\/2480"}],"wp:featuredmedia":[{"embeddable":true,"href":"https:\/\/pro-con.hu\/de\/wp-json\/wp\/v2\/media\/2472"}],"wp:attachment":[{"href":"https:\/\/pro-con.hu\/de\/wp-json\/wp\/v2\/media?parent=2471"}],"wp:term":[{"taxonomy":"product_brand","embeddable":true,"href":"https:\/\/pro-con.hu\/de\/wp-json\/wp\/v2\/product_brand?post=2471"},{"taxonomy":"product_cat","embeddable":true,"href":"https:\/\/pro-con.hu\/de\/wp-json\/wp\/v2\/product_cat?post=2471"},{"taxonomy":"product_tag","embeddable":true,"href":"https:\/\/pro-con.hu\/de\/wp-json\/wp\/v2\/product_tag?post=2471"}],"curies":[{"name":"wp","href":"https:\/\/api.w.org\/{rel}","templated":true}]}}