{"id":2464,"date":"2024-04-19T13:48:31","date_gmt":"2024-04-19T13:48:31","guid":{"rendered":"https:\/\/pro-con.hu\/?post_type=product&#038;p=2464"},"modified":"2024-04-24T15:40:12","modified_gmt":"2024-04-24T13:40:12","slug":"pro-con-homeoffice-20-kontener-dolgozoszoba","status":"publish","type":"product","link":"https:\/\/pro-con.hu\/de\/produkt\/pro-con-homeoffice-20-kontener-dolgozoszoba\/","title":{"rendered":"PRO-CON HOMEOFFICE 20\u2032 Container-Studie"},"content":{"rendered":"<h2 data-sourcepos=\"1:1-1:64\">PROCON Container Home Office 20\u2032:<\/h2>\n<h3 data-sourcepos=\"1:1-1:64\">Der perfekte Heimarbeitsplatz, frei arbeiten!<\/h3>\n<p data-sourcepos=\"3:1-3:118\"><strong>Stellen Sie sich vor, Sie sitzen in einem ruhigen, professionellen B\u00fcro in Ihrem Garten, und die Sonne scheint durch das Fenster.<\/strong><\/p>\n<p data-sourcepos=\"5:1-5:223\">Das PRO-CON Container Home Office ist ein einzigartiger, moderner und komfortabler Arbeitsplatz f\u00fcr Ihren Garten. F\u00fcr die Installation ist keine Baugenehmigung erforderlich, die Gr\u00fcnfl\u00e4che auf dem Baugrundst\u00fcck wird nicht beeintr\u00e4chtigt und Sie m\u00fcssen nicht monatelang auf den Bau warten.<\/p>\n<h3 data-sourcepos=\"7:1-7:50\"><strong>Warum PRO-CON Container Home Office w\u00e4hlen?<\/strong><\/h3>\n<ul data-sourcepos=\"9:1-14:0\">\n<li data-sourcepos=\"9:1-9:111\"><strong>Schnell und einfach zu installieren:<\/strong> Die Container werden vorgefertigt geliefert und k\u00f6nnen innerhalb weniger Tage aufgestellt werden.<\/li>\n<li data-sourcepos=\"10:1-10:117\"><strong>Kosteng\u00fcnstig:<\/strong> Containerb\u00fcros haben niedrigere St\u00fcckkosten als herk\u00f6mmliche Geb\u00e4ude und erfordern weniger Wartung.<\/li>\n<li data-sourcepos=\"11:1-11:151\"><strong>Langlebig und flexibel:<\/strong>\u00a0Containerb\u00fcros sind langlebig und witterungsbest\u00e4ndig. Sie k\u00f6nnen bei Bedarf leicht erweitert oder verlagert werden.<\/li>\n<li data-sourcepos=\"12:1-12:79\"><strong>Energieeffizient:<\/strong> Containerb\u00fcros sind energieeffizient und bestehen aus umweltfreundlichen Materialien.<\/li>\n<li data-sourcepos=\"13:1-14:0\"><strong>Modern und stilvoll:<\/strong>\u00a0Containerg\u00e4rten haben ein modernes und stilvolles Aussehen, das sich perfekt in jede Gartenumgebung einf\u00fcgt.<\/li>\n<\/ul>\n<h3 data-sourcepos=\"15:1-15:95\"><strong>Das PRO-CON Container Home Office hat viele Funktionen, die Ihnen die Arbeit erleichtern:<\/strong><\/h3>\n<ul data-sourcepos=\"17:1-21:0\">\n<li data-sourcepos=\"17:1-17:105\"><strong>W\u00e4rmed\u00e4mmung:<\/strong>\u00a0Die Containerb\u00fcros sind isoliert, um ganzj\u00e4hrig angenehme Temperaturen zu gew\u00e4hrleisten.<\/li>\n<li data-sourcepos=\"18:1-18:171\"><strong>Elektrizit\u00e4tsnetz:<\/strong>\u00a0Containerb\u00fcros verf\u00fcgen \u00fcber eine integrierte Stromversorgung, so dass Sie Ihren Computer, Drucker und andere elektronische Ger\u00e4te anschlie\u00dfen k\u00f6nnen.<\/li>\n<li data-sourcepos=\"19:1-19:66\"><strong>Internet:<\/strong>\u00a0Auch die Containerb\u00fcros verf\u00fcgen \u00fcber einen Internetzugang.<\/li>\n<li data-sourcepos=\"20:1-21:0\"><strong>M\u00f6bel:<\/strong> Container-B\u00fcros k\u00f6nnen mit M\u00f6beln nach Ihren W\u00fcnschen ausgestattet werden.<\/li>\n<\/ul>\n<p data-sourcepos=\"24:1-24:143\">Besuchen Sie unsere Website oder rufen Sie uns an, um ein kostenloses Angebot f\u00fcr Ihr PRO-CON Container Home Office zu erhalten.<\/p>\n<p data-sourcepos=\"26:1-26:200\">Genie\u00dfen Sie mit PRO-CON Container Home Office die Bequemlichkeit und Flexibilit\u00e4t des Arbeitens von zu Hause aus und arbeiten Sie gleichzeitig in einer professionellen und inspirierenden Umgebung.<\/p>\n<p data-sourcepos=\"26:1-26:200\"><strong>Fordern Sie noch heute ein kostenloses Angebot an und vermeiden Sie \u00e4hnliche Situationen!<\/strong><\/p>\n<p><iframe title=\"Kinder unterbrechen Interview mit BBC News - BBC News\" width=\"800\" height=\"450\" src=\"https:\/\/www.youtube.com\/embed\/Mh4f9AYRCZY?feature=oembed\" frameborder=\"0\" allow=\"accelerometer; autoplay; clipboard-write; encrypted-media; gyroscope; picture-in-picture; web-share\" referrerpolicy=\"strict-origin-when-cross-origin\" allowfullscreen><\/iframe><\/p>","protected":false},"excerpt":{"rendered":"<p>Das PRO-CON Container Home Office ist ein einzigartiger, moderner und komfortabler Arbeitsplatz f\u00fcr Ihren Garten. F\u00fcr die Installation ist keine Baugenehmigung erforderlich, die Gr\u00fcnfl\u00e4che auf dem Baugrundst\u00fcck wird nicht beeintr\u00e4chtigt und Sie m\u00fcssen nicht monatelang auf den Bau warten.<\/p>","protected":false},"featured_media":2465,"template":"","meta":{"_acf_changed":false},"product_brand":[],"product_cat":[28],"product_tag":[],"class_list":{"0":"post-2464","1":"product","2":"type-product","3":"status-publish","4":"has-post-thumbnail","6":"product_cat-kontener-epitmenyek","8":"first","9":"instock","10":"shipping-taxable","11":"product-type-simple"},"acf":[],"_links":{"self":[{"href":"https:\/\/pro-con.hu\/de\/wp-json\/wp\/v2\/product\/2464","targetHints":{"allow":["GET"]}}],"collection":[{"href":"https:\/\/pro-con.hu\/de\/wp-json\/wp\/v2\/product"}],"about":[{"href":"https:\/\/pro-con.hu\/de\/wp-json\/wp\/v2\/types\/product"}],"version-history":[{"count":6,"href":"https:\/\/pro-con.hu\/de\/wp-json\/wp\/v2\/product\/2464\/revisions"}],"predecessor-version":[{"id":2657,"href":"https:\/\/pro-con.hu\/de\/wp-json\/wp\/v2\/product\/2464\/revisions\/2657"}],"wp:featuredmedia":[{"embeddable":true,"href":"https:\/\/pro-con.hu\/de\/wp-json\/wp\/v2\/media\/2465"}],"wp:attachment":[{"href":"https:\/\/pro-con.hu\/de\/wp-json\/wp\/v2\/media?parent=2464"}],"wp:term":[{"taxonomy":"product_brand","embeddable":true,"href":"https:\/\/pro-con.hu\/de\/wp-json\/wp\/v2\/product_brand?post=2464"},{"taxonomy":"product_cat","embeddable":true,"href":"https:\/\/pro-con.hu\/de\/wp-json\/wp\/v2\/product_cat?post=2464"},{"taxonomy":"product_tag","embeddable":true,"href":"https:\/\/pro-con.hu\/de\/wp-json\/wp\/v2\/product_tag?post=2464"}],"curies":[{"name":"wp","href":"https:\/\/api.w.org\/{rel}","templated":true}]}}