{"id":2421,"date":"2024-04-19T11:56:44","date_gmt":"2024-04-19T11:56:44","guid":{"rendered":"https:\/\/pro-con.hu\/?post_type=product&#038;p=2421"},"modified":"2025-01-23T10:22:59","modified_gmt":"2025-01-23T08:22:59","slug":"pro-con-pool-40-kontener-medence","status":"publish","type":"product","link":"https:\/\/pro-con.hu\/de\/produkt\/pro-con-pool-40-kontener-medence\/","title":{"rendered":"PRO-CON POOL 40\u2032 Container-Pool"},"content":{"rendered":"<h2><b>PROCON POOL 40' Container-Pool<\/b><\/h2>\n<h3><b>Tauchen Sie ein in den Komfort!<\/b><\/h3>\n<p><b>Stellen Sie sich vor:<\/b><span style=\"font-weight: 400;\"> In Ihrem Garten k\u00f6nnen Sie im k\u00fchlen Wasser schwimmen, w\u00e4hrend die Sonne Ihr Gesicht streichelt. Der PROCON POOL 40' Containerpool l\u00e4sst Ihre Tr\u00e4ume vom bequemen und stilvollen Schwimmen zu Hause wahr werden.<\/span><\/p>\n<h3><b>Entdecken Sie die Vorteile des PROCON POOL 40' Containerbetts:<\/b><\/h3>\n<ul>\n<li style=\"font-weight: 400;\" aria-level=\"1\"><b>Schnelle Installation:<\/b><span style=\"font-weight: 400;\"> Die Installation des Pools dauert nur wenige Tage, so dass Sie schon bald in den Genuss des Wassers kommen werden.<\/span><\/li>\n<li aria-level=\"1\"><strong>Gr\u00fcnfl\u00e4chenanteil nicht reduziert!!!<\/strong><\/li>\n<li style=\"font-weight: 400;\" aria-level=\"1\"><b>Einfache Wartung:<\/b><span style=\"font-weight: 400;\"> Die Reinigung des Poolwassers ist einfach und bequem.<\/span><\/li>\n<li style=\"font-weight: 400;\" aria-level=\"1\"><b>Langlebigkeit:<\/b><span style=\"font-weight: 400;\"> Der Pool ist aus langlebigen Materialien gefertigt, so dass Sie viele Jahre Freude daran haben werden.<\/span><\/li>\n<li style=\"font-weight: 400;\" aria-level=\"1\"><b>Tragbarkeit:<\/b><span style=\"font-weight: 400;\"> Der Pool kann leicht bewegt werden, so dass Sie ihn \u00fcberallhin mitnehmen k\u00f6nnen.<\/span><\/li>\n<li style=\"font-weight: 400;\" aria-level=\"1\"><b>Elegantes Design:<\/b><span style=\"font-weight: 400;\"> Der Pool verleiht Ihrem Garten ein modernes und stilvolles Aussehen.<\/span><\/li>\n<\/ul>\n<h3><b>Der PROCON POOL 40' Containerpool ist ideal:<\/b><\/h3>\n<ul>\n<li style=\"font-weight: 400;\" aria-level=\"1\"><b>F\u00fcr Familien:<\/b><span style=\"font-weight: 400;\"> Der Pool bietet gen\u00fcgend Platz zum Schwimmen und Spielen mit der Familie.<\/span><\/li>\n<li style=\"font-weight: 400;\" aria-level=\"1\"><b>F\u00fcr Sportler:<\/b><span style=\"font-weight: 400;\"> Der Pool ist ideal zum Schwimmen und Trainieren.<\/span><\/li>\n<li style=\"font-weight: 400;\" aria-level=\"1\"><b>F\u00fcr diejenigen, die sich entspannen wollen:<\/b><span style=\"font-weight: 400;\"> Der Pool ist der perfekte Ort zum Entspannen und Abschalten.<\/span><\/li>\n<\/ul>\n<h3><b>Technische Daten des PROCON POOL 40' Containerpools:<\/b><\/h3>\n<ul>\n<li style=\"font-weight: 400;\" aria-level=\"1\"><b>Gr\u00f6\u00dfe:<\/b><span style=\"font-weight: 400;\">\u00a0 12 m x 2,44 m x 1,5 m<\/span><\/li>\n<li style=\"font-weight: 400;\" aria-level=\"1\"><b>Wassermenge:<\/b><span style=\"font-weight: 400;\"> ca. 14 000 Liter<\/span><\/li>\n<li style=\"font-weight: 400;\" aria-level=\"1\"><b>Filtersystem:<\/b><span style=\"font-weight: 400;\"> Sandfilter<\/span><\/li>\n<li style=\"font-weight: 400;\" aria-level=\"1\"><b>Heizung:<\/b><span style=\"font-weight: 400;\"> optional<\/span><\/li>\n<li style=\"font-weight: 400;\" aria-level=\"1\"><b>Lichter:<\/b><span style=\"font-weight: 400;\"> optional<\/span><\/li>\n<\/ul>\n<p><b>Kontaktieren Sie uns noch heute f\u00fcr ein kostenloses Angebot f\u00fcr Ihren PRO-CON POOL 40' Containerpool!<\/b><\/p>\n<p><b>Entscheiden Sie sich f\u00fcr den PROCON POOL Containerpool und tauchen Sie ein in den Komfort!<\/b><\/p>","protected":false},"excerpt":{"rendered":"<p>Die perfekte Wahl f\u00fcr komfortables und kompromissloses Schwimmen zu Hause!<\/p>","protected":false},"featured_media":2423,"template":"","meta":{"_acf_changed":false},"product_brand":[],"product_cat":[28,33],"product_tag":[],"class_list":{"0":"post-2421","1":"product","2":"type-product","3":"status-publish","4":"has-post-thumbnail","6":"product_cat-kontener-epitmenyek","7":"product_cat-kontener-medence","9":"first","10":"instock","11":"shipping-taxable","12":"product-type-simple"},"acf":[],"_links":{"self":[{"href":"https:\/\/pro-con.hu\/de\/wp-json\/wp\/v2\/product\/2421","targetHints":{"allow":["GET"]}}],"collection":[{"href":"https:\/\/pro-con.hu\/de\/wp-json\/wp\/v2\/product"}],"about":[{"href":"https:\/\/pro-con.hu\/de\/wp-json\/wp\/v2\/types\/product"}],"version-history":[{"count":10,"href":"https:\/\/pro-con.hu\/de\/wp-json\/wp\/v2\/product\/2421\/revisions"}],"predecessor-version":[{"id":3361,"href":"https:\/\/pro-con.hu\/de\/wp-json\/wp\/v2\/product\/2421\/revisions\/3361"}],"wp:featuredmedia":[{"embeddable":true,"href":"https:\/\/pro-con.hu\/de\/wp-json\/wp\/v2\/media\/2423"}],"wp:attachment":[{"href":"https:\/\/pro-con.hu\/de\/wp-json\/wp\/v2\/media?parent=2421"}],"wp:term":[{"taxonomy":"product_brand","embeddable":true,"href":"https:\/\/pro-con.hu\/de\/wp-json\/wp\/v2\/product_brand?post=2421"},{"taxonomy":"product_cat","embeddable":true,"href":"https:\/\/pro-con.hu\/de\/wp-json\/wp\/v2\/product_cat?post=2421"},{"taxonomy":"product_tag","embeddable":true,"href":"https:\/\/pro-con.hu\/de\/wp-json\/wp\/v2\/product_tag?post=2421"}],"curies":[{"name":"wp","href":"https:\/\/api.w.org\/{rel}","templated":true}]}}