{"id":2357,"date":"2024-04-19T09:04:57","date_gmt":"2024-04-19T09:04:57","guid":{"rendered":"https:\/\/pro-con.hu\/?post_type=product&#038;p=2357"},"modified":"2024-04-24T19:04:14","modified_gmt":"2024-04-24T17:04:14","slug":"pro-con-exreef-40-szigetelt-raktarkontener-ex-reefer","status":"publish","type":"product","link":"https:\/\/pro-con.hu\/de\/produkt\/pro-con-exreef-40-szigetelt-raktarkontener-ex-reefer\/","title":{"rendered":"PRO-CON EXREEF 40\u2032 isolierter Lagercontainer - ex K\u00fchlcontainer"},"content":{"rendered":"<h2><b>PROCON 40 Fu\u00df gebrauchter isolierter Lagercontainer <\/b><b>(ex-Referent)<\/b><\/h2>\n<h3><b>Die perfekte isolierte Aufbewahrung\u00a0<\/b><\/h3>\n<p><span style=\"font-weight: 400;\">PROCON bietet gebrauchte 40-Fu\u00df-Isoliercontainer (ex K\u00fchlcontainer) an, die die ideale Lagerl\u00f6sung f\u00fcr eine Vielzahl von Anforderungen darstellen. Ob Sie einen Container f\u00fcr die Lagerung, als Werkstatt, B\u00fcro oder sogar als Wohnraum ben\u00f6tigen, der 40-Fu\u00df-Isoliercontainer von PROCON ist die perfekte Wahl.<\/span><\/p>\n<h2><b>Warum einen PROCON 40-Fu\u00df-Isoliercontainer w\u00e4hlen?<\/b><\/h2>\n<ul>\n<li style=\"font-weight: 400;\" aria-level=\"1\"><b>Langlebig und zuverl\u00e4ssig:<\/b><span style=\"font-weight: 400;\"> Der Container ist aus hochwertigen Materialien gefertigt und h\u00e4lt extremen Witterungsbedingungen stand.<\/span><\/li>\n<li style=\"font-weight: 400;\" aria-level=\"1\"><b>Isoliert:<\/b><span style=\"font-weight: 400;\"> Die isolierten W\u00e4nde und das Dach des Containers halten die Innentemperatur aufrecht und sind daher ideal f\u00fcr die Lagerung temperaturempfindlicher Waren.<\/span><\/li>\n<li style=\"font-weight: 400;\" aria-level=\"1\"><b>Ger\u00e4umig:<\/b><span style=\"font-weight: 400;\"> Der Container ist 40 Fu\u00df lang und 8 Fu\u00df breit und bietet damit reichlich Stauraum.<\/span><\/li>\n<li style=\"font-weight: 400;\" aria-level=\"1\"><b>Es ist sicher:<\/b><span style=\"font-weight: 400;\"> Der Container ist mit abschlie\u00dfbaren T\u00fcren und Fenstern ausgestattet, so dass Sie Ihre Wertsachen darin sicher aufbewahren k\u00f6nnen.<\/span><\/li>\n<li style=\"font-weight: 400;\" aria-level=\"1\"><b>Vielseitig:<\/b><span style=\"font-weight: 400;\"> Der Container kann f\u00fcr eine Vielzahl von Zwecken verwendet werden, von der Lagerung bis zur Unterbringung.<\/span><\/li>\n<li style=\"font-weight: 400;\" aria-level=\"1\"><b>Einfach zu installieren:<\/b><span style=\"font-weight: 400;\"> Der Container kann \u00fcberall dort aufgestellt werden, wo ein ebener Boden vorhanden ist.<\/span><\/li>\n<li style=\"font-weight: 400;\" aria-level=\"1\"><b>Kosteng\u00fcnstig:<\/b><span style=\"font-weight: 400;\"> Ein Container ist eine kosteng\u00fcnstige Lagerl\u00f6sung, die eine langfristige Investition darstellt.<\/span><\/li>\n<\/ul>\n<h3><b>Der PROCON 40-Fu\u00df-Isoliercontainer ist ideal:<\/b><\/h3>\n<ul>\n<li style=\"font-weight: 400;\" aria-level=\"1\"><b>F\u00fcr Unternehmen:<\/b><span style=\"font-weight: 400;\"> Als Lager, B\u00fcro, Werkstatt oder sogar als Ausstellungsraum.<\/span><\/li>\n<li style=\"font-weight: 400;\" aria-level=\"1\"><b>F\u00fcr Privatpersonen:<\/b><span style=\"font-weight: 400;\"> Zur Aufbewahrung von M\u00f6beln, Werkzeugen oder saisonalen Artikeln.<\/span><\/li>\n<li style=\"font-weight: 400;\" aria-level=\"1\"><b>F\u00fcr Geb\u00e4ude:<\/b><span style=\"font-weight: 400;\"> Lagerung von Werkzeugen und Materialien.<\/span><\/li>\n<li style=\"font-weight: 400;\" aria-level=\"1\"><b>In Katastrophensituationen:<\/b><span style=\"font-weight: 400;\"> Als vor\u00fcbergehende Unterkunft.<\/span><\/li>\n<\/ul>\n<p><b>Der PROCON-Container bietet au\u00dferdem folgende Dienstleistungen an:<\/b><\/p>\n<ul>\n<li style=\"font-weight: 400;\" aria-level=\"1\"><span style=\"font-weight: 400;\">Versand<\/span><\/li>\n<li style=\"font-weight: 400;\" aria-level=\"1\"><span style=\"font-weight: 400;\">Einrichtung<\/span><\/li>\n<li style=\"font-weight: 400;\" aria-level=\"1\"><span style=\"font-weight: 400;\">Wartung<\/span><\/li>\n<li style=\"font-weight: 400;\" aria-level=\"1\"><span style=\"font-weight: 400;\">Sicherheitshinweise<\/span><\/li>\n<\/ul>\n<p><b>Kontaktieren Sie uns noch heute f\u00fcr ein kostenloses Angebot f\u00fcr einen PROCON 40 Fu\u00df Isoliercontainer!<\/b><\/p>\n<p><b>PROCON Container: Ihr zuverl\u00e4ssiger Container-Partner<\/b><\/p>","protected":false},"excerpt":{"rendered":"<p><b>PROCON 40 Fu\u00df gebrauchter isolierter (ex K\u00fchlcontainer) Container<\/b><\/p>","protected":false},"featured_media":2358,"template":"","meta":{"_acf_changed":false},"product_brand":[],"product_cat":[29],"product_tag":[],"class_list":{"0":"post-2357","1":"product","2":"type-product","3":"status-publish","4":"has-post-thumbnail","6":"product_cat-kontenerek-es-kiegeszitok","8":"first","9":"instock","10":"shipping-taxable","11":"product-type-simple"},"acf":[],"_links":{"self":[{"href":"https:\/\/pro-con.hu\/de\/wp-json\/wp\/v2\/product\/2357","targetHints":{"allow":["GET"]}}],"collection":[{"href":"https:\/\/pro-con.hu\/de\/wp-json\/wp\/v2\/product"}],"about":[{"href":"https:\/\/pro-con.hu\/de\/wp-json\/wp\/v2\/types\/product"}],"version-history":[{"count":5,"href":"https:\/\/pro-con.hu\/de\/wp-json\/wp\/v2\/product\/2357\/revisions"}],"predecessor-version":[{"id":2677,"href":"https:\/\/pro-con.hu\/de\/wp-json\/wp\/v2\/product\/2357\/revisions\/2677"}],"wp:featuredmedia":[{"embeddable":true,"href":"https:\/\/pro-con.hu\/de\/wp-json\/wp\/v2\/media\/2358"}],"wp:attachment":[{"href":"https:\/\/pro-con.hu\/de\/wp-json\/wp\/v2\/media?parent=2357"}],"wp:term":[{"taxonomy":"product_brand","embeddable":true,"href":"https:\/\/pro-con.hu\/de\/wp-json\/wp\/v2\/product_brand?post=2357"},{"taxonomy":"product_cat","embeddable":true,"href":"https:\/\/pro-con.hu\/de\/wp-json\/wp\/v2\/product_cat?post=2357"},{"taxonomy":"product_tag","embeddable":true,"href":"https:\/\/pro-con.hu\/de\/wp-json\/wp\/v2\/product_tag?post=2357"}],"curies":[{"name":"wp","href":"https:\/\/api.w.org\/{rel}","templated":true}]}}