{"id":2471,"date":"2024-04-19T14:01:15","date_gmt":"2024-04-19T14:01:15","guid":{"rendered":"https:\/\/pro-con.hu\/?post_type=product&#038;p=2471"},"modified":"2025-01-23T10:10:51","modified_gmt":"2025-01-23T08:10:51","slug":"pro-con-spa-20-kontener-szauna","status":"publish","type":"product","link":"https:\/\/pro-con.hu\/cs\/produkt\/pro-con-spa-20-kontener-szauna\/","title":{"rendered":"PRO-CON SPA 20' kontejnerov\u00e1 sauna"},"content":{"rendered":"<h2 data-sourcepos=\"1:1-1:64\">PRO-CON SPA 20' Kontejnerov\u00e1 sauna<\/h2>\n<h3 data-sourcepos=\"1:1-1:77\">S kontejnerovou saunou PRO-CON si m\u016f\u017eete saunov\u00e1n\u00ed u\u017e\u00edvat kdykoli!<\/h3>\n<p data-sourcepos=\"3:1-3:51\"><strong>P\u0159edstavujeme ide\u00e1ln\u00ed \u0159e\u0161en\u00ed pro ty, kte\u0159\u00ed:<\/strong><\/p>\n<ul data-sourcepos=\"5:1-9:0\">\n<li data-sourcepos=\"5:1-5:78\">Cht\u011bli by m\u00edt na zahrad\u011b saunu, ale necht\u011bj\u00ed instalovat pevnou konstrukci, nebo by to kv\u016fli pom\u011bru zelen\u011b ne\u0161lo.<\/li>\n<li data-sourcepos=\"7:1-7:63\">Hled\u00e1te saunu, jej\u00ed\u017e instalace je rychl\u00e1 a snadn\u00e1<\/li>\n<li data-sourcepos=\"8:1-9:0\">Na sv\u00e9 zahrad\u011b si p\u0159edstavuj\u00ed jedine\u010dnou a stylovou saunu.<\/li>\n<\/ul>\n<h3 data-sourcepos=\"10:1-10:30\"><strong>Sauny kontejneru PRO-CON:<\/strong><\/h3>\n<ul data-sourcepos=\"12:1-17:0\">\n<li data-sourcepos=\"12:1-12:137\"><strong>Jsou trvanliv\u00e9 a odoln\u00e9 v\u016f\u010di pov\u011btrnostn\u00edm vliv\u016fm:<\/strong>\u00a0Sauny jsou vyrobeny z vysoce kvalitn\u00edch materi\u00e1l\u016f a odol\u00e1vaj\u00ed extr\u00e9mn\u00edm pov\u011btrnostn\u00edm podm\u00ednk\u00e1m.<\/li>\n<li data-sourcepos=\"13:1-13:97\"><strong>Jejich instalace je rychl\u00e1:<\/strong>\u00a0Instalace sauny trv\u00e1 jen n\u011bkolik dn\u00ed.<\/li>\n<li data-sourcepos=\"15:1-15:106\"><strong>Jsou energeticky \u00fasporn\u00e9:<\/strong>\u00a0Sauny maj\u00ed vynikaj\u00edc\u00ed izolaci, tak\u017ee spot\u0159ebov\u00e1vaj\u00ed m\u00e9n\u011b energie.<\/li>\n<li data-sourcepos=\"16:1-17:0\"><strong>Mohou b\u00fdt individu\u00e1ln\u011b navr\u017eeny:<\/strong>\u00a0Sauny jsou navr\u017eeny podle va\u0161ich individu\u00e1ln\u00edch pot\u0159eb.<\/li>\n<\/ul>\n<h3 data-sourcepos=\"18:1-18:50\"><strong>Vyberte si z kontejnerov\u00fdch saun PRO-CON a:<\/strong><\/h3>\n<ul data-sourcepos=\"20:1-23:0\">\n<li data-sourcepos=\"20:1-20:147\"><strong>U\u017e\u00edvejte si mnoha zdrav\u00ed prosp\u011b\u0161n\u00fdch \u00fa\u010dink\u016f saunov\u00e1n\u00ed:<\/strong>\u00a0Saunov\u00e1n\u00ed zlep\u0161uje krevn\u00ed ob\u011bh, posiluje imunitn\u00ed syst\u00e9m a pom\u00e1h\u00e1 v boji proti stresu.<\/li>\n<li data-sourcepos=\"21:1-21:129\"><strong>Relaxujte a odpo\u010d\u00edvejte po n\u00e1ro\u010dn\u00e9m dni:<\/strong>\u00a0Sauna je skv\u011bl\u00fd zp\u016fsob, jak uvolnit nap\u011bt\u00ed a relaxovat.<\/li>\n<li data-sourcepos=\"22:1-23:0\"><strong>Str\u00e1vit \u010das s rodinou a p\u0159\u00e1teli:<\/strong>\u00a0Saunov\u00e1n\u00ed je skv\u011bl\u00fd zp\u016fsob, jak sbl\u00ed\u017eit sv\u00e9 bl\u00edzk\u00e9.<\/li>\n<\/ul>\n<p>Inspirativn\u00ed video:<\/p>\n<p><iframe title=\"Mobiln\u00ed l\u00e1ze\u0148sk\u00fd kontejner MLG LUX\" width=\"800\" height=\"450\" src=\"https:\/\/www.youtube.com\/embed\/Yg9P_KN7F_0?feature=oembed&#038;enablejsapi=1&#038;origin=https:\/\/pro-con.hu\" frameborder=\"0\" allow=\"accelerometer; autoplay; clipboard-write; encrypted-media; gyroscope; picture-in-picture; web-share\" referrerpolicy=\"strict-origin-when-cross-origin\" allowfullscreen><\/iframe><\/p>\n<p data-sourcepos=\"24:1-24:39\"><strong>Z\u00edskejte bezplatnou nab\u00eddku je\u0161t\u011b dnes a z\u00edskejte nab\u00eddku brzy<\/strong><strong>ukon\u010dit kontejner PRO-CON <\/strong><strong>va\u0161e sauna!<\/strong><\/p>","protected":false},"excerpt":{"rendered":"<p>Kontejnerov\u00e1 sauna z d\u00edlny PRO-CON. Navzdory sv\u00fdm mal\u00fdm rozm\u011br\u016fm m\u00e1 v\u0161e, co pot\u0159ebujete pro prvot\u0159\u00eddn\u00ed wellness z\u00e1\u017eitek.<\/p>","protected":false},"featured_media":2472,"template":"","meta":{"_acf_changed":false},"product_brand":[],"product_cat":[28],"product_tag":[],"class_list":{"0":"post-2471","1":"product","2":"type-product","3":"status-publish","4":"has-post-thumbnail","6":"product_cat-kontener-epitmenyek","8":"first","9":"instock","10":"shipping-taxable","11":"product-type-simple"},"acf":[],"_links":{"self":[{"href":"https:\/\/pro-con.hu\/cs\/wp-json\/wp\/v2\/product\/2471","targetHints":{"allow":["GET"]}}],"collection":[{"href":"https:\/\/pro-con.hu\/cs\/wp-json\/wp\/v2\/product"}],"about":[{"href":"https:\/\/pro-con.hu\/cs\/wp-json\/wp\/v2\/types\/product"}],"version-history":[{"count":10,"href":"https:\/\/pro-con.hu\/cs\/wp-json\/wp\/v2\/product\/2471\/revisions"}],"predecessor-version":[{"id":2480,"href":"https:\/\/pro-con.hu\/cs\/wp-json\/wp\/v2\/product\/2471\/revisions\/2480"}],"wp:featuredmedia":[{"embeddable":true,"href":"https:\/\/pro-con.hu\/cs\/wp-json\/wp\/v2\/media\/2472"}],"wp:attachment":[{"href":"https:\/\/pro-con.hu\/cs\/wp-json\/wp\/v2\/media?parent=2471"}],"wp:term":[{"taxonomy":"product_brand","embeddable":true,"href":"https:\/\/pro-con.hu\/cs\/wp-json\/wp\/v2\/product_brand?post=2471"},{"taxonomy":"product_cat","embeddable":true,"href":"https:\/\/pro-con.hu\/cs\/wp-json\/wp\/v2\/product_cat?post=2471"},{"taxonomy":"product_tag","embeddable":true,"href":"https:\/\/pro-con.hu\/cs\/wp-json\/wp\/v2\/product_tag?post=2471"}],"curies":[{"name":"wp","href":"https:\/\/api.w.org\/{rel}","templated":true}]}}