{"id":2357,"date":"2024-04-19T09:04:57","date_gmt":"2024-04-19T09:04:57","guid":{"rendered":"https:\/\/pro-con.hu\/?post_type=product&#038;p=2357"},"modified":"2024-04-24T19:04:14","modified_gmt":"2024-04-24T17:04:14","slug":"pro-con-exreef-40-szigetelt-raktarkontener-ex-reefer","status":"publish","type":"product","link":"https:\/\/pro-con.hu\/cs\/produkt\/pro-con-exreef-40-szigetelt-raktarkontener-ex-reefer\/","title":{"rendered":"Izolovan\u00fd skladovac\u00ed kontejner PRO-CON EXREEF 40' - ex reefer"},"content":{"rendered":"<h2><b>PROCON 40 stop pou\u017eit\u00fd izolovan\u00fd skladovac\u00ed kontejner <\/b><b>(b\u00fdval\u00fd chlad\u00edrensk\u00fd v\u016fz)<\/b><\/h2>\n<h3><b>Dokonal\u00e9 izolovan\u00e9 \u00falo\u017ei\u0161t\u011b\u00a0<\/b><\/h3>\n<p><span style=\"font-weight: 400;\">Spole\u010dnost PROCON nab\u00edz\u00ed 40 stop dlouh\u00e9 pou\u017eit\u00e9 izolovan\u00e9 kontejnery (b\u00fdval\u00e9 chlad\u00edrensk\u00e9), kter\u00e9 p\u0159edstavuj\u00ed ide\u00e1ln\u00ed \u0159e\u0161en\u00ed pro skladov\u00e1n\u00ed nejr\u016fzn\u011bj\u0161\u00edch pot\u0159eb. A\u0165 u\u017e pot\u0159ebujete kontejner pro skladov\u00e1n\u00ed, jako d\u00edlnu, kancel\u00e1\u0159 nebo dokonce jako obytn\u00fd prostor, 40stop\u00fd izolovan\u00fd kontejner spole\u010dnosti PROCON je ide\u00e1ln\u00ed volbou.<\/span><\/p>\n<h2><b>Pro\u010d si vybrat 40stop\u00fd izolovan\u00fd kontejner PROCON?<\/b><\/h2>\n<ul>\n<li style=\"font-weight: 400;\" aria-level=\"1\"><b>Odoln\u00e9 a spolehliv\u00e9:<\/b><span style=\"font-weight: 400;\"> Kontejner je vyroben z vysoce kvalitn\u00edch materi\u00e1l\u016f a je odoln\u00fd v\u016f\u010di extr\u00e9mn\u00edm pov\u011btrnostn\u00edm podm\u00ednk\u00e1m.<\/span><\/li>\n<li style=\"font-weight: 400;\" aria-level=\"1\"><b>Izolovan\u00e9:<\/b><span style=\"font-weight: 400;\"> Izolovan\u00e9 st\u011bny a st\u0159echa kontejneru udr\u017euj\u00ed vnit\u0159n\u00ed teplotu, tak\u017ee je ide\u00e1ln\u00ed pro skladov\u00e1n\u00ed zbo\u017e\u00ed citliv\u00e9ho na teplotu.<\/span><\/li>\n<li style=\"font-weight: 400;\" aria-level=\"1\"><b>Prostorn\u00e9:<\/b><span style=\"font-weight: 400;\"> Kontejner je 40 stop dlouh\u00fd a 8 stop \u0161irok\u00fd, tak\u017ee poskytuje dostatek \u00falo\u017en\u00e9ho prostoru.<\/span><\/li>\n<li style=\"font-weight: 400;\" aria-level=\"1\"><b>Je bezpe\u010dn\u00fd:<\/b><span style=\"font-weight: 400;\"> Kontejner je vybaven uzamykateln\u00fdmi dve\u0159mi a okny, tak\u017ee do n\u011bj m\u016f\u017eete bezpe\u010dn\u011b ulo\u017eit sv\u00e9 cennosti.<\/span><\/li>\n<li style=\"font-weight: 400;\" aria-level=\"1\"><b>V\u0161estrannost:<\/b><span style=\"font-weight: 400;\"> Kontejner lze pou\u017e\u00edt k nejr\u016fzn\u011bj\u0161\u00edm \u00fa\u010del\u016fm, od skladov\u00e1n\u00ed a\u017e po bydlen\u00ed.<\/span><\/li>\n<li style=\"font-weight: 400;\" aria-level=\"1\"><b>Snadn\u00e1 instalace:<\/b><span style=\"font-weight: 400;\"> Kontejner lze snadno instalovat kdekoli, kde je rovn\u00fd ter\u00e9n.<\/span><\/li>\n<li style=\"font-weight: 400;\" aria-level=\"1\"><b>N\u00e1kladov\u011b efektivn\u00ed:<\/b><span style=\"font-weight: 400;\"> Kontejner je n\u00e1kladov\u011b efektivn\u00ed \u0159e\u0161en\u00ed skladov\u00e1n\u00ed, kter\u00e9 je dlouhodobou investic\u00ed.<\/span><\/li>\n<\/ul>\n<h3><b>Ide\u00e1ln\u00ed je 40stop\u00fd izolovan\u00fd kontejner PROCON:<\/b><\/h3>\n<ul>\n<li style=\"font-weight: 400;\" aria-level=\"1\"><b>Pro podniky:<\/b><span style=\"font-weight: 400;\"> Pro skladov\u00e1n\u00ed, kancel\u00e1\u0159, d\u00edlnu nebo i jako showroom.<\/span><\/li>\n<li style=\"font-weight: 400;\" aria-level=\"1\"><b>Pro soukrom\u00e9 osoby:<\/b><span style=\"font-weight: 400;\"> K uskladn\u011bn\u00ed n\u00e1bytku, n\u00e1\u0159ad\u00ed nebo sez\u00f3nn\u00edch p\u0159edm\u011bt\u016f.<\/span><\/li>\n<li style=\"font-weight: 400;\" aria-level=\"1\"><b>Pro budovy:<\/b><span style=\"font-weight: 400;\"> Skladov\u00e1n\u00ed n\u00e1stroj\u016f a materi\u00e1l\u016f.<\/span><\/li>\n<li style=\"font-weight: 400;\" aria-level=\"1\"><b>V p\u0159\u00edpad\u011b katastrof:<\/b><span style=\"font-weight: 400;\"> Jako do\u010dasn\u00e9 ubytov\u00e1n\u00ed.<\/span><\/li>\n<\/ul>\n<p><b>Kontejner PROCON nab\u00edz\u00ed tak\u00e9 n\u00e1sleduj\u00edc\u00ed slu\u017eby:<\/b><\/p>\n<ul>\n<li style=\"font-weight: 400;\" aria-level=\"1\"><span style=\"font-weight: 400;\">P\u0159eprava<\/span><\/li>\n<li style=\"font-weight: 400;\" aria-level=\"1\"><span style=\"font-weight: 400;\">Instalace<\/span><\/li>\n<li style=\"font-weight: 400;\" aria-level=\"1\"><span style=\"font-weight: 400;\">\u00dadr\u017eba<\/span><\/li>\n<li style=\"font-weight: 400;\" aria-level=\"1\"><span style=\"font-weight: 400;\">Bezpe\u010dnostn\u00ed rady<\/span><\/li>\n<\/ul>\n<p><b>Kontaktujte n\u00e1s je\u0161t\u011b dnes a z\u00edskejte bezplatnou nab\u00eddku na 40stop\u00fd izolovan\u00fd kontejner PROCON!<\/b><\/p>\n<p><b>PROCON Container: v\u00e1\u0161 spolehliv\u00fd kontejnerov\u00fd partner<\/b><\/p>","protected":false},"excerpt":{"rendered":"<p><b>PROCON 40 stop pou\u017eit\u00fd izolovan\u00fd (b\u00fdval\u00fd chlad\u00edrensk\u00fd) kontejner<\/b><\/p>","protected":false},"featured_media":2358,"template":"","meta":{"_acf_changed":false},"product_brand":[],"product_cat":[29],"product_tag":[],"class_list":{"0":"post-2357","1":"product","2":"type-product","3":"status-publish","4":"has-post-thumbnail","6":"product_cat-kontenerek-es-kiegeszitok","8":"first","9":"instock","10":"shipping-taxable","11":"product-type-simple"},"acf":[],"_links":{"self":[{"href":"https:\/\/pro-con.hu\/cs\/wp-json\/wp\/v2\/product\/2357","targetHints":{"allow":["GET"]}}],"collection":[{"href":"https:\/\/pro-con.hu\/cs\/wp-json\/wp\/v2\/product"}],"about":[{"href":"https:\/\/pro-con.hu\/cs\/wp-json\/wp\/v2\/types\/product"}],"version-history":[{"count":5,"href":"https:\/\/pro-con.hu\/cs\/wp-json\/wp\/v2\/product\/2357\/revisions"}],"predecessor-version":[{"id":2677,"href":"https:\/\/pro-con.hu\/cs\/wp-json\/wp\/v2\/product\/2357\/revisions\/2677"}],"wp:featuredmedia":[{"embeddable":true,"href":"https:\/\/pro-con.hu\/cs\/wp-json\/wp\/v2\/media\/2358"}],"wp:attachment":[{"href":"https:\/\/pro-con.hu\/cs\/wp-json\/wp\/v2\/media?parent=2357"}],"wp:term":[{"taxonomy":"product_brand","embeddable":true,"href":"https:\/\/pro-con.hu\/cs\/wp-json\/wp\/v2\/product_brand?post=2357"},{"taxonomy":"product_cat","embeddable":true,"href":"https:\/\/pro-con.hu\/cs\/wp-json\/wp\/v2\/product_cat?post=2357"},{"taxonomy":"product_tag","embeddable":true,"href":"https:\/\/pro-con.hu\/cs\/wp-json\/wp\/v2\/product_tag?post=2357"}],"curies":[{"name":"wp","href":"https:\/\/api.w.org\/{rel}","templated":true}]}}